{"id":23136,"date":"2024-07-30T10:46:30","date_gmt":"2024-07-30T10:46:30","guid":{"rendered":"https:\/\/flakhobby.com\/?post_type=product&#038;p=23136"},"modified":"2024-07-30T10:47:44","modified_gmt":"2024-07-30T10:47:44","slug":"flat-varnish","status":"publish","type":"product","link":"https:\/\/flakhobby.com\/sr\/\u043f\u0440\u043e\u0438\u0437\u0432\u043e\u0434\/flat-varnish\/","title":{"rendered":"Flat Varnish"},"content":{"rendered":"<p>Akrilni MAT lak na <em>lacquer <\/em>osnovi.<\/p>\n<p>Odli\u010dan za nano\u0161enje airburshem i trpi sve vrste <em>weathering <\/em>proizvoda. Za razre\u0111ivanje se koristi isti razre\u0111iva\u010d kao i za Real Colors boje &#8211; RC701 i RC702 High Compatibility Thinner, ali ga je mogu\u0107e razre\u0111ivati i sa Mr. Color i Tamiya Lacquer (\u017euti \u010dep) razre\u0111iva\u010dima.<\/p>","protected":false},"excerpt":{"rendered":"<p>Akrilna boja na\u00a0<em>lacquer\u00a0<\/em>osnovi \u2013 17mL<\/p>","protected":false},"featured_media":23138,"template":"","meta":[],"product_brand":[],"product_cat":[339,603,358,363],"product_tag":[],"class_list":{"0":"post-23136","1":"product","2":"type-product","3":"status-publish","4":"has-post-thumbnail","6":"product_cat-boje-i-razredivaci","7":"product_cat-ak-interactive-real-colors-17ml","8":"product_cat-maketarski-alat-i-pribor","9":"product_cat-lakovi","11":"first","12":"instock","13":"shipping-taxable","14":"purchasable","15":"product-type-simple"},"_links":{"self":[{"href":"https:\/\/flakhobby.com\/sr\/wp-json\/wp\/v2\/product\/23136","targetHints":{"allow":["GET"]}}],"collection":[{"href":"https:\/\/flakhobby.com\/sr\/wp-json\/wp\/v2\/product"}],"about":[{"href":"https:\/\/flakhobby.com\/sr\/wp-json\/wp\/v2\/types\/product"}],"version-history":[{"count":2,"href":"https:\/\/flakhobby.com\/sr\/wp-json\/wp\/v2\/product\/23136\/revisions"}],"predecessor-version":[{"id":23140,"href":"https:\/\/flakhobby.com\/sr\/wp-json\/wp\/v2\/product\/23136\/revisions\/23140"}],"wp:featuredmedia":[{"embeddable":true,"href":"https:\/\/flakhobby.com\/sr\/wp-json\/wp\/v2\/media\/23138"}],"wp:attachment":[{"href":"https:\/\/flakhobby.com\/sr\/wp-json\/wp\/v2\/media?parent=23136"}],"wp:term":[{"taxonomy":"product_brand","embeddable":true,"href":"https:\/\/flakhobby.com\/sr\/wp-json\/wp\/v2\/product_brand?post=23136"},{"taxonomy":"product_cat","embeddable":true,"href":"https:\/\/flakhobby.com\/sr\/wp-json\/wp\/v2\/product_cat?post=23136"},{"taxonomy":"product_tag","embeddable":true,"href":"https:\/\/flakhobby.com\/sr\/wp-json\/wp\/v2\/product_tag?post=23136"}],"curies":[{"name":"wp","href":"https:\/\/api.w.org\/{rel}","templated":true}]}}