{"id":21820,"date":"2024-04-16T12:20:12","date_gmt":"2024-04-16T12:20:12","guid":{"rendered":"https:\/\/flakhobby.com\/?post_type=product&#038;p=21820"},"modified":"2026-02-11T20:57:26","modified_gmt":"2026-02-11T19:57:26","slug":"1-72-mig-29-fulcrum-a-9-12-late-type","status":"publish","type":"product","link":"https:\/\/flakhobby.com\/sr\/\u043f\u0440\u043e\u0438\u0437\u0432\u043e\u0434\/1-72-mig-29-fulcrum-a-9-12-late-type\/","title":{"rendered":"1\/72 &#8211; MiG-29 Fulcrum-A 9-12 Late Type"},"content":{"rendered":"<p>Oznake:<\/p>\n<h5>Mikoyan MiG-29A Fulcrum-A (Izdeliye 9.12)<\/h5>\n<h6><img decoding=\"async\" title=\"YU\" src=\"https:\/\/www.scalemates.com\/s\/images\/flags7\/32\/YU.png\" alt=\"YU\" width=\"16\" height=\"16\" \/> Jugoslovensko Ratno Vazduhoplovstvo<span class=\"nw\"> (Yugoslav Air Force 1945-1992)<\/span><\/h6>\n<ul class=\"ut\">\n<li class=\"dc p05\"><strong>204 Brig., 127 Sqn. Knights<\/strong> <span class=\"nw bgd\">18112<\/span> <span class=\"nw bgn\">112<\/span><br \/>\nBatajnica AB<br \/>\n<a class=\"nw w4 pf\" title=\"\" href=\"https:\/\/www.scalemates.com\/colors\/colorchip.php?id=2222\" rel=\"nofollow noopener\" target=\"_blank\">RLM65<\/a> <a class=\"nw w4 pf\" title=\"\" href=\"https:\/\/www.scalemates.com\/colors\/colorchip.php?id=1749\" rel=\"nofollow noopener\" target=\"_blank\">FS36440<\/a>+20% green<\/li>\n<\/ul>\n<h6><img decoding=\"async\" title=\"CSK\" src=\"https:\/\/www.scalemates.com\/s\/images\/flags7\/32\/CSK.png\" alt=\"CSK\" width=\"16\" height=\"16\" \/> \u010ceskoslovensk\u00e9 vojensk\u00e9 letectvo<span class=\"nw\"> (Czechoslovak Air Force 1940-1993)<\/span><\/h6>\n<ul class=\"ut\">\n<li class=\"dc p05\"><strong>1 Sqn Tiger<\/strong> <span class=\"nw bgn\">7702<\/span><br \/>\n<span class=\"nw bgb\">1993<\/span> <img decoding=\"async\" title=\"CZ\" src=\"https:\/\/www.scalemates.com\/s\/images\/flags7\/32\/CZ.png\" alt=\"CZ\" width=\"16\" height=\"16\" \/><br \/>\n<a class=\"nw w4 pf\" title=\"\" href=\"https:\/\/www.scalemates.com\/colors\/colorchip.php?id=2222\" rel=\"nofollow noopener\" target=\"_blank\">RLM65<\/a> <a class=\"nw w4 pf\" title=\"\" href=\"https:\/\/www.scalemates.com\/colors\/colorchip.php?id=1642\" rel=\"nofollow noopener\" target=\"_blank\">FS34079<\/a> BS381C, 450 grey green Brown<\/li>\n<\/ul>\n<h6><img loading=\"lazy\" decoding=\"async\" title=\"DD\" src=\"https:\/\/www.scalemates.com\/s\/images\/flags7\/32\/DD.png\" alt=\"DD\" width=\"16\" height=\"16\" \/> Luftstreitkr\u00e4fte der NVA<span class=\"nw\"> (East German Air Force 1956-1990)<\/span><\/h6>\n<ul class=\"ut\">\n<li class=\"dc p05\"><strong>JG 3<\/strong> <span class=\"nw bgn\">679<\/span><br \/>\n<span class=\"nw bgb\">1990<\/span><br \/>\n<a class=\"nw w4 pf\" title=\"\" href=\"https:\/\/www.scalemates.com\/colors\/colorchip.php?id=2222\" rel=\"nofollow noopener\" target=\"_blank\">RLM65<\/a> <a class=\"nw w4 pf\" title=\"\" href=\"https:\/\/www.scalemates.com\/colors\/colorchip.php?id=1642\" rel=\"nofollow noopener\" target=\"_blank\">FS34079<\/a> <a class=\"nw w4 pf\" title=\"\" href=\"https:\/\/www.scalemates.com\/colors\/colorchip.php?id=2240\" rel=\"nofollow noopener\" target=\"_blank\">RLM82<\/a> Tan Duck egg green<\/li>\n<\/ul>\n<h6><img loading=\"lazy\" decoding=\"async\" title=\"IR\" src=\"https:\/\/www.scalemates.com\/s\/images\/flags7\/32\/IR.png\" alt=\"IR\" width=\"16\" height=\"16\" \/> \u0646\u06cc\u0631\u0648\u06cc \u0647\u0648\u0627\u06cc\u06cc \u0627\u0631\u062a\u0634 \u062c\u0645\u0647\u0648\u0631\u06cc \u0627\u0633\u0644\u0627\u0645\u06cc \u0627\u06cc\u0631\u0627\u0646<span class=\"nw\"> (Islamic Republic of Iran Air Force 1979-now)<\/span><\/h6>\n<ul class=\"ut\">\n<li class=\"dc p05\"><strong>1 Tactical Fighter Sqn.<\/strong> <span class=\"nw bgd\">3-6117<\/span><br \/>\n<span class=\"nw bgb\">2015<\/span> &#8211; Teheran-Mehrabad<br \/>\nAir Superiority Blue Tan+20%White+10%<a class=\"nw w4 pf\" title=\"\" href=\"https:\/\/www.scalemates.com\/colors\/colorchip.php?id=1735\" rel=\"nofollow noopener\" target=\"_blank\">FS36270<\/a><\/li>\n<\/ul>\n<h6><img loading=\"lazy\" decoding=\"async\" title=\"RU\" src=\"https:\/\/www.scalemates.com\/s\/images\/flags7\/32\/RU.png\" alt=\"RU\" width=\"16\" height=\"16\" \/> \u0412\u043e\u0435\u043d\u043d\u043e-\u0432\u043e\u0437\u0434\u0443\u0448\u043d\u044b\u0435 \u0441\u0438\u043b\u044b \u0420\u043e\u0441\u0441\u0438\u0438<span class=\"nw\"> (Russian Air Force 1992-2015)<\/span><\/h6>\n<ul class=\"ut\">\n<li class=\"dc p05\"><strong>20 IAD\/404 IAP\/Sqn. 1, Orlovka AB, Far Eastern DO<\/strong> <span class=\"nw bgn\">44<\/span><br \/>\nOriovka<br \/>\n<a class=\"nw w4 pf\" title=\"\" href=\"https:\/\/www.scalemates.com\/colors\/colorchip.php?id=2222\" rel=\"nofollow noopener\" target=\"_blank\">RLM65<\/a> <a class=\"nw w4 pf\" title=\"\" href=\"https:\/\/www.scalemates.com\/colors\/colorchip.php?id=1749\" rel=\"nofollow noopener\" target=\"_blank\">FS36440<\/a>+20% green<\/li>\n<\/ul>\n<h6><img loading=\"lazy\" decoding=\"async\" title=\"SY\" src=\"https:\/\/www.scalemates.com\/s\/images\/flags7\/32\/SY.png\" alt=\"SY\" width=\"16\" height=\"16\" \/> \u0627\u0644\u0642\u0648\u0627\u062a \u0627\u0644\u062c\u0648\u064a\u0629 \u0627\u0644\u0639\u0631\u0628\u064a\u0629 \u0627\u0644\u0633\u0648\u0631\u064a\u0629<span class=\"nw\"> (Syrian Arab Air Force 1948-now)<\/span><\/h6>\n<ul class=\"ut\">\n<li class=\"dc p05\"><strong>699 Sqn.<\/strong> <span class=\"nw bgn\">67<\/span><br \/>\nSayqual<br \/>\n<a class=\"nw w4 pf\" title=\"Light Ghost Grey\" href=\"https:\/\/www.scalemates.com\/colors\/colorchip.php?id=1745\" rel=\"nofollow noopener\" target=\"_blank\">FS36375<\/a> <a class=\"nw w4 pf\" title=\"\" href=\"https:\/\/www.scalemates.com\/colors\/colorchip.php?id=1749\" rel=\"nofollow noopener\" target=\"_blank\">FS36440<\/a>+20% green<\/li>\n<\/ul>","protected":false},"excerpt":{"rendered":"<p>Sadr\u017ei:<\/p>\n<ul>\n<li>Plasti\u010dna maketa &#8211; 1\/72<\/li>\n<li>Dekali<\/li>\n<li>Sastavnica<\/li>\n<\/ul>","protected":false},"featured_media":21821,"template":"","meta":[],"product_brand":[],"product_cat":[15,329],"product_tag":[],"class_list":{"0":"post-21820","1":"product","2":"type-product","3":"status-publish","4":"has-post-thumbnail","6":"product_cat-plasticne-makete","7":"product_cat-vojni-avioni-i-helikopteri","8":"pa_brand-greatwallhobby","10":"first","11":"instock","12":"shipping-taxable","13":"purchasable","14":"product-type-simple"},"_links":{"self":[{"href":"https:\/\/flakhobby.com\/sr\/wp-json\/wp\/v2\/product\/21820","targetHints":{"allow":["GET"]}}],"collection":[{"href":"https:\/\/flakhobby.com\/sr\/wp-json\/wp\/v2\/product"}],"about":[{"href":"https:\/\/flakhobby.com\/sr\/wp-json\/wp\/v2\/types\/product"}],"version-history":[{"count":4,"href":"https:\/\/flakhobby.com\/sr\/wp-json\/wp\/v2\/product\/21820\/revisions"}],"predecessor-version":[{"id":28979,"href":"https:\/\/flakhobby.com\/sr\/wp-json\/wp\/v2\/product\/21820\/revisions\/28979"}],"wp:featuredmedia":[{"embeddable":true,"href":"https:\/\/flakhobby.com\/sr\/wp-json\/wp\/v2\/media\/21821"}],"wp:attachment":[{"href":"https:\/\/flakhobby.com\/sr\/wp-json\/wp\/v2\/media?parent=21820"}],"wp:term":[{"taxonomy":"product_brand","embeddable":true,"href":"https:\/\/flakhobby.com\/sr\/wp-json\/wp\/v2\/product_brand?post=21820"},{"taxonomy":"product_cat","embeddable":true,"href":"https:\/\/flakhobby.com\/sr\/wp-json\/wp\/v2\/product_cat?post=21820"},{"taxonomy":"product_tag","embeddable":true,"href":"https:\/\/flakhobby.com\/sr\/wp-json\/wp\/v2\/product_tag?post=21820"}],"curies":[{"name":"wp","href":"https:\/\/api.w.org\/{rel}","templated":true}]}}