{"id":21785,"date":"2024-04-15T15:50:30","date_gmt":"2024-04-15T15:50:30","guid":{"rendered":"https:\/\/flakhobby.com\/?post_type=product&#038;p=21785"},"modified":"2025-10-05T21:37:40","modified_gmt":"2025-10-05T21:37:40","slug":"set-hobi-nozica-4-kom","status":"publish","type":"product","link":"https:\/\/flakhobby.com\/sr\/\u043f\u0440\u043e\u0438\u0437\u0432\u043e\u0434\/set-hobi-nozica-4-kom\/","title":{"rendered":"Set hobi no\u017ei\u0107a &#8211; 4 kom"},"content":{"rendered":"","protected":false},"excerpt":{"rendered":"<p>Hobi no\u017ei\u0107i:<\/p>\n<ul>\n<li>Ravni 11P<\/li>\n<li>Zaobljeni 15<\/li>\n<li>Veliki zaboljeni 20<\/li>\n<li>sa kukicom SC<\/li>\n<\/ul>","protected":false},"featured_media":21786,"template":"","meta":[],"product_brand":[],"product_cat":[358,367],"product_tag":[],"class_list":{"0":"post-21785","1":"product","2":"type-product","3":"status-publish","4":"has-post-thumbnail","6":"product_cat-maketarski-alat-i-pribor","7":"product_cat-rucni-alat-smirgle-konac-za-rigging","8":"pa_brand-ammo","10":"first","11":"instock","12":"shipping-taxable","13":"purchasable","14":"product-type-simple"},"_links":{"self":[{"href":"https:\/\/flakhobby.com\/sr\/wp-json\/wp\/v2\/product\/21785","targetHints":{"allow":["GET"]}}],"collection":[{"href":"https:\/\/flakhobby.com\/sr\/wp-json\/wp\/v2\/product"}],"about":[{"href":"https:\/\/flakhobby.com\/sr\/wp-json\/wp\/v2\/types\/product"}],"version-history":[{"count":1,"href":"https:\/\/flakhobby.com\/sr\/wp-json\/wp\/v2\/product\/21785\/revisions"}],"predecessor-version":[{"id":21787,"href":"https:\/\/flakhobby.com\/sr\/wp-json\/wp\/v2\/product\/21785\/revisions\/21787"}],"wp:featuredmedia":[{"embeddable":true,"href":"https:\/\/flakhobby.com\/sr\/wp-json\/wp\/v2\/media\/21786"}],"wp:attachment":[{"href":"https:\/\/flakhobby.com\/sr\/wp-json\/wp\/v2\/media?parent=21785"}],"wp:term":[{"taxonomy":"product_brand","embeddable":true,"href":"https:\/\/flakhobby.com\/sr\/wp-json\/wp\/v2\/product_brand?post=21785"},{"taxonomy":"product_cat","embeddable":true,"href":"https:\/\/flakhobby.com\/sr\/wp-json\/wp\/v2\/product_cat?post=21785"},{"taxonomy":"product_tag","embeddable":true,"href":"https:\/\/flakhobby.com\/sr\/wp-json\/wp\/v2\/product_tag?post=21785"}],"curies":[{"name":"wp","href":"https:\/\/api.w.org\/{rel}","templated":true}]}}