{"id":21771,"date":"2024-04-15T15:46:48","date_gmt":"2024-04-15T15:46:48","guid":{"rendered":"https:\/\/flakhobby.com\/?post_type=product&#038;p=21771"},"modified":"2024-04-15T15:46:49","modified_gmt":"2024-04-15T15:46:49","slug":"ravni-nozic-4kom","status":"publish","type":"product","link":"https:\/\/flakhobby.com\/sr\/\u043f\u0440\u043e\u0438\u0437\u0432\u043e\u0434\/ravni-nozic-4kom\/","title":{"rendered":"Ravni no\u017ei\u0107 &#8211; 4kom"},"content":{"rendered":"<p>Hobi no\u017ei\u0107 za plastiku &#8211; ravan 11P<\/p>","protected":false},"excerpt":{"rendered":"<p>Hobi no\u017ei\u0107 za plastiku &#8211; ravan 11P<\/p>","protected":false},"featured_media":21772,"template":"","meta":[],"product_brand":[],"product_cat":[358,367],"product_tag":[],"class_list":{"0":"post-21771","1":"product","2":"type-product","3":"status-publish","4":"has-post-thumbnail","6":"product_cat-maketarski-alat-i-pribor","7":"product_cat-rucni-alat-smirgle-konac-za-rigging","8":"pa_brand-ammo","10":"first","11":"instock","12":"shipping-taxable","13":"purchasable","14":"product-type-simple"},"_links":{"self":[{"href":"https:\/\/flakhobby.com\/sr\/wp-json\/wp\/v2\/product\/21771","targetHints":{"allow":["GET"]}}],"collection":[{"href":"https:\/\/flakhobby.com\/sr\/wp-json\/wp\/v2\/product"}],"about":[{"href":"https:\/\/flakhobby.com\/sr\/wp-json\/wp\/v2\/types\/product"}],"version-history":[{"count":2,"href":"https:\/\/flakhobby.com\/sr\/wp-json\/wp\/v2\/product\/21771\/revisions"}],"predecessor-version":[{"id":21774,"href":"https:\/\/flakhobby.com\/sr\/wp-json\/wp\/v2\/product\/21771\/revisions\/21774"}],"wp:featuredmedia":[{"embeddable":true,"href":"https:\/\/flakhobby.com\/sr\/wp-json\/wp\/v2\/media\/21772"}],"wp:attachment":[{"href":"https:\/\/flakhobby.com\/sr\/wp-json\/wp\/v2\/media?parent=21771"}],"wp:term":[{"taxonomy":"product_brand","embeddable":true,"href":"https:\/\/flakhobby.com\/sr\/wp-json\/wp\/v2\/product_brand?post=21771"},{"taxonomy":"product_cat","embeddable":true,"href":"https:\/\/flakhobby.com\/sr\/wp-json\/wp\/v2\/product_cat?post=21771"},{"taxonomy":"product_tag","embeddable":true,"href":"https:\/\/flakhobby.com\/sr\/wp-json\/wp\/v2\/product_tag?post=21771"}],"curies":[{"name":"wp","href":"https:\/\/api.w.org\/{rel}","templated":true}]}}