{"id":21767,"date":"2024-04-15T15:44:33","date_gmt":"2024-04-15T15:44:33","guid":{"rendered":"https:\/\/flakhobby.com\/?post_type=product&#038;p=21767"},"modified":"2024-04-15T15:44:33","modified_gmt":"2024-04-15T15:44:33","slug":"nerdajuci-lageri-za-mesanje-boje","status":"publish","type":"product","link":"https:\/\/flakhobby.com\/sr\/\u043f\u0440\u043e\u0438\u0437\u0432\u043e\u0434\/nerdajuci-lageri-za-mesanje-boje\/","title":{"rendered":"Ner\u0111aju\u0107i lageri za me\u0161anje boje"},"content":{"rendered":"","protected":false},"excerpt":{"rendered":"<p>Ner\u0111aju\u0107i \u010deli\u010dni lageri za me\u0161anje boje &#8211; oko 100 komada po pakovanju<\/p>","protected":false},"featured_media":21768,"template":"","meta":[],"product_brand":[],"product_cat":[358,368],"product_tag":[],"class_list":{"0":"post-21767","1":"product","2":"type-product","3":"status-publish","4":"has-post-thumbnail","6":"product_cat-maketarski-alat-i-pribor","7":"product_cat-ostalo","8":"pa_brand-ammo","10":"first","11":"instock","12":"shipping-taxable","13":"purchasable","14":"product-type-simple"},"_links":{"self":[{"href":"https:\/\/flakhobby.com\/sr\/wp-json\/wp\/v2\/product\/21767","targetHints":{"allow":["GET"]}}],"collection":[{"href":"https:\/\/flakhobby.com\/sr\/wp-json\/wp\/v2\/product"}],"about":[{"href":"https:\/\/flakhobby.com\/sr\/wp-json\/wp\/v2\/types\/product"}],"version-history":[{"count":2,"href":"https:\/\/flakhobby.com\/sr\/wp-json\/wp\/v2\/product\/21767\/revisions"}],"predecessor-version":[{"id":21770,"href":"https:\/\/flakhobby.com\/sr\/wp-json\/wp\/v2\/product\/21767\/revisions\/21770"}],"wp:featuredmedia":[{"embeddable":true,"href":"https:\/\/flakhobby.com\/sr\/wp-json\/wp\/v2\/media\/21768"}],"wp:attachment":[{"href":"https:\/\/flakhobby.com\/sr\/wp-json\/wp\/v2\/media?parent=21767"}],"wp:term":[{"taxonomy":"product_brand","embeddable":true,"href":"https:\/\/flakhobby.com\/sr\/wp-json\/wp\/v2\/product_brand?post=21767"},{"taxonomy":"product_cat","embeddable":true,"href":"https:\/\/flakhobby.com\/sr\/wp-json\/wp\/v2\/product_cat?post=21767"},{"taxonomy":"product_tag","embeddable":true,"href":"https:\/\/flakhobby.com\/sr\/wp-json\/wp\/v2\/product_tag?post=21767"}],"curies":[{"name":"wp","href":"https:\/\/api.w.org\/{rel}","templated":true}]}}