{"id":21704,"date":"2024-04-15T15:05:16","date_gmt":"2024-04-15T15:05:16","guid":{"rendered":"https:\/\/flakhobby.com\/?post_type=product&#038;p=21704"},"modified":"2026-02-12T18:30:47","modified_gmt":"2026-02-12T17:30:47","slug":"panel-line-wash-green-brown","status":"publish","type":"product","link":"https:\/\/flakhobby.com\/sr\/\u043f\u0440\u043e\u0438\u0437\u0432\u043e\u0434\/panel-line-wash-green-brown\/","title":{"rendered":"Panel Line Wash Green Brown"},"content":{"rendered":"<p>Vo\u0161 pogodan za kasnije kamufla\u017ee Luftwaffe iz perioda Drugog svetskog rata.\u00a0 Naneti oko detalja i ukloniti vi\u0161ak \u010distom \u010detkicom navla\u017eenom AMIG-2018 Emajl razre\u0111iva\u010dem.<\/p>\n<p>Vi\u0161e informacija o kori\u0161\u0107enju ovih vo\u0161eva mo\u017eete pogledati na ovom linku: <a href=\"https:\/\/www.youtube.com\/watch?v=kEGtFLpA3o0\" target=\"_blank\" rel=\"noopener\">https:\/\/www.youtube.com\/watch?v=kEGtFLpA3o0<\/a><\/p>","protected":false},"excerpt":{"rendered":"<p>Emajl vo\u0161 35mL<\/p>\n<p>Luftwaffe sa kraja rata<\/p>","protected":false},"featured_media":21705,"template":"","meta":[],"product_brand":[],"product_cat":[349,350],"product_tag":[],"class_list":{"0":"post-21704","1":"product","2":"type-product","3":"status-publish","4":"has-post-thumbnail","6":"product_cat-weathering","7":"product_cat-emajl-vos","9":"first","10":"outofstock","11":"shipping-taxable","12":"purchasable","13":"product-type-simple"},"_links":{"self":[{"href":"https:\/\/flakhobby.com\/sr\/wp-json\/wp\/v2\/product\/21704","targetHints":{"allow":["GET"]}}],"collection":[{"href":"https:\/\/flakhobby.com\/sr\/wp-json\/wp\/v2\/product"}],"about":[{"href":"https:\/\/flakhobby.com\/sr\/wp-json\/wp\/v2\/types\/product"}],"version-history":[{"count":1,"href":"https:\/\/flakhobby.com\/sr\/wp-json\/wp\/v2\/product\/21704\/revisions"}],"predecessor-version":[{"id":21706,"href":"https:\/\/flakhobby.com\/sr\/wp-json\/wp\/v2\/product\/21704\/revisions\/21706"}],"wp:featuredmedia":[{"embeddable":true,"href":"https:\/\/flakhobby.com\/sr\/wp-json\/wp\/v2\/media\/21705"}],"wp:attachment":[{"href":"https:\/\/flakhobby.com\/sr\/wp-json\/wp\/v2\/media?parent=21704"}],"wp:term":[{"taxonomy":"product_brand","embeddable":true,"href":"https:\/\/flakhobby.com\/sr\/wp-json\/wp\/v2\/product_brand?post=21704"},{"taxonomy":"product_cat","embeddable":true,"href":"https:\/\/flakhobby.com\/sr\/wp-json\/wp\/v2\/product_cat?post=21704"},{"taxonomy":"product_tag","embeddable":true,"href":"https:\/\/flakhobby.com\/sr\/wp-json\/wp\/v2\/product_tag?post=21704"}],"curies":[{"name":"wp","href":"https:\/\/api.w.org\/{rel}","templated":true}]}}