{"id":21693,"date":"2024-04-15T14:56:37","date_gmt":"2024-04-15T14:56:37","guid":{"rendered":"https:\/\/flakhobby.com\/?post_type=product&#038;p=21693"},"modified":"2024-04-15T15:03:54","modified_gmt":"2024-04-15T15:03:54","slug":"panel-line-wash-dark-green-grey","status":"publish","type":"product","link":"https:\/\/flakhobby.com\/sr\/\u043f\u0440\u043e\u0438\u0437\u0432\u043e\u0434\/panel-line-wash-dark-green-grey\/","title":{"rendered":"Panel Line Wash Storm Grey"},"content":{"rendered":"<p>Sivi vo\u0161 za svetle sivo plave povr\u0161ine poput donjih povr\u0161ina RAF aviona WWII.\u00a0 Naneti oko detalja i ukloniti vi\u0161ak \u010distom \u010detkicom navla\u017eenom AMIG-2018 Emajl razre\u0111iva\u010dem.<\/p>\n<p>Vi\u0161e informacija o kori\u0161\u0107enju ovih vo\u0161eva mo\u017eete pogledati na ovom linku: <a href=\"https:\/\/www.youtube.com\/watch?v=kEGtFLpA3o0\" target=\"_blank\" rel=\"noopener\">https:\/\/www.youtube.com\/watch?v=kEGtFLpA3o0<\/a><\/p>","protected":false},"excerpt":{"rendered":"<p>Emajl vo\u0161 35mL<\/p>\n<p>Pogodno i za donje povr\u0161ine WWII RAF aviona<\/p>","protected":false},"featured_media":21698,"template":"","meta":[],"product_brand":[],"product_cat":[349,350],"product_tag":[],"class_list":{"0":"post-21693","1":"product","2":"type-product","3":"status-publish","4":"has-post-thumbnail","6":"product_cat-weathering","7":"product_cat-emajl-vos","9":"first","10":"instock","11":"shipping-taxable","12":"purchasable","13":"product-type-simple"},"_links":{"self":[{"href":"https:\/\/flakhobby.com\/sr\/wp-json\/wp\/v2\/product\/21693","targetHints":{"allow":["GET"]}}],"collection":[{"href":"https:\/\/flakhobby.com\/sr\/wp-json\/wp\/v2\/product"}],"about":[{"href":"https:\/\/flakhobby.com\/sr\/wp-json\/wp\/v2\/types\/product"}],"version-history":[{"count":3,"href":"https:\/\/flakhobby.com\/sr\/wp-json\/wp\/v2\/product\/21693\/revisions"}],"predecessor-version":[{"id":21697,"href":"https:\/\/flakhobby.com\/sr\/wp-json\/wp\/v2\/product\/21693\/revisions\/21697"}],"wp:featuredmedia":[{"embeddable":true,"href":"https:\/\/flakhobby.com\/sr\/wp-json\/wp\/v2\/media\/21698"}],"wp:attachment":[{"href":"https:\/\/flakhobby.com\/sr\/wp-json\/wp\/v2\/media?parent=21693"}],"wp:term":[{"taxonomy":"product_brand","embeddable":true,"href":"https:\/\/flakhobby.com\/sr\/wp-json\/wp\/v2\/product_brand?post=21693"},{"taxonomy":"product_cat","embeddable":true,"href":"https:\/\/flakhobby.com\/sr\/wp-json\/wp\/v2\/product_cat?post=21693"},{"taxonomy":"product_tag","embeddable":true,"href":"https:\/\/flakhobby.com\/sr\/wp-json\/wp\/v2\/product_tag?post=21693"}],"curies":[{"name":"wp","href":"https:\/\/api.w.org\/{rel}","templated":true}]}}