{"id":21641,"date":"2024-04-15T11:35:34","date_gmt":"2024-04-15T11:35:34","guid":{"rendered":"https:\/\/flakhobby.com\/?post_type=product&#038;p=21641"},"modified":"2024-04-15T11:39:01","modified_gmt":"2024-04-15T11:39:01","slug":"plasticator-thick","status":"publish","type":"product","link":"https:\/\/flakhobby.com\/sr\/\u043f\u0440\u043e\u0438\u0437\u0432\u043e\u0434\/plasticator-thick\/","title":{"rendered":"Plasticator &#8211; Thick"},"content":{"rendered":"<p>Sredstvo za pripremu povr\u0161ina za bojenje &#8211; karton, gips, drvo itd<br \/>\nVi\u0161e informacija o proizvodu mo\u017eete na\u0107i klikom na <a href=\"https:\/\/youtu.be\/8jzFUuUgRBw?si=pSKeb8AM6vh52ekj&amp;t=20\" target=\"_blank\" rel=\"noopener\">LINK<\/a><\/p>","protected":false},"excerpt":{"rendered":"<p>Sredstvo za pripremu povr\u0161ina za bojenje &#8211; karton, gips, drvo &#8211; Gusti<\/p>","protected":false},"featured_media":21642,"template":"","meta":[],"product_brand":[],"product_cat":[368,358],"product_tag":[],"class_list":{"0":"post-21641","1":"product","2":"type-product","3":"status-publish","4":"has-post-thumbnail","6":"product_cat-ostalo","7":"product_cat-maketarski-alat-i-pribor","8":"pa_brand-ammo","10":"first","11":"instock","12":"shipping-taxable","13":"purchasable","14":"product-type-simple"},"_links":{"self":[{"href":"https:\/\/flakhobby.com\/sr\/wp-json\/wp\/v2\/product\/21641","targetHints":{"allow":["GET"]}}],"collection":[{"href":"https:\/\/flakhobby.com\/sr\/wp-json\/wp\/v2\/product"}],"about":[{"href":"https:\/\/flakhobby.com\/sr\/wp-json\/wp\/v2\/types\/product"}],"version-history":[{"count":1,"href":"https:\/\/flakhobby.com\/sr\/wp-json\/wp\/v2\/product\/21641\/revisions"}],"predecessor-version":[{"id":21643,"href":"https:\/\/flakhobby.com\/sr\/wp-json\/wp\/v2\/product\/21641\/revisions\/21643"}],"wp:featuredmedia":[{"embeddable":true,"href":"https:\/\/flakhobby.com\/sr\/wp-json\/wp\/v2\/media\/21642"}],"wp:attachment":[{"href":"https:\/\/flakhobby.com\/sr\/wp-json\/wp\/v2\/media?parent=21641"}],"wp:term":[{"taxonomy":"product_brand","embeddable":true,"href":"https:\/\/flakhobby.com\/sr\/wp-json\/wp\/v2\/product_brand?post=21641"},{"taxonomy":"product_cat","embeddable":true,"href":"https:\/\/flakhobby.com\/sr\/wp-json\/wp\/v2\/product_cat?post=21641"},{"taxonomy":"product_tag","embeddable":true,"href":"https:\/\/flakhobby.com\/sr\/wp-json\/wp\/v2\/product_tag?post=21641"}],"curies":[{"name":"wp","href":"https:\/\/api.w.org\/{rel}","templated":true}]}}