{"id":21638,"date":"2024-04-15T11:34:20","date_gmt":"2024-04-15T11:34:20","guid":{"rendered":"https:\/\/flakhobby.com\/?post_type=product&#038;p=21638"},"modified":"2025-03-26T13:45:16","modified_gmt":"2025-03-26T13:45:16","slug":"ultra-glue-for-pe-and-clear-parts-mat","status":"publish","type":"product","link":"https:\/\/flakhobby.com\/sr\/\u043f\u0440\u043e\u0438\u0437\u0432\u043e\u0434\/ultra-glue-for-pe-and-clear-parts-mat\/","title":{"rendered":"Ultra Glue &#8211; for PE and Clear Parts Mat"},"content":{"rendered":"<p>Jak mat akrilni lepak za eceraj i providne delove. Mo\u017ee se naneti \u010detkicom i vi\u0161ak ukloniti vodom. Su\u0161i se potpuno providnu u roku od 24 sata.<\/p>\n<p>Mo\u017ee se koristiti za fiksiranje raznih dodataka na diorame.<\/p>\n<p>Vi\u0161e informacija o kori\u0161\u0107enju ovog lepka mo\u017eete na\u0107i u ovom video klip: <a href=\"https:\/\/www.youtube.com\/watch?v=Nplp0E2y7Rk\" target=\"_blank\" rel=\"noopener\">https:\/\/www.youtube.com\/watch?v=Nplp0E2y7Rk<\/a><\/p>","protected":false},"excerpt":{"rendered":"<p>Mat akrilni lepak za eceraj i providne delove &#8211; 40mL<\/p>","protected":false},"featured_media":21639,"template":"","meta":[],"product_brand":[],"product_cat":[358,359],"product_tag":[],"class_list":{"0":"post-21638","1":"product","2":"type-product","3":"status-publish","4":"has-post-thumbnail","6":"product_cat-maketarski-alat-i-pribor","7":"product_cat-lepkovi","8":"pa_brand-ammo","10":"first","11":"instock","12":"shipping-taxable","13":"purchasable","14":"product-type-simple"},"_links":{"self":[{"href":"https:\/\/flakhobby.com\/sr\/wp-json\/wp\/v2\/product\/21638","targetHints":{"allow":["GET"]}}],"collection":[{"href":"https:\/\/flakhobby.com\/sr\/wp-json\/wp\/v2\/product"}],"about":[{"href":"https:\/\/flakhobby.com\/sr\/wp-json\/wp\/v2\/types\/product"}],"version-history":[{"count":1,"href":"https:\/\/flakhobby.com\/sr\/wp-json\/wp\/v2\/product\/21638\/revisions"}],"predecessor-version":[{"id":21640,"href":"https:\/\/flakhobby.com\/sr\/wp-json\/wp\/v2\/product\/21638\/revisions\/21640"}],"wp:featuredmedia":[{"embeddable":true,"href":"https:\/\/flakhobby.com\/sr\/wp-json\/wp\/v2\/media\/21639"}],"wp:attachment":[{"href":"https:\/\/flakhobby.com\/sr\/wp-json\/wp\/v2\/media?parent=21638"}],"wp:term":[{"taxonomy":"product_brand","embeddable":true,"href":"https:\/\/flakhobby.com\/sr\/wp-json\/wp\/v2\/product_brand?post=21638"},{"taxonomy":"product_cat","embeddable":true,"href":"https:\/\/flakhobby.com\/sr\/wp-json\/wp\/v2\/product_cat?post=21638"},{"taxonomy":"product_tag","embeddable":true,"href":"https:\/\/flakhobby.com\/sr\/wp-json\/wp\/v2\/product_tag?post=21638"}],"curies":[{"name":"wp","href":"https:\/\/api.w.org\/{rel}","templated":true}]}}