{"id":21631,"date":"2024-04-15T11:31:36","date_gmt":"2024-04-15T11:31:36","guid":{"rendered":"https:\/\/flakhobby.com\/?post_type=product&#038;p=21631"},"modified":"2025-10-05T21:30:37","modified_gmt":"2025-10-05T21:30:37","slug":"tecni-git-srednje-gusti","status":"publish","type":"product","link":"https:\/\/flakhobby.com\/sr\/\u043f\u0440\u043e\u0438\u0437\u0432\u043e\u0434\/tecni-git-srednje-gusti\/","title":{"rendered":"Te\u010dni git &#8211; Srednje gusti"},"content":{"rendered":"<p>Te\u010dni git za popunjavanje rupa i nepravilnosti a maketama. Ne skupja se i mo\u017ee se \u0161mirglati i bojiti nakon 24 sata.<br \/>\nVi\u0161e informacija o gitu mo\u017eete na\u0107i klikom na ovaj <a href=\"https:\/\/www.youtube.com\/watch?v=TALN3dUaoWY&amp;t=18s\" target=\"_blank\" rel=\"noopener\">LINK<\/a><\/p>","protected":false},"excerpt":{"rendered":"<p>Te\u010dni git &#8211; srednje gusti &#8211; 30mL<\/p>","protected":false},"featured_media":21632,"template":"","meta":[],"product_brand":[],"product_cat":[358,361],"product_tag":[],"class_list":{"0":"post-21631","1":"product","2":"type-product","3":"status-publish","4":"has-post-thumbnail","6":"product_cat-maketarski-alat-i-pribor","7":"product_cat-gitovi","8":"pa_brand-ammo","10":"first","11":"instock","12":"shipping-taxable","13":"purchasable","14":"product-type-simple"},"_links":{"self":[{"href":"https:\/\/flakhobby.com\/sr\/wp-json\/wp\/v2\/product\/21631","targetHints":{"allow":["GET"]}}],"collection":[{"href":"https:\/\/flakhobby.com\/sr\/wp-json\/wp\/v2\/product"}],"about":[{"href":"https:\/\/flakhobby.com\/sr\/wp-json\/wp\/v2\/types\/product"}],"version-history":[{"count":2,"href":"https:\/\/flakhobby.com\/sr\/wp-json\/wp\/v2\/product\/21631\/revisions"}],"predecessor-version":[{"id":24226,"href":"https:\/\/flakhobby.com\/sr\/wp-json\/wp\/v2\/product\/21631\/revisions\/24226"}],"wp:featuredmedia":[{"embeddable":true,"href":"https:\/\/flakhobby.com\/sr\/wp-json\/wp\/v2\/media\/21632"}],"wp:attachment":[{"href":"https:\/\/flakhobby.com\/sr\/wp-json\/wp\/v2\/media?parent=21631"}],"wp:term":[{"taxonomy":"product_brand","embeddable":true,"href":"https:\/\/flakhobby.com\/sr\/wp-json\/wp\/v2\/product_brand?post=21631"},{"taxonomy":"product_cat","embeddable":true,"href":"https:\/\/flakhobby.com\/sr\/wp-json\/wp\/v2\/product_cat?post=21631"},{"taxonomy":"product_tag","embeddable":true,"href":"https:\/\/flakhobby.com\/sr\/wp-json\/wp\/v2\/product_tag?post=21631"}],"curies":[{"name":"wp","href":"https:\/\/api.w.org\/{rel}","templated":true}]}}