{"id":21624,"date":"2024-04-15T11:13:47","date_gmt":"2024-04-15T11:13:47","guid":{"rendered":"https:\/\/flakhobby.com\/?post_type=product&#038;p=21624"},"modified":"2026-01-29T16:20:38","modified_gmt":"2026-01-29T15:20:38","slug":"winter-soil","status":"publish","type":"product","link":"https:\/\/flakhobby.com\/sr\/\u043f\u0440\u043e\u0438\u0437\u0432\u043e\u0434\/winter-soil\/","title":{"rendered":"Winter Soil"},"content":{"rendered":"<p>Pigment za makete.<\/p>\n<p>Za vi\u0161e informacija o kori\u0161\u0107enju pigmenata &#8211; <a href=\"https:\/\/www.youtube.com\/watch?v=UMbj77t1NMo\" target=\"_blank\" rel=\"noopener\">https:\/\/www.youtube.com\/watch?v=UMbj77t1NMo<\/a><\/p>","protected":false},"excerpt":{"rendered":"<p>Pigment za makete 35mL<\/p>","protected":false},"featured_media":21625,"template":"","meta":[],"product_brand":[],"product_cat":[353,349],"product_tag":[],"class_list":{"0":"post-21624","1":"product","2":"type-product","3":"status-publish","4":"has-post-thumbnail","6":"product_cat-pigmenti","7":"product_cat-weathering","8":"pa_brand-ammo","10":"first","11":"instock","12":"shipping-taxable","13":"purchasable","14":"product-type-simple"},"_links":{"self":[{"href":"https:\/\/flakhobby.com\/sr\/wp-json\/wp\/v2\/product\/21624","targetHints":{"allow":["GET"]}}],"collection":[{"href":"https:\/\/flakhobby.com\/sr\/wp-json\/wp\/v2\/product"}],"about":[{"href":"https:\/\/flakhobby.com\/sr\/wp-json\/wp\/v2\/types\/product"}],"version-history":[{"count":1,"href":"https:\/\/flakhobby.com\/sr\/wp-json\/wp\/v2\/product\/21624\/revisions"}],"predecessor-version":[{"id":21626,"href":"https:\/\/flakhobby.com\/sr\/wp-json\/wp\/v2\/product\/21624\/revisions\/21626"}],"wp:featuredmedia":[{"embeddable":true,"href":"https:\/\/flakhobby.com\/sr\/wp-json\/wp\/v2\/media\/21625"}],"wp:attachment":[{"href":"https:\/\/flakhobby.com\/sr\/wp-json\/wp\/v2\/media?parent=21624"}],"wp:term":[{"taxonomy":"product_brand","embeddable":true,"href":"https:\/\/flakhobby.com\/sr\/wp-json\/wp\/v2\/product_brand?post=21624"},{"taxonomy":"product_cat","embeddable":true,"href":"https:\/\/flakhobby.com\/sr\/wp-json\/wp\/v2\/product_cat?post=21624"},{"taxonomy":"product_tag","embeddable":true,"href":"https:\/\/flakhobby.com\/sr\/wp-json\/wp\/v2\/product_tag?post=21624"}],"curies":[{"name":"wp","href":"https:\/\/api.w.org\/{rel}","templated":true}]}}