{"id":21473,"date":"2024-04-08T18:42:17","date_gmt":"2024-04-08T18:42:17","guid":{"rendered":"https:\/\/flakhobby.com\/?post_type=product&#038;p=21473"},"modified":"2026-01-29T16:17:35","modified_gmt":"2026-01-29T15:17:35","slug":"nakajima-interior-green-2","status":"publish","type":"product","link":"https:\/\/flakhobby.com\/sr\/\u043f\u0440\u043e\u0438\u0437\u0432\u043e\u0434\/nakajima-interior-green-2\/","title":{"rendered":"Nakajima Interior Green"},"content":{"rendered":"<p>ATOM boje: serija akrilnih boja na vodenoj osnovi sa potpuno novom formulom koja sadr\u017ei sve prednosti akrila (nije toksi\u010dna, nema miris, mo\u017ee se razre\u0111ivati i \u010distiti vodom), ali i one prednosti koje su dosad isklju\u010divo pripadale bojama na <em>lacquer\u00a0<\/em>osnovi (dopu\u0161ta visok nivo razre\u0111enosti boje, samoniveli\u0161u\u0107a svojstva, vrhunske performanse pri prskanju, itd).<\/p>\n<p>ATOM boje namenjene su radu \u010detkicom i erbra\u0161em. U oba slu\u010daja, bilo da se radi \u010detkicom ili erbra\u0161em, boja kada se osu\u0161i ima isti sjaj i nijansu. Dakle, ako je to potrebno, lako se mogu izvr\u0161iti prepravke i dorade \u010detkicom.<\/p>\n<p>ATOM boje odlikuje pokrivna mo\u0107, brzo su\u0161enje (suva na dodir u roku od 10 min, a potpuno suva u roku od 24h) i izdr\u017eljivost &#8211; \u0161to omogu\u0107ava nano\u0161enje akrilnih i emajl sredstava preko. Mogu\u0107e je naneti preko i agresivniju hemiju, npr. sredstva za dekale, bez problema.<\/p>\n<p>Nova serija boja dostupna je u bo\u010dicama novog dizajna od 20mL koje je mogu\u0107e otvoriti i zatvoriti jednom rukom.<\/p>\n<p>Boju, u zavisnosti od potrebe, mo\u017eete koristiti odmah iz bo\u010dice ili razrediti razre\u0111iva\u010dima AMIG2000 ili ATOM20500.<\/p>\n<p>&nbsp;<\/p>\n<p>Vi\u0161e informacija o kori\u0161\u0107enju ovih boja mo\u017eete na\u0107i klikom na ovaj <a href=\"https:\/\/www.youtube.com\/watch?v=83MtBVWYRl0&amp;t=630s\" target=\"_blank\" rel=\"noopener\">LINK<\/a>.<\/p>","protected":false},"excerpt":{"rendered":"<p>Akrilna boja &#8211; 20mL<\/p>\n<p>Kokpit za Nakajima zelena<\/p>\n<p>&nbsp;<\/p>","protected":false},"featured_media":21474,"template":"","meta":[],"product_brand":[],"product_cat":[339,592],"product_tag":[],"class_list":{"0":"post-21473","1":"product","2":"type-product","3":"status-publish","4":"has-post-thumbnail","6":"product_cat-boje-i-razredivaci","7":"product_cat-atom-akrilne-boje-20ml","8":"pa_brand-ammo","10":"first","11":"outofstock","12":"shipping-taxable","13":"purchasable","14":"product-type-simple"},"_links":{"self":[{"href":"https:\/\/flakhobby.com\/sr\/wp-json\/wp\/v2\/product\/21473","targetHints":{"allow":["GET"]}}],"collection":[{"href":"https:\/\/flakhobby.com\/sr\/wp-json\/wp\/v2\/product"}],"about":[{"href":"https:\/\/flakhobby.com\/sr\/wp-json\/wp\/v2\/types\/product"}],"version-history":[{"count":1,"href":"https:\/\/flakhobby.com\/sr\/wp-json\/wp\/v2\/product\/21473\/revisions"}],"predecessor-version":[{"id":21475,"href":"https:\/\/flakhobby.com\/sr\/wp-json\/wp\/v2\/product\/21473\/revisions\/21475"}],"wp:featuredmedia":[{"embeddable":true,"href":"https:\/\/flakhobby.com\/sr\/wp-json\/wp\/v2\/media\/21474"}],"wp:attachment":[{"href":"https:\/\/flakhobby.com\/sr\/wp-json\/wp\/v2\/media?parent=21473"}],"wp:term":[{"taxonomy":"product_brand","embeddable":true,"href":"https:\/\/flakhobby.com\/sr\/wp-json\/wp\/v2\/product_brand?post=21473"},{"taxonomy":"product_cat","embeddable":true,"href":"https:\/\/flakhobby.com\/sr\/wp-json\/wp\/v2\/product_cat?post=21473"},{"taxonomy":"product_tag","embeddable":true,"href":"https:\/\/flakhobby.com\/sr\/wp-json\/wp\/v2\/product_tag?post=21473"}],"curies":[{"name":"wp","href":"https:\/\/api.w.org\/{rel}","templated":true}]}}