{"id":20833,"date":"2024-03-25T18:47:27","date_gmt":"2024-03-25T18:47:27","guid":{"rendered":"https:\/\/flakhobby.com\/?post_type=product&#038;p=20833"},"modified":"2026-03-17T16:42:13","modified_gmt":"2026-03-17T15:42:13","slug":"1-35-t-55a","status":"publish","type":"product","link":"https:\/\/flakhobby.com\/sr\/\u043f\u0440\u043e\u0438\u0437\u0432\u043e\u0434\/1-35-t-55a\/","title":{"rendered":"1\/35 T-55A"},"content":{"rendered":"<p>Oznake:<\/p>\n<h5>T-55A<\/h5>\n<h6><img decoding=\"async\" title=\"CSK\" src=\"https:\/\/www.scalemates.com\/static\/images\/flags7\/32\/CSK.png\" alt=\"CSK\" width=\"16\" height=\"16\" \/>\u00a0\u010ceskoslovensk\u00e1 lidov\u00e1 arm\u00e1da<span class=\"nw\">\u00a0(Czechoslovak People&#8217;s Army 1954-1990)<\/span><\/h6>\n<ul class=\"ut\">\n<li class=\"dco p05\"><span class=\"nw bgd\">383<\/span>\n<p>green, yellow, brown, white<\/li>\n<\/ul>\n<h6><img decoding=\"async\" title=\"DD\" src=\"https:\/\/www.scalemates.com\/static\/images\/flags7\/32\/DD.png\" alt=\"DD\" width=\"16\" height=\"16\" \/>\u00a0Landstreitkr\u00e4fte der NVA<span class=\"nw\">\u00a0(East German Army 1956-1990)<\/span><\/h6>\n<ul class=\"ut\">\n<li class=\"dco p05\"><span class=\"nw bgd\">3459<\/span><br \/>\nEast Germany<br \/>\nZelena<\/li>\n<\/ul>\n<h6><img decoding=\"async\" title=\"HR\" src=\"https:\/\/www.scalemates.com\/static\/images\/flags7\/32\/HR.png\" alt=\"HR\" width=\"16\" height=\"16\" \/>\u00a0Hrvatska Vojska<span class=\"nw\">\u00a0(Croatian Army 1991-now)<\/span><\/h6>\n<ul class=\"ut\">\n<li class=\"dco p05\"><span class=\"nw bgd\">Marina<\/span><br \/>\n<span class=\"nw bgb\">1992<\/span>\u00a0Balkan Wars &#8211; Karlovac<br \/>\ngreen, black, brown<\/li>\n<\/ul>\n<h6><img loading=\"lazy\" decoding=\"async\" title=\"IQ\" src=\"https:\/\/www.scalemates.com\/static\/images\/flags7\/32\/IQ.png\" alt=\"IQ\" width=\"16\" height=\"16\" \/>\u00a0\u0627\u0644\u0642\u0648\u0627\u062a \u0627\u0644\u0628\u0631\u064a\u0629 \u0627\u0644\u0639\u0631\u0627\u0642\u064a\u0629<span class=\"nw\">\u00a0(Iraqi Ground Forces 1921-Present)<\/span><\/h6>\n<ul class=\"ut\">\n<li class=\"dco p05\">\n<span class=\"nw bgb\">1991<\/span>\u00a0Gulf War<br \/>\ntan green<\/li>\n<\/ul>\n<h6><img loading=\"lazy\" decoding=\"async\" title=\"SU\" src=\"https:\/\/www.scalemates.com\/static\/images\/flags7\/32\/SU.png\" alt=\"SU\" width=\"16\" height=\"16\" \/>\u00a0\u0421\u043e\u0432\u0435\u0442\u0441\u043a\u0430\u044f \u0430\u0440\u043c\u0438\u044f<span class=\"nw\">\u00a0(Soviet Army 1946-1992)<\/span><\/h6>\n<ul class=\"ut\">\n<li class=\"dco p05\"><span class=\"nw bgd\">116<\/span><br \/>\n<span class=\"nw bgb\">1986<\/span>\u00a0Afghanistan War (2001-now) &#8211; Afghanistan<br \/>\nRussian Green<\/li>\n<\/ul>","protected":false},"excerpt":{"rendered":"<p>Sadr\u017ei:<\/p>\n<ul>\n<li>Plasti\u010dna maketa &#8211; 1\/35<\/li>\n<li>Eceraj<\/li>\n<li>Dekali<\/li>\n<li>Sastavnica<\/li>\n<\/ul>","protected":false},"featured_media":20834,"template":"","meta":[],"product_brand":[],"product_cat":[15,328],"product_tag":[],"class_list":{"0":"post-20833","1":"product","2":"type-product","3":"status-publish","4":"has-post-thumbnail","6":"product_cat-plasticne-makete","7":"product_cat-vojna-vozila-i-oruda","8":"pa_brand-takom","10":"first","11":"outofstock","12":"shipping-taxable","13":"purchasable","14":"product-type-simple"},"_links":{"self":[{"href":"https:\/\/flakhobby.com\/sr\/wp-json\/wp\/v2\/product\/20833","targetHints":{"allow":["GET"]}}],"collection":[{"href":"https:\/\/flakhobby.com\/sr\/wp-json\/wp\/v2\/product"}],"about":[{"href":"https:\/\/flakhobby.com\/sr\/wp-json\/wp\/v2\/types\/product"}],"version-history":[{"count":2,"href":"https:\/\/flakhobby.com\/sr\/wp-json\/wp\/v2\/product\/20833\/revisions"}],"predecessor-version":[{"id":20836,"href":"https:\/\/flakhobby.com\/sr\/wp-json\/wp\/v2\/product\/20833\/revisions\/20836"}],"wp:featuredmedia":[{"embeddable":true,"href":"https:\/\/flakhobby.com\/sr\/wp-json\/wp\/v2\/media\/20834"}],"wp:attachment":[{"href":"https:\/\/flakhobby.com\/sr\/wp-json\/wp\/v2\/media?parent=20833"}],"wp:term":[{"taxonomy":"product_brand","embeddable":true,"href":"https:\/\/flakhobby.com\/sr\/wp-json\/wp\/v2\/product_brand?post=20833"},{"taxonomy":"product_cat","embeddable":true,"href":"https:\/\/flakhobby.com\/sr\/wp-json\/wp\/v2\/product_cat?post=20833"},{"taxonomy":"product_tag","embeddable":true,"href":"https:\/\/flakhobby.com\/sr\/wp-json\/wp\/v2\/product_tag?post=20833"}],"curies":[{"name":"wp","href":"https:\/\/api.w.org\/{rel}","templated":true}]}}