{"id":20206,"date":"2024-02-14T15:02:12","date_gmt":"2024-02-14T15:02:12","guid":{"rendered":"https:\/\/flakhobby.com\/?post_type=product&#038;p=20206"},"modified":"2025-10-30T15:38:59","modified_gmt":"2025-10-30T15:38:59","slug":"elastic-rigging-hyper-thin-1-72-1-350-1-700","status":"publish","type":"product","link":"https:\/\/flakhobby.com\/sr\/\u043f\u0440\u043e\u0438\u0437\u0432\u043e\u0434\/elastic-rigging-hyper-thin-1-72-1-350-1-700\/","title":{"rendered":"Elastic Rigging &#8211; Hyper Thin 1\/72 1\/350 1\/700"},"content":{"rendered":"<p>Elasti\u010dni konac za sve vrste antena i drugo<br \/>\nMo\u017ee se se\u0107i skalpelom i lepiti superlepkom. Du\u017eina \u2013 20m<\/p>","protected":false},"excerpt":{"rendered":"<p>Elasti\u010dni konac za riging &#8211; 20m<\/p>","protected":false},"featured_media":20207,"template":"","meta":[],"product_brand":[],"product_cat":[358,367],"product_tag":[],"class_list":{"0":"post-20206","1":"product","2":"type-product","3":"status-publish","4":"has-post-thumbnail","6":"product_cat-maketarski-alat-i-pribor","7":"product_cat-rucni-alat-smirgle-konac-za-rigging","8":"pa_brand-ak-interactive","10":"first","11":"instock","12":"shipping-taxable","13":"purchasable","14":"product-type-simple"},"_links":{"self":[{"href":"https:\/\/flakhobby.com\/sr\/wp-json\/wp\/v2\/product\/20206","targetHints":{"allow":["GET"]}}],"collection":[{"href":"https:\/\/flakhobby.com\/sr\/wp-json\/wp\/v2\/product"}],"about":[{"href":"https:\/\/flakhobby.com\/sr\/wp-json\/wp\/v2\/types\/product"}],"version-history":[{"count":2,"href":"https:\/\/flakhobby.com\/sr\/wp-json\/wp\/v2\/product\/20206\/revisions"}],"predecessor-version":[{"id":20211,"href":"https:\/\/flakhobby.com\/sr\/wp-json\/wp\/v2\/product\/20206\/revisions\/20211"}],"wp:featuredmedia":[{"embeddable":true,"href":"https:\/\/flakhobby.com\/sr\/wp-json\/wp\/v2\/media\/20207"}],"wp:attachment":[{"href":"https:\/\/flakhobby.com\/sr\/wp-json\/wp\/v2\/media?parent=20206"}],"wp:term":[{"taxonomy":"product_brand","embeddable":true,"href":"https:\/\/flakhobby.com\/sr\/wp-json\/wp\/v2\/product_brand?post=20206"},{"taxonomy":"product_cat","embeddable":true,"href":"https:\/\/flakhobby.com\/sr\/wp-json\/wp\/v2\/product_cat?post=20206"},{"taxonomy":"product_tag","embeddable":true,"href":"https:\/\/flakhobby.com\/sr\/wp-json\/wp\/v2\/product_tag?post=20206"}],"curies":[{"name":"wp","href":"https:\/\/api.w.org\/{rel}","templated":true}]}}