{"id":19760,"date":"2023-12-02T12:44:37","date_gmt":"2023-12-02T12:44:37","guid":{"rendered":"https:\/\/flakhobby.com\/?post_type=product&#038;p=19760"},"modified":"2023-12-02T12:44:37","modified_gmt":"2023-12-02T12:44:37","slug":"pzl-iar-p-11f-romanian-fighter-1-72","status":"publish","type":"product","link":"https:\/\/flakhobby.com\/sr\/\u043f\u0440\u043e\u0438\u0437\u0432\u043e\u0434\/pzl-iar-p-11f-romanian-fighter-1-72\/","title":{"rendered":"PZL\/IAR P.11F Romanian Fighter 1-72"},"content":{"rendered":"<p>Oznake:<\/p>\n<h5>PZL P.11F<\/h5>\n<h6><img decoding=\"async\" title=\"RO\" src=\"https:\/\/www.scalemates.com\/static\/images\/flags7\/32\/RO.png\" alt=\"RO\" width=\"16\" height=\"16\" \/> Aeronautica Regal\u0103 Rom\u00e2n\u0103<span class=\"nw\"> (Romanian Royal Aeronautics 1915-1941)<\/span><\/h6>\n<ul class=\"ut\">\n<li class=\"dco p05\"><strong>Flotila 1 Vanatoare<\/strong> <span class=\"nw bgd\">75<\/span> <em>(Nicolae Rotaru)<\/em><br \/>\n<span class=\"nw bgb\">December 1939<\/span><\/li>\n<li class=\"dco p05\"><strong>Flotila 2 Vanatoare<\/strong> <span class=\"nw bgd\">114<\/span> <em>(Marian Voica)<\/em><br \/>\n<span class=\"nw bgb\">June 1940<\/span><\/li>\n<\/ul>\n<h6><img decoding=\"async\" title=\"RO\" src=\"https:\/\/www.scalemates.com\/static\/images\/flags7\/32\/RO.png\" alt=\"RO\" width=\"16\" height=\"16\" \/> Aeronautica Regal\u0103 Rom\u00e2n\u0103<span class=\"nw\"> (Romanian Royal Aeronautics 1941-1944)<\/span><\/h6>\n<ul class=\"ut\">\n<li class=\"dco p05\"><strong>Grupul 3 Vanatoare<\/strong> <span class=\"nw bgd\">65<\/span> <em>(Ioan Bosanceanu)<\/em><br \/>\n<span class=\"nw bgb\">June 1941<\/span><\/li>\n<\/ul>","protected":false},"excerpt":{"rendered":"<p>Sadr\u017ei:<\/p>\n<ul>\n<li>Plasti\u010dna maketa 1\/72<\/li>\n<li>Eceraj<\/li>\n<li>Dekali<\/li>\n<li>Sastavnica<\/li>\n<\/ul>","protected":false},"featured_media":19761,"template":"","meta":[],"product_brand":[],"product_cat":[15,329],"product_tag":[],"class_list":{"0":"post-19760","1":"product","2":"type-product","3":"status-publish","4":"has-post-thumbnail","6":"product_cat-plasticne-makete","7":"product_cat-vojni-avioni-i-helikopteri","8":"pa_brand-ibg-models","10":"first","11":"instock","12":"shipping-taxable","13":"purchasable","14":"product-type-simple"},"_links":{"self":[{"href":"https:\/\/flakhobby.com\/sr\/wp-json\/wp\/v2\/product\/19760","targetHints":{"allow":["GET"]}}],"collection":[{"href":"https:\/\/flakhobby.com\/sr\/wp-json\/wp\/v2\/product"}],"about":[{"href":"https:\/\/flakhobby.com\/sr\/wp-json\/wp\/v2\/types\/product"}],"version-history":[{"count":2,"href":"https:\/\/flakhobby.com\/sr\/wp-json\/wp\/v2\/product\/19760\/revisions"}],"predecessor-version":[{"id":19763,"href":"https:\/\/flakhobby.com\/sr\/wp-json\/wp\/v2\/product\/19760\/revisions\/19763"}],"wp:featuredmedia":[{"embeddable":true,"href":"https:\/\/flakhobby.com\/sr\/wp-json\/wp\/v2\/media\/19761"}],"wp:attachment":[{"href":"https:\/\/flakhobby.com\/sr\/wp-json\/wp\/v2\/media?parent=19760"}],"wp:term":[{"taxonomy":"product_brand","embeddable":true,"href":"https:\/\/flakhobby.com\/sr\/wp-json\/wp\/v2\/product_brand?post=19760"},{"taxonomy":"product_cat","embeddable":true,"href":"https:\/\/flakhobby.com\/sr\/wp-json\/wp\/v2\/product_cat?post=19760"},{"taxonomy":"product_tag","embeddable":true,"href":"https:\/\/flakhobby.com\/sr\/wp-json\/wp\/v2\/product_tag?post=19760"}],"curies":[{"name":"wp","href":"https:\/\/api.w.org\/{rel}","templated":true}]}}