{"id":19285,"date":"2023-08-19T10:02:02","date_gmt":"2023-08-19T10:02:02","guid":{"rendered":"https:\/\/flakhobby.com\/?post_type=product&#038;p=19285"},"modified":"2023-08-19T10:06:33","modified_gmt":"2023-08-19T10:06:33","slug":"ural-4320-1-35","status":"publish","type":"product","link":"https:\/\/flakhobby.com\/sr\/\u043f\u0440\u043e\u0438\u0437\u0432\u043e\u0434\/ural-4320-1-35\/","title":{"rendered":"Ural 4320 1-35"},"content":{"rendered":"<p>The Ural-4320 is a general purpose off-road 6&#215;6 truck, produced at the Ural Automotive Plant in Miass, Russia for use in the Russian army. Introduced in 1976, it is still in production today. The wheel arrangement for the Ural-4320 was designed for transporting cargo, people and trailers on all types of roads and terrain. It also serves as a launching platform for the BM-21 &#8220;Grad&#8221; rocket launcher.<\/p>\n<p>The Ural-4320 is a diesel-powered development of the Ural-375D. The Ural-4320 chassis has good ground clearance, so it is preferred in regions where roads are difficult to traverse due to sand or big rocks. The Ural-4320 is reliable and easy to repair and maintain.<\/p>","protected":false},"excerpt":{"rendered":"<p>Ural 4320<\/p>\n<p>Sadr\u017ei:<\/p>\n<ul>\n<li>Plasti\u010dna maketa 1-35<\/li>\n<li>Dekali<\/li>\n<li>Eceraj<\/li>\n<li>Gumeni to\u010dkovi<\/li>\n<li>Sastavnica<\/li>\n<\/ul>\n<p>Vi\u0161e o maketi mo\u017eete videti na slede\u0107em<a href=\"http:\/\/www.trumpeter-china.com\/index.php?g=home&amp;m=product&amp;a=show&amp;id=3571&amp;l=en\"> linku<\/a>.<\/p>","protected":false},"featured_media":19286,"template":"","meta":[],"product_brand":[],"product_cat":[15,328],"product_tag":[],"class_list":{"0":"post-19285","1":"product","2":"type-product","3":"status-publish","4":"has-post-thumbnail","6":"product_cat-plasticne-makete","7":"product_cat-vojna-vozila-i-oruda","8":"pa_brand-trumpeter","10":"first","11":"instock","12":"shipping-taxable","13":"purchasable","14":"product-type-simple"},"_links":{"self":[{"href":"https:\/\/flakhobby.com\/sr\/wp-json\/wp\/v2\/product\/19285","targetHints":{"allow":["GET"]}}],"collection":[{"href":"https:\/\/flakhobby.com\/sr\/wp-json\/wp\/v2\/product"}],"about":[{"href":"https:\/\/flakhobby.com\/sr\/wp-json\/wp\/v2\/types\/product"}],"version-history":[{"count":3,"href":"https:\/\/flakhobby.com\/sr\/wp-json\/wp\/v2\/product\/19285\/revisions"}],"predecessor-version":[{"id":19294,"href":"https:\/\/flakhobby.com\/sr\/wp-json\/wp\/v2\/product\/19285\/revisions\/19294"}],"wp:featuredmedia":[{"embeddable":true,"href":"https:\/\/flakhobby.com\/sr\/wp-json\/wp\/v2\/media\/19286"}],"wp:attachment":[{"href":"https:\/\/flakhobby.com\/sr\/wp-json\/wp\/v2\/media?parent=19285"}],"wp:term":[{"taxonomy":"product_brand","embeddable":true,"href":"https:\/\/flakhobby.com\/sr\/wp-json\/wp\/v2\/product_brand?post=19285"},{"taxonomy":"product_cat","embeddable":true,"href":"https:\/\/flakhobby.com\/sr\/wp-json\/wp\/v2\/product_cat?post=19285"},{"taxonomy":"product_tag","embeddable":true,"href":"https:\/\/flakhobby.com\/sr\/wp-json\/wp\/v2\/product_tag?post=19285"}],"curies":[{"name":"wp","href":"https:\/\/api.w.org\/{rel}","templated":true}]}}