{"id":19197,"date":"2023-07-28T13:07:14","date_gmt":"2023-07-28T13:07:14","guid":{"rendered":"https:\/\/flakhobby.com\/?post_type=product&#038;p=19197"},"modified":"2024-06-10T17:57:03","modified_gmt":"2024-06-10T17:57:03","slug":"3m24-club-k-in-20ft-container-wkh-35ue-1-35","status":"publish","type":"product","link":"https:\/\/flakhobby.com\/sr\/\u043f\u0440\u043e\u0438\u0437\u0432\u043e\u0434\/3m24-club-k-in-20ft-container-wkh-35ue-1-35\/","title":{"rendered":"3M24 Club-k in 20ft Container wKh-35UE 1-35"},"content":{"rendered":"<p>\u2018Club-K&#8217; is Russian cruise missile system disguised in standard 20ft cargo container, which can be installed on railroad flatcars, ships, trucks or harbour areas without the risk of being discovered before use. Cruise missiles from &#8216;Club&#8217; family can be used against ships and ground targets. They have a range of 150km with flight altitude of 5-15 meters above water surface or 50-150 meters above ground surface and speed 0.8-3M.<\/p>","protected":false},"excerpt":{"rendered":"<p>3M24 Club-K<\/p>\n<p>Sadr\u017ei:<\/p>\n<ul>\n<li>Plasti\u010dna maketa 1-35<\/li>\n<li>Eceraj<\/li>\n<li>Dekali<\/li>\n<li>Sastavnica<\/li>\n<\/ul>\n<p>Vi\u0161e o maketi saznajte na sajtu proizvo\u0111a\u010da klikom <a href=\"http:\/\/www.trumpeter-china.com\/index.php?g=home&amp;m=product&amp;a=show&amp;id=3659&amp;l=en\">OVDE <\/a><\/p>","protected":false},"featured_media":19198,"template":"","meta":[],"product_brand":[],"product_cat":[15,328],"product_tag":[],"class_list":{"0":"post-19197","1":"product","2":"type-product","3":"status-publish","4":"has-post-thumbnail","6":"product_cat-plasticne-makete","7":"product_cat-vojna-vozila-i-oruda","8":"pa_brand-trumpeter","10":"first","11":"instock","12":"shipping-taxable","13":"purchasable","14":"product-type-simple"},"_links":{"self":[{"href":"https:\/\/flakhobby.com\/sr\/wp-json\/wp\/v2\/product\/19197","targetHints":{"allow":["GET"]}}],"collection":[{"href":"https:\/\/flakhobby.com\/sr\/wp-json\/wp\/v2\/product"}],"about":[{"href":"https:\/\/flakhobby.com\/sr\/wp-json\/wp\/v2\/types\/product"}],"version-history":[{"count":4,"href":"https:\/\/flakhobby.com\/sr\/wp-json\/wp\/v2\/product\/19197\/revisions"}],"predecessor-version":[{"id":19202,"href":"https:\/\/flakhobby.com\/sr\/wp-json\/wp\/v2\/product\/19197\/revisions\/19202"}],"wp:featuredmedia":[{"embeddable":true,"href":"https:\/\/flakhobby.com\/sr\/wp-json\/wp\/v2\/media\/19198"}],"wp:attachment":[{"href":"https:\/\/flakhobby.com\/sr\/wp-json\/wp\/v2\/media?parent=19197"}],"wp:term":[{"taxonomy":"product_brand","embeddable":true,"href":"https:\/\/flakhobby.com\/sr\/wp-json\/wp\/v2\/product_brand?post=19197"},{"taxonomy":"product_cat","embeddable":true,"href":"https:\/\/flakhobby.com\/sr\/wp-json\/wp\/v2\/product_cat?post=19197"},{"taxonomy":"product_tag","embeddable":true,"href":"https:\/\/flakhobby.com\/sr\/wp-json\/wp\/v2\/product_tag?post=19197"}],"curies":[{"name":"wp","href":"https:\/\/api.w.org\/{rel}","templated":true}]}}