{"id":18782,"date":"2023-06-24T22:23:26","date_gmt":"2023-06-24T22:23:26","guid":{"rendered":"https:\/\/flakhobby.com\/?post_type=product&#038;p=18782"},"modified":"2025-09-25T12:08:16","modified_gmt":"2025-09-25T12:08:16","slug":"u-rust-copper-blue-patina","status":"publish","type":"product","link":"https:\/\/flakhobby.com\/sr\/\u043f\u0440\u043e\u0438\u0437\u0432\u043e\u0434\/u-rust-copper-blue-patina\/","title":{"rendered":"U-RUST Copper Blue Patina"},"content":{"rendered":"<p>U-Rust asortiman proizvoda namenjen je stvaranju verodostojnih prikaza r\u0111e na maketama. Ovo nije obi\u010dna boja koja simulira r\u0111u, ve\u0107 se radi o proizvodu koji oksidira i stvara pravu r\u0111u. Te\u0161ko je dobiti bolji rezultat od ovoga.<\/p>\n<p>Vi\u0161e informacija o na\u010dinu kori\u0161\u0107enja ovog proizvoda mo\u017eete na\u0107i na slede\u0107em linku\u00a0: <a href=\"https:\/\/www.youtube.com\/watch?v=ymtS_GjYhZQ\" target=\"_blank\" rel=\"noopener\">KLIKNITE OVDE<\/a>.<\/p>","protected":false},"excerpt":{"rendered":"<p>Sredstvo za simuliranje efekata r\u0111e \u2013 40 mL<\/p>","protected":false},"featured_media":18783,"template":"","meta":[],"product_brand":[],"product_cat":[349,584],"product_tag":[],"class_list":{"0":"post-18782","1":"product","2":"type-product","3":"status-publish","4":"has-post-thumbnail","6":"product_cat-weathering","7":"product_cat-u-rust-by-ammo","8":"pa_brand-ammo","10":"first","11":"outofstock","12":"shipping-taxable","13":"purchasable","14":"product-type-simple"},"_links":{"self":[{"href":"https:\/\/flakhobby.com\/sr\/wp-json\/wp\/v2\/product\/18782","targetHints":{"allow":["GET"]}}],"collection":[{"href":"https:\/\/flakhobby.com\/sr\/wp-json\/wp\/v2\/product"}],"about":[{"href":"https:\/\/flakhobby.com\/sr\/wp-json\/wp\/v2\/types\/product"}],"version-history":[{"count":3,"href":"https:\/\/flakhobby.com\/sr\/wp-json\/wp\/v2\/product\/18782\/revisions"}],"predecessor-version":[{"id":20075,"href":"https:\/\/flakhobby.com\/sr\/wp-json\/wp\/v2\/product\/18782\/revisions\/20075"}],"wp:featuredmedia":[{"embeddable":true,"href":"https:\/\/flakhobby.com\/sr\/wp-json\/wp\/v2\/media\/18783"}],"wp:attachment":[{"href":"https:\/\/flakhobby.com\/sr\/wp-json\/wp\/v2\/media?parent=18782"}],"wp:term":[{"taxonomy":"product_brand","embeddable":true,"href":"https:\/\/flakhobby.com\/sr\/wp-json\/wp\/v2\/product_brand?post=18782"},{"taxonomy":"product_cat","embeddable":true,"href":"https:\/\/flakhobby.com\/sr\/wp-json\/wp\/v2\/product_cat?post=18782"},{"taxonomy":"product_tag","embeddable":true,"href":"https:\/\/flakhobby.com\/sr\/wp-json\/wp\/v2\/product_tag?post=18782"}],"curies":[{"name":"wp","href":"https:\/\/api.w.org\/{rel}","templated":true}]}}