{"id":18525,"date":"2023-06-24T19:16:27","date_gmt":"2023-06-24T19:16:27","guid":{"rendered":"https:\/\/flakhobby.com\/?post_type=product&#038;p=18525"},"modified":"2024-04-12T18:10:09","modified_gmt":"2024-04-12T18:10:09","slug":"a-stand-copper","status":"publish","type":"product","link":"https:\/\/flakhobby.com\/sr\/\u043f\u0440\u043e\u0438\u0437\u0432\u043e\u0434\/a-stand-copper\/","title":{"rendered":"A-STAND Copper"},"content":{"rendered":"<p><strong>A-STAND Metallic colours<\/strong><\/p>\n<p>\u0160irok asortiman A-STAND metalik boja Vam omogu\u0107ava da postignete realisti\u010dan fini\u0161 razli\u010ditih metala \u2013 bakar, mesing, zlato, razli\u010dite nijanse hroma, aluminijuma, srebra itd.<\/p>\n<p>Boje su vrlo otporne i ne bi trebalo da imaju problema sa drugim proizvodima ili bojama. Imaju vrlo fin pigment i malo koja boja mo\u017ee da ima parira.<\/p>\n<p><strong>Za\u0161to bi trebalo da odaberete A-STAND boje?<\/strong><\/p>\n<p>Boje iz A-STAND asortimana su ve\u0107 razre\u0111ene i vrlo lako se prskaju i ne dovode do za\u010depljenja erbra\u0161a. Kada se osu\u0161e dobijaju dugotrajan i otporan fini\u0161 i omogu\u0107avaju kori\u0161\u0107enje bilo kod lacquer, emajl ili akrilnog proizvoda preko bez problema. Tako\u0111e, traka za maskiranje se mo\u017ee koristiti preko A-STAND boja bez problema.<\/p>\n<p>A-STAND proizvodi se su\u0161e na dodir u roku od 30 minuta, ali je preporu\u010dljivo da ostavite boje 24 sata da se osu\u0161e do kraja pre nano\u0161enja drugih efekata.<br \/>\nKao i svi proizvodi na\u00a0Lacquer\u00a0osnovi, A-STAND boje su prvenstveno namenjene za erbra\u0161.<\/p>\n<p>Iako su A-STAND boje ve\u0107 razre\u0111ene i spremne za upotrebu, po potrebi se mogu razrediti sa A-STAND Airbrush Thinner &amp; Cleaner proizvodom \u2013 AMIG2013.<br \/>\nZa \u010di\u0161\u0107enje A-STAND boja je tako\u0111e preporu\u010den AMIG2013.<\/p>","protected":false},"excerpt":{"rendered":"<p>A-STAND Lacquer Metalik Boja \u2013 30 mL<\/p>","protected":false},"featured_media":18526,"template":"","meta":[],"product_brand":[],"product_cat":[583,339],"product_tag":[],"class_list":{"0":"post-18525","1":"product","2":"type-product","3":"status-publish","4":"has-post-thumbnail","6":"product_cat-a-stand-metallic-lacquer-30ml","7":"product_cat-boje-i-razredivaci","8":"pa_brand-ammo","10":"first","11":"instock","12":"shipping-taxable","13":"purchasable","14":"product-type-simple"},"_links":{"self":[{"href":"https:\/\/flakhobby.com\/sr\/wp-json\/wp\/v2\/product\/18525","targetHints":{"allow":["GET"]}}],"collection":[{"href":"https:\/\/flakhobby.com\/sr\/wp-json\/wp\/v2\/product"}],"about":[{"href":"https:\/\/flakhobby.com\/sr\/wp-json\/wp\/v2\/types\/product"}],"version-history":[{"count":4,"href":"https:\/\/flakhobby.com\/sr\/wp-json\/wp\/v2\/product\/18525\/revisions"}],"predecessor-version":[{"id":18644,"href":"https:\/\/flakhobby.com\/sr\/wp-json\/wp\/v2\/product\/18525\/revisions\/18644"}],"wp:featuredmedia":[{"embeddable":true,"href":"https:\/\/flakhobby.com\/sr\/wp-json\/wp\/v2\/media\/18526"}],"wp:attachment":[{"href":"https:\/\/flakhobby.com\/sr\/wp-json\/wp\/v2\/media?parent=18525"}],"wp:term":[{"taxonomy":"product_brand","embeddable":true,"href":"https:\/\/flakhobby.com\/sr\/wp-json\/wp\/v2\/product_brand?post=18525"},{"taxonomy":"product_cat","embeddable":true,"href":"https:\/\/flakhobby.com\/sr\/wp-json\/wp\/v2\/product_cat?post=18525"},{"taxonomy":"product_tag","embeddable":true,"href":"https:\/\/flakhobby.com\/sr\/wp-json\/wp\/v2\/product_tag?post=18525"}],"curies":[{"name":"wp","href":"https:\/\/api.w.org\/{rel}","templated":true}]}}