{"id":18428,"date":"2023-06-24T18:46:25","date_gmt":"2023-06-24T18:46:25","guid":{"rendered":"https:\/\/flakhobby.com\/?post_type=product&#038;p=18428"},"modified":"2025-10-20T12:17:44","modified_gmt":"2025-10-20T12:17:44","slug":"a-stand-brown-primer-microfiller","status":"publish","type":"product","link":"https:\/\/flakhobby.com\/sr\/\u043f\u0440\u043e\u0438\u0437\u0432\u043e\u0434\/a-stand-brown-primer-microfiller\/","title":{"rendered":"A-STAND Brown Primer &#038; Microfiller"},"content":{"rendered":"<p><strong>A-STAND\u00a0 Primer colours<\/strong><\/p>\n<p>Prajmeri iz A-STAND asortimana su me\u0111u najotpornijima na tr\u017ei\u0161tu. Dostupne su i mat i sjajne boje.<\/p>\n<p>Ovi prajmeri su istovremeno i mikrofileri i re\u0161avaju problem sitnih ogrebotina i povr\u0161inskih o\u0161te\u0107enja.<\/p>\n<p>Mogu se koristiti na svim vrstama plastike, rezinu i metala.<\/p>\n<p><strong>Za\u0161to bi trebalo da odaberete A-STAND boje?<\/strong><\/p>\n<p>Boje iz A-STAND asortimana su ve\u0107 razre\u0111ene i vrlo lako se prskaju i ne dovode do za\u010depljenja erbra\u0161a. Kada se osu\u0161e dobijaju dugotrajan i otporan fini\u0161 i omogu\u0107avaju kori\u0161\u0107enje bilo kod lacquer, emajl ili akrilnog proizvoda preko bez problema. Tako\u0111e, traka za maskiranje se mo\u017ee koristiti preko A-STAND boja bez problema.<\/p>\n<p>A-STAND proizvodi se su\u0161e na dodir u roku od 30 minuta, ali je preporu\u010dljivo da ostavite boje 24 sata da se osu\u0161e do kraja pre nano\u0161enja drugih efekata.<br \/>\nKao i svi proizvodi na\u00a0Lacquer\u00a0osnovi, A-STAND boje su prvenstveno namenjene za erbra\u0161.<\/p>\n<p>Iako su A-STAND boje ve\u0107 razre\u0111ene i spremne za upotrebu, po potrebi se mogu razrediti sa A-STAND Airbrush Thinner &amp; Cleaner proizvodom \u2013 AMIG2013.<br \/>\nZa \u010di\u0161\u0107enje A-STAND boja je tako\u0111e preporu\u010den AMIG2013.<\/p>","protected":false},"excerpt":{"rendered":"<p>Prajmer za plastiku, rezin i metal \u2013 30 mL<\/p>","protected":false},"featured_media":18432,"template":"","meta":[],"product_brand":[],"product_cat":[339,583,358,364],"product_tag":[],"class_list":{"0":"post-18428","1":"product","2":"type-product","3":"status-publish","4":"has-post-thumbnail","6":"product_cat-boje-i-razredivaci","7":"product_cat-a-stand-metallic-lacquer-30ml","8":"product_cat-maketarski-alat-i-pribor","9":"product_cat-prajmeri","10":"pa_brand-ammo","12":"first","13":"outofstock","14":"shipping-taxable","15":"purchasable","16":"product-type-simple"},"_links":{"self":[{"href":"https:\/\/flakhobby.com\/sr\/wp-json\/wp\/v2\/product\/18428","targetHints":{"allow":["GET"]}}],"collection":[{"href":"https:\/\/flakhobby.com\/sr\/wp-json\/wp\/v2\/product"}],"about":[{"href":"https:\/\/flakhobby.com\/sr\/wp-json\/wp\/v2\/types\/product"}],"version-history":[{"count":5,"href":"https:\/\/flakhobby.com\/sr\/wp-json\/wp\/v2\/product\/18428\/revisions"}],"predecessor-version":[{"id":18624,"href":"https:\/\/flakhobby.com\/sr\/wp-json\/wp\/v2\/product\/18428\/revisions\/18624"}],"wp:featuredmedia":[{"embeddable":true,"href":"https:\/\/flakhobby.com\/sr\/wp-json\/wp\/v2\/media\/18432"}],"wp:attachment":[{"href":"https:\/\/flakhobby.com\/sr\/wp-json\/wp\/v2\/media?parent=18428"}],"wp:term":[{"taxonomy":"product_brand","embeddable":true,"href":"https:\/\/flakhobby.com\/sr\/wp-json\/wp\/v2\/product_brand?post=18428"},{"taxonomy":"product_cat","embeddable":true,"href":"https:\/\/flakhobby.com\/sr\/wp-json\/wp\/v2\/product_cat?post=18428"},{"taxonomy":"product_tag","embeddable":true,"href":"https:\/\/flakhobby.com\/sr\/wp-json\/wp\/v2\/product_tag?post=18428"}],"curies":[{"name":"wp","href":"https:\/\/api.w.org\/{rel}","templated":true}]}}