{"id":17786,"date":"2023-04-17T17:33:37","date_gmt":"2023-04-17T17:33:37","guid":{"rendered":"https:\/\/flakhobby.com\/?post_type=product&#038;p=17786"},"modified":"2026-01-22T22:19:25","modified_gmt":"2026-01-22T21:19:25","slug":"vrh-cetkice-za-cetkicu-sa-zamenjivim-vrhom","status":"publish","type":"product","link":"https:\/\/flakhobby.com\/sr\/\u043f\u0440\u043e\u0438\u0437\u0432\u043e\u0434\/vrh-cetkice-za-cetkicu-sa-zamenjivim-vrhom\/","title":{"rendered":"Vrh \u010detkice &#8211; za \u010detkicu sa zamenjivim vrhom"},"content":{"rendered":"<p>Vrhunska najlonska \u010detkica (samo vrh), za kori\u0161\u0107enje na <span data-sheets-value=\"{&quot;1&quot;:2,&quot;2&quot;:&quot;AT-FB04&quot;}\" data-sheets-userformat=\"{&quot;2&quot;:12993,&quot;3&quot;:{&quot;1&quot;:0},&quot;9&quot;:0,&quot;10&quot;:2,&quot;12&quot;:0,&quot;15&quot;:&quot;Times New Roman&quot;,&quot;16&quot;:8}\"><a href=\"https:\/\/flakhobby.com\/sr\/%D0%BF%D1%80%D0%BE%D0%B8%D0%B7%D0%B2%D0%BE%D0%B4\/metalna-cetkica-sa-zamenjivim-vrhom\/\">AT-FB04 metalnoj \u010detkici.<\/a><br \/>\nNaravno mo\u017ee se koristiti i u izolaciji, mo\u017ee se zalepiti superlepkom na stare drvene \u010detkice.<\/span><\/p>","protected":false},"excerpt":{"rendered":"<p>Najlonska \u010detkica <a href=\"https:\/\/flakhobby.com\/sr\/%D0%BF%D1%80%D0%BE%D0%B8%D0%B7%D0%B2%D0%BE%D0%B4\/metalna-cetkica-sa-zamenjivim-vrhom\/\">(samo vrh)<\/a> &#8211; 3 komada u pakovanju<\/p>","protected":false},"featured_media":17791,"template":"","meta":[],"product_brand":[],"product_cat":[360,368,358],"product_tag":[],"class_list":{"0":"post-17786","1":"product","2":"type-product","3":"status-publish","4":"has-post-thumbnail","6":"product_cat-cetkice","7":"product_cat-ostalo","8":"product_cat-maketarski-alat-i-pribor","9":"pa_brand-dspiae","11":"first","12":"outofstock","13":"shipping-taxable","14":"purchasable","15":"product-type-variable"},"_links":{"self":[{"href":"https:\/\/flakhobby.com\/sr\/wp-json\/wp\/v2\/product\/17786","targetHints":{"allow":["GET"]}}],"collection":[{"href":"https:\/\/flakhobby.com\/sr\/wp-json\/wp\/v2\/product"}],"about":[{"href":"https:\/\/flakhobby.com\/sr\/wp-json\/wp\/v2\/types\/product"}],"version-history":[{"count":3,"href":"https:\/\/flakhobby.com\/sr\/wp-json\/wp\/v2\/product\/17786\/revisions"}],"predecessor-version":[{"id":17802,"href":"https:\/\/flakhobby.com\/sr\/wp-json\/wp\/v2\/product\/17786\/revisions\/17802"}],"wp:featuredmedia":[{"embeddable":true,"href":"https:\/\/flakhobby.com\/sr\/wp-json\/wp\/v2\/media\/17791"}],"wp:attachment":[{"href":"https:\/\/flakhobby.com\/sr\/wp-json\/wp\/v2\/media?parent=17786"}],"wp:term":[{"taxonomy":"product_brand","embeddable":true,"href":"https:\/\/flakhobby.com\/sr\/wp-json\/wp\/v2\/product_brand?post=17786"},{"taxonomy":"product_cat","embeddable":true,"href":"https:\/\/flakhobby.com\/sr\/wp-json\/wp\/v2\/product_cat?post=17786"},{"taxonomy":"product_tag","embeddable":true,"href":"https:\/\/flakhobby.com\/sr\/wp-json\/wp\/v2\/product_tag?post=17786"}],"curies":[{"name":"wp","href":"https:\/\/api.w.org\/{rel}","templated":true}]}}