{"id":17756,"date":"2023-04-17T16:55:11","date_gmt":"2023-04-17T16:55:11","guid":{"rendered":"https:\/\/flakhobby.com\/?post_type=product&#038;p=17756"},"modified":"2025-01-20T12:53:42","modified_gmt":"2025-01-20T12:53:42","slug":"sundjerasta-suva-smirgla-razlicite-granulacije-180-2500","status":"publish","type":"product","link":"https:\/\/flakhobby.com\/sr\/\u043f\u0440\u043e\u0438\u0437\u0432\u043e\u0434\/sundjerasta-suva-smirgla-razlicite-granulacije-180-2500\/","title":{"rendered":"Sundjerasta suva \u0161mirgla &#8211; razli\u010dite granulacije #180-2500"},"content":{"rendered":"<p>\u0160mirgla sa sundjerom debiljne 3mm, u 10 opcija granulacije.<\/p>","protected":false},"excerpt":{"rendered":"<p>\u0160mirgla sa sundjerom debiljne 3mm &#8211; 5 komada u pakovanju<\/p>","protected":false},"featured_media":17768,"template":"","meta":[],"product_brand":[],"product_cat":[358,367],"product_tag":[],"class_list":{"0":"post-17756","1":"product","2":"type-product","3":"status-publish","4":"has-post-thumbnail","6":"product_cat-maketarski-alat-i-pribor","7":"product_cat-rucni-alat-smirgle-konac-za-rigging","8":"pa_brand-dspiae","10":"first","11":"outofstock","12":"shipping-taxable","13":"purchasable","14":"product-type-variable"},"_links":{"self":[{"href":"https:\/\/flakhobby.com\/sr\/wp-json\/wp\/v2\/product\/17756","targetHints":{"allow":["GET"]}}],"collection":[{"href":"https:\/\/flakhobby.com\/sr\/wp-json\/wp\/v2\/product"}],"about":[{"href":"https:\/\/flakhobby.com\/sr\/wp-json\/wp\/v2\/types\/product"}],"version-history":[{"count":2,"href":"https:\/\/flakhobby.com\/sr\/wp-json\/wp\/v2\/product\/17756\/revisions"}],"predecessor-version":[{"id":25237,"href":"https:\/\/flakhobby.com\/sr\/wp-json\/wp\/v2\/product\/17756\/revisions\/25237"}],"wp:featuredmedia":[{"embeddable":true,"href":"https:\/\/flakhobby.com\/sr\/wp-json\/wp\/v2\/media\/17768"}],"wp:attachment":[{"href":"https:\/\/flakhobby.com\/sr\/wp-json\/wp\/v2\/media?parent=17756"}],"wp:term":[{"taxonomy":"product_brand","embeddable":true,"href":"https:\/\/flakhobby.com\/sr\/wp-json\/wp\/v2\/product_brand?post=17756"},{"taxonomy":"product_cat","embeddable":true,"href":"https:\/\/flakhobby.com\/sr\/wp-json\/wp\/v2\/product_cat?post=17756"},{"taxonomy":"product_tag","embeddable":true,"href":"https:\/\/flakhobby.com\/sr\/wp-json\/wp\/v2\/product_tag?post=17756"}],"curies":[{"name":"wp","href":"https:\/\/api.w.org\/{rel}","templated":true}]}}