{"id":17500,"date":"2023-04-03T16:48:22","date_gmt":"2023-04-03T16:48:22","guid":{"rendered":"https:\/\/flakhobby.com\/?post_type=product&#038;p=17500"},"modified":"2023-04-03T16:48:22","modified_gmt":"2023-04-03T16:48:22","slug":"1-72-uh-60-black-hawk","status":"publish","type":"product","link":"https:\/\/flakhobby.com\/sr\/\u043f\u0440\u043e\u0438\u0437\u0432\u043e\u0434\/1-72-uh-60-black-hawk\/","title":{"rendered":"1\/72 UH-60 Black Hawk"},"content":{"rendered":"<p>Oznake:<\/p>\n<h5>Sikorsky S-70A Black Hawk<\/h5>\n<h6><img decoding=\"async\" title=\"AU\" src=\"https:\/\/www.scalemates.com\/static\/images\/flags7\/32\/AU.png\" alt=\"AU\" width=\"16\" height=\"16\" \/>\u00a0Australian Army Aviation Corps<span class=\"nw\">\u00a0(1968-now)<\/span><\/h6>\n<ul class=\"ut\">\n<li class=\"dco p05\"><strong>171 Avn Sqn., 6 Avn Regt<\/strong>\u00a0<span class=\"nw bgd\">203\/A25-203<\/span><br \/>\n<span class=\"nw bgb\">2011<\/span><br \/>\n<a class=\"nw w4\" title=\"\" href=\"https:\/\/www.scalemates.com\/colors\/colorchip.php?id=1651\" rel=\"nofollow noopener\" target=\"_blank\">FS34092<\/a>\u00a0<a class=\"nw w4\" title=\"\" href=\"https:\/\/www.scalemates.com\/colors\/colorchip.php?id=1573\" rel=\"nofollow noopener\" target=\"_blank\">FS30219<\/a>\u00a0<a class=\"nw w4\" title=\"\" href=\"https:\/\/www.scalemates.com\/colors\/colorchip.php?id=1764\" rel=\"nofollow noopener\" target=\"_blank\">FS37038<\/a><\/li>\n<\/ul>\n<h5>Sikorsky UH-60A Black Hawk<\/h5>\n<h6><img decoding=\"async\" title=\"US\" src=\"https:\/\/www.scalemates.com\/static\/images\/flags7\/32\/US.png\" alt=\"US\" width=\"16\" height=\"16\" \/>\u00a0US Army Aviation Branch<span class=\"nw\">\u00a0(1983-now)<\/span><\/h6>\n<ul class=\"ut\">\n<li class=\"dco p05\"><strong>160 SOAR (A)<\/strong>\u00a0<span class=\"nw bgd\">23716<\/span><br \/>\n<span class=\"nw bgb\">May 2011<\/span>\u00a0Operation Neptune Spear\u00a0<img decoding=\"async\" title=\"AF\" src=\"https:\/\/www.scalemates.com\/static\/images\/flags7\/32\/AF.png\" alt=\"AF\" width=\"16\" height=\"16\" \/><br \/>\n<a class=\"nw w4\" title=\"\" href=\"https:\/\/www.scalemates.com\/colors\/colorchip.php?id=1645\" rel=\"nofollow noopener\" target=\"_blank\">FS34084<\/a><\/li>\n<\/ul>\n<h5>Sikorsky UH-60L Black Hawk<\/h5>\n<h6><img loading=\"lazy\" decoding=\"async\" title=\"CO\" src=\"https:\/\/www.scalemates.com\/static\/images\/flags7\/32\/CO.png\" alt=\"CO\" width=\"16\" height=\"16\" \/>\u00a0Colombian National Army Aviation<span class=\"nw\">\u00a0(Divisi\u00f3n de Aviaci\u00f3n Asalto A\u00e9reo del Ej\u00e9rcito)<\/span><\/h6>\n<ul class=\"ut\">\n<li class=\"dco p05\"><strong>2 Air Assault Aviation Bn. (Batall\u00f3n de Aviaci\u00f3n 2)<\/strong>\u00a0<span class=\"nw bgd\">ECJ2140<\/span><br \/>\n<span class=\"nw bgb\">2011<\/span><br \/>\n<a class=\"nw w4\" title=\"\" href=\"https:\/\/www.scalemates.com\/colors\/colorchip.php?id=1651\" rel=\"nofollow noopener\" target=\"_blank\">FS34092<\/a>\u00a0<a class=\"nw w4\" title=\"\" href=\"https:\/\/www.scalemates.com\/colors\/colorchip.php?id=1648\" rel=\"nofollow noopener\" target=\"_blank\">FS34088<\/a><\/li>\n<\/ul>","protected":false},"excerpt":{"rendered":"<p>Sadr\u017ei:<\/p>\n<ul>\n<li>Plasti\u010dna maketa &#8211; 1\/72<\/li>\n<li>Dekali<\/li>\n<li>Sastavnica<\/li>\n<\/ul>","protected":false},"featured_media":17501,"template":"","meta":[],"product_brand":[],"product_cat":[15,329],"product_tag":[],"class_list":{"0":"post-17500","1":"product","2":"type-product","3":"status-publish","4":"has-post-thumbnail","6":"product_cat-plasticne-makete","7":"product_cat-vojni-avioni-i-helikopteri","8":"pa_brand-italeri","10":"first","11":"instock","12":"shipping-taxable","13":"purchasable","14":"product-type-simple"},"_links":{"self":[{"href":"https:\/\/flakhobby.com\/sr\/wp-json\/wp\/v2\/product\/17500","targetHints":{"allow":["GET"]}}],"collection":[{"href":"https:\/\/flakhobby.com\/sr\/wp-json\/wp\/v2\/product"}],"about":[{"href":"https:\/\/flakhobby.com\/sr\/wp-json\/wp\/v2\/types\/product"}],"version-history":[{"count":1,"href":"https:\/\/flakhobby.com\/sr\/wp-json\/wp\/v2\/product\/17500\/revisions"}],"predecessor-version":[{"id":17503,"href":"https:\/\/flakhobby.com\/sr\/wp-json\/wp\/v2\/product\/17500\/revisions\/17503"}],"wp:featuredmedia":[{"embeddable":true,"href":"https:\/\/flakhobby.com\/sr\/wp-json\/wp\/v2\/media\/17501"}],"wp:attachment":[{"href":"https:\/\/flakhobby.com\/sr\/wp-json\/wp\/v2\/media?parent=17500"}],"wp:term":[{"taxonomy":"product_brand","embeddable":true,"href":"https:\/\/flakhobby.com\/sr\/wp-json\/wp\/v2\/product_brand?post=17500"},{"taxonomy":"product_cat","embeddable":true,"href":"https:\/\/flakhobby.com\/sr\/wp-json\/wp\/v2\/product_cat?post=17500"},{"taxonomy":"product_tag","embeddable":true,"href":"https:\/\/flakhobby.com\/sr\/wp-json\/wp\/v2\/product_tag?post=17500"}],"curies":[{"name":"wp","href":"https:\/\/api.w.org\/{rel}","templated":true}]}}