{"id":17233,"date":"2023-03-22T20:22:28","date_gmt":"2023-03-22T20:22:28","guid":{"rendered":"https:\/\/flakhobby.com\/?post_type=product&#038;p=17233"},"modified":"2025-10-30T15:31:41","modified_gmt":"2025-10-30T15:31:41","slug":"bezmirisni-emajl-razredivac-100ml-2","status":"publish","type":"product","link":"https:\/\/flakhobby.com\/sr\/\u043f\u0440\u043e\u0438\u0437\u0432\u043e\u0434\/bezmirisni-emajl-razredivac-100ml-2\/","title":{"rendered":"Bezmirisni emajl razre\u0111iva\u010d &#8211; 100mL"},"content":{"rendered":"<p>Bezmirisni razre\u0111iva\u010d za emajl i uljane boje koji je manje agresivan i bla\u017eeg efekta u odnosu na white spirit.<\/p>","protected":false},"excerpt":{"rendered":"<p>Bezmirisni razre\u0111iva\u010d za emajl i uljane boje &#8211; 100mL<\/p>","protected":false},"featured_media":17234,"template":"","meta":[],"product_brand":[],"product_cat":[339,348],"product_tag":[],"class_list":{"0":"post-17233","1":"product","2":"type-product","3":"status-publish","4":"has-post-thumbnail","6":"product_cat-boje-i-razredivaci","7":"product_cat-razredivaci","8":"pa_brand-ak-interactive","10":"first","11":"instock","12":"shipping-taxable","13":"purchasable","14":"product-type-simple"},"_links":{"self":[{"href":"https:\/\/flakhobby.com\/sr\/wp-json\/wp\/v2\/product\/17233","targetHints":{"allow":["GET"]}}],"collection":[{"href":"https:\/\/flakhobby.com\/sr\/wp-json\/wp\/v2\/product"}],"about":[{"href":"https:\/\/flakhobby.com\/sr\/wp-json\/wp\/v2\/types\/product"}],"version-history":[{"count":1,"href":"https:\/\/flakhobby.com\/sr\/wp-json\/wp\/v2\/product\/17233\/revisions"}],"predecessor-version":[{"id":17235,"href":"https:\/\/flakhobby.com\/sr\/wp-json\/wp\/v2\/product\/17233\/revisions\/17235"}],"wp:featuredmedia":[{"embeddable":true,"href":"https:\/\/flakhobby.com\/sr\/wp-json\/wp\/v2\/media\/17234"}],"wp:attachment":[{"href":"https:\/\/flakhobby.com\/sr\/wp-json\/wp\/v2\/media?parent=17233"}],"wp:term":[{"taxonomy":"product_brand","embeddable":true,"href":"https:\/\/flakhobby.com\/sr\/wp-json\/wp\/v2\/product_brand?post=17233"},{"taxonomy":"product_cat","embeddable":true,"href":"https:\/\/flakhobby.com\/sr\/wp-json\/wp\/v2\/product_cat?post=17233"},{"taxonomy":"product_tag","embeddable":true,"href":"https:\/\/flakhobby.com\/sr\/wp-json\/wp\/v2\/product_tag?post=17233"}],"curies":[{"name":"wp","href":"https:\/\/api.w.org\/{rel}","templated":true}]}}