{"id":17135,"date":"2023-03-22T19:04:17","date_gmt":"2023-03-22T19:04:17","guid":{"rendered":"https:\/\/flakhobby.com\/?post_type=product&#038;p=17135"},"modified":"2023-03-22T19:07:31","modified_gmt":"2023-03-22T19:07:31","slug":"naval-and-grey-effects-set","status":"publish","type":"product","link":"https:\/\/flakhobby.com\/sr\/\u043f\u0440\u043e\u0438\u0437\u0432\u043e\u0434\/naval-and-grey-effects-set\/","title":{"rendered":"Naval and Grey Effects Set"},"content":{"rendered":"<p>Set 6 uljanih boja napravljenih specifi\u010dno za makete sa manjim sadr\u017eajem te\u010dnosti. Nema potrebe cediti boju na ubrusu.<br \/>\nMo\u017ee se koristiti za pravljenje vo\u0161eva, ta\u010dkastih filtera, generalnog ostarevanja maketa, kako vozila tako i aviona.<\/p>\n<p>Razre\u0111uje se uljanim razre\u0111iva\u010dem. Postoji linija Abteilung 502 razre\u0111iva\u010da koji se preporu\u010duju za rad sa ovim bojama, ali nisu obavezni:<br \/>\n<a href=\"https:\/\/flakhobby.com\/sr\/%D0%BF%D1%80%D0%BE%D0%B8%D0%B7%D0%B2%D0%BE%D0%B4\/bezmirisni-emajl-razredivac-100ml\/\">ABT111 Bezmirisni razre\u0111iva\u010d<\/a><br \/>\n<a href=\"https:\/\/flakhobby.com\/sr\/%D0%BF%D1%80%D0%BE%D0%B8%D0%B7%D0%B2%D0%BE%D0%B4\/emajl-razredivac-sa-mat-efektom-100ml\/\">ABT112 Razre\u0111iva\u010d sa mat efektom<\/a><br \/>\n<a href=\"https:\/\/flakhobby.com\/sr\/%D0%BF%D1%80%D0%BE%D0%B8%D0%B7%D0%B2%D0%BE%D0%B4\/brzosuseci-emajl-razredivac-100ml\/\">ABT113 Brzosu\u0161e\u0107i razre\u0111iva\u010d<\/a><\/p>\n<p>Set sadr\u017ei:<\/p>\n<ul>\n<li><strong>ABT100 Neutral Grey<\/strong><\/li>\n<li><strong>ABT110 Black<\/strong><\/li>\n<li><strong>ABT150 Field Grey<\/strong><\/li>\n<li><strong>ABT165 Faded White<\/strong><\/li>\n<li><strong>ABT230 Blue-Green<\/strong><\/li>\n<li><strong>ABT235 Intense Blue<\/strong><\/li>\n<\/ul>","protected":false},"excerpt":{"rendered":"<p>Set 6 ABT 502 uljanih boja<\/p>","protected":false},"featured_media":17136,"template":"","meta":[],"product_brand":[],"product_cat":[354,349],"product_tag":[],"class_list":{"0":"post-17135","1":"product","2":"type-product","3":"status-publish","4":"has-post-thumbnail","6":"product_cat-uljane-boje","7":"product_cat-weathering","8":"pa_brand-abteilung-502","10":"first","11":"instock","12":"shipping-taxable","13":"purchasable","14":"product-type-simple"},"_links":{"self":[{"href":"https:\/\/flakhobby.com\/sr\/wp-json\/wp\/v2\/product\/17135","targetHints":{"allow":["GET"]}}],"collection":[{"href":"https:\/\/flakhobby.com\/sr\/wp-json\/wp\/v2\/product"}],"about":[{"href":"https:\/\/flakhobby.com\/sr\/wp-json\/wp\/v2\/types\/product"}],"version-history":[{"count":2,"href":"https:\/\/flakhobby.com\/sr\/wp-json\/wp\/v2\/product\/17135\/revisions"}],"predecessor-version":[{"id":17142,"href":"https:\/\/flakhobby.com\/sr\/wp-json\/wp\/v2\/product\/17135\/revisions\/17142"}],"wp:featuredmedia":[{"embeddable":true,"href":"https:\/\/flakhobby.com\/sr\/wp-json\/wp\/v2\/media\/17136"}],"wp:attachment":[{"href":"https:\/\/flakhobby.com\/sr\/wp-json\/wp\/v2\/media?parent=17135"}],"wp:term":[{"taxonomy":"product_brand","embeddable":true,"href":"https:\/\/flakhobby.com\/sr\/wp-json\/wp\/v2\/product_brand?post=17135"},{"taxonomy":"product_cat","embeddable":true,"href":"https:\/\/flakhobby.com\/sr\/wp-json\/wp\/v2\/product_cat?post=17135"},{"taxonomy":"product_tag","embeddable":true,"href":"https:\/\/flakhobby.com\/sr\/wp-json\/wp\/v2\/product_tag?post=17135"}],"curies":[{"name":"wp","href":"https:\/\/api.w.org\/{rel}","templated":true}]}}