{"id":16995,"date":"2023-03-22T18:21:55","date_gmt":"2023-03-22T18:21:55","guid":{"rendered":"https:\/\/flakhobby.com\/?post_type=product&#038;p=16995"},"modified":"2025-10-30T15:52:47","modified_gmt":"2025-10-30T15:52:47","slug":"bezmirisni-emajl-razredivac-100ml","status":"publish","type":"product","link":"https:\/\/flakhobby.com\/sr\/\u043f\u0440\u043e\u0438\u0437\u0432\u043e\u0434\/bezmirisni-emajl-razredivac-100ml\/","title":{"rendered":"Bezmirisni emajl razre\u0111iva\u010d &#8211; 100mL"},"content":{"rendered":"<p>Bezmirisni emajl razre\u0111iva\u010d koji je idealan za pravljenje vo\u0161eva, filtera i generalno blendovanje uljanih boja, itd.<\/p>","protected":false},"excerpt":{"rendered":"<p>Bezmirisni emajl razre\u0111iva\u010d &#8211; 100mL<\/p>","protected":false},"featured_media":16996,"template":"","meta":[],"product_brand":[],"product_cat":[339,348],"product_tag":[],"class_list":{"0":"post-16995","1":"product","2":"type-product","3":"status-publish","4":"has-post-thumbnail","6":"product_cat-boje-i-razredivaci","7":"product_cat-razredivaci","8":"pa_brand-abteilung-502","10":"first","11":"instock","12":"shipping-taxable","13":"purchasable","14":"product-type-simple"},"_links":{"self":[{"href":"https:\/\/flakhobby.com\/sr\/wp-json\/wp\/v2\/product\/16995","targetHints":{"allow":["GET"]}}],"collection":[{"href":"https:\/\/flakhobby.com\/sr\/wp-json\/wp\/v2\/product"}],"about":[{"href":"https:\/\/flakhobby.com\/sr\/wp-json\/wp\/v2\/types\/product"}],"version-history":[{"count":2,"href":"https:\/\/flakhobby.com\/sr\/wp-json\/wp\/v2\/product\/16995\/revisions"}],"predecessor-version":[{"id":16998,"href":"https:\/\/flakhobby.com\/sr\/wp-json\/wp\/v2\/product\/16995\/revisions\/16998"}],"wp:featuredmedia":[{"embeddable":true,"href":"https:\/\/flakhobby.com\/sr\/wp-json\/wp\/v2\/media\/16996"}],"wp:attachment":[{"href":"https:\/\/flakhobby.com\/sr\/wp-json\/wp\/v2\/media?parent=16995"}],"wp:term":[{"taxonomy":"product_brand","embeddable":true,"href":"https:\/\/flakhobby.com\/sr\/wp-json\/wp\/v2\/product_brand?post=16995"},{"taxonomy":"product_cat","embeddable":true,"href":"https:\/\/flakhobby.com\/sr\/wp-json\/wp\/v2\/product_cat?post=16995"},{"taxonomy":"product_tag","embeddable":true,"href":"https:\/\/flakhobby.com\/sr\/wp-json\/wp\/v2\/product_tag?post=16995"}],"curies":[{"name":"wp","href":"https:\/\/api.w.org\/{rel}","templated":true}]}}