{"id":16994,"date":"2023-03-22T18:26:35","date_gmt":"2023-03-22T18:26:35","guid":{"rendered":"https:\/\/flakhobby.com\/?post_type=product&#038;p=16994"},"modified":"2025-11-03T15:46:03","modified_gmt":"2025-11-03T15:46:03","slug":"bitume","status":"publish","type":"product","link":"https:\/\/flakhobby.com\/sr\/\u043f\u0440\u043e\u0438\u0437\u0432\u043e\u0434\/bitume\/","title":{"rendered":"Bitume"},"content":{"rendered":"<p>Uljana boja napravljena specifi\u010dno za makete sa manjim sadr\u017eajem te\u010dnosti. Nema potrebe cediti boju na ubrusu.<br \/>\nMo\u017ee se koristiti za pravljenje vo\u0161eva, ta\u010dkastih filtera, generalnog ostarevanja maketa, kako vozila tako i aviona.<\/p>\n<p>Razre\u0111uje se uljanim razre\u0111iva\u010dem. Postoji linija Abteilung 502 razre\u0111iva\u010da koji se preporu\u010duju za rad sa ovim bojama, ali nisu obavezni:<br \/>\n<a href=\"https:\/\/flakhobby.com\/sr\/%D0%BF%D1%80%D0%BE%D0%B8%D0%B7%D0%B2%D0%BE%D0%B4\/bezmirisni-emajl-razredivac-100ml\/\">ABT111 Bezmirisni razre\u0111iva\u010d<\/a><br \/>\n<a href=\"https:\/\/flakhobby.com\/sr\/%D0%BF%D1%80%D0%BE%D0%B8%D0%B7%D0%B2%D0%BE%D0%B4\/emajl-razredivac-sa-mat-efektom-100ml\/\">ABT112 Razre\u0111iva\u010d sa mat efektom<\/a><br \/>\n<a href=\"https:\/\/flakhobby.com\/sr\/%D0%BF%D1%80%D0%BE%D0%B8%D0%B7%D0%B2%D0%BE%D0%B4\/brzosuseci-emajl-razredivac-100ml\/\">ABT113 Brzosu\u0161e\u0107i razre\u0111iva\u010d<\/a><\/p>","protected":false},"excerpt":{"rendered":"<p>ABT 502 &#8211; Uljana boja<\/p>","protected":false},"featured_media":17006,"template":"","meta":[],"product_brand":[],"product_cat":[354,349],"product_tag":[],"class_list":{"0":"post-16994","1":"product","2":"type-product","3":"status-publish","4":"has-post-thumbnail","6":"product_cat-uljane-boje","7":"product_cat-weathering","8":"pa_brand-abteilung-502","10":"first","11":"instock","12":"shipping-taxable","13":"purchasable","14":"product-type-simple"},"_links":{"self":[{"href":"https:\/\/flakhobby.com\/sr\/wp-json\/wp\/v2\/product\/16994","targetHints":{"allow":["GET"]}}],"collection":[{"href":"https:\/\/flakhobby.com\/sr\/wp-json\/wp\/v2\/product"}],"about":[{"href":"https:\/\/flakhobby.com\/sr\/wp-json\/wp\/v2\/types\/product"}],"version-history":[{"count":1,"href":"https:\/\/flakhobby.com\/sr\/wp-json\/wp\/v2\/product\/16994\/revisions"}],"predecessor-version":[{"id":17007,"href":"https:\/\/flakhobby.com\/sr\/wp-json\/wp\/v2\/product\/16994\/revisions\/17007"}],"wp:featuredmedia":[{"embeddable":true,"href":"https:\/\/flakhobby.com\/sr\/wp-json\/wp\/v2\/media\/17006"}],"wp:attachment":[{"href":"https:\/\/flakhobby.com\/sr\/wp-json\/wp\/v2\/media?parent=16994"}],"wp:term":[{"taxonomy":"product_brand","embeddable":true,"href":"https:\/\/flakhobby.com\/sr\/wp-json\/wp\/v2\/product_brand?post=16994"},{"taxonomy":"product_cat","embeddable":true,"href":"https:\/\/flakhobby.com\/sr\/wp-json\/wp\/v2\/product_cat?post=16994"},{"taxonomy":"product_tag","embeddable":true,"href":"https:\/\/flakhobby.com\/sr\/wp-json\/wp\/v2\/product_tag?post=16994"}],"curies":[{"name":"wp","href":"https:\/\/api.w.org\/{rel}","templated":true}]}}