{"id":16983,"date":"2023-03-21T22:23:13","date_gmt":"2023-03-21T22:23:13","guid":{"rendered":"https:\/\/flakhobby.com\/?post_type=product&#038;p=16983"},"modified":"2023-03-21T22:23:13","modified_gmt":"2023-03-21T22:23:13","slug":"true-metal-old-bronze","status":"publish","type":"product","link":"https:\/\/flakhobby.com\/sr\/\u043f\u0440\u043e\u0438\u0437\u0432\u043e\u0434\/true-metal-old-bronze\/","title":{"rendered":"True Metal &#8211; Old Bronze"},"content":{"rendered":"<p>Metalik boja na bazi voska. Mo\u017ee se naneti prstom, pamu\u010dnom \u010da\u010dkalicom ili \u010detkicom. Vrlo lako se \u010disti bilo kojom vrstom\u00a0<em>cleaner-a.\u00a0<\/em>Nakon \u0161to se osu\u0161i mo\u017ee se ispolirati do vrhunskog sjaja.<br \/>\nMo\u017ee se lakirati posle. Preporu\u010deno je ostaviti da osu\u0161i 48 sati.<\/p>","protected":false},"excerpt":{"rendered":"<p>Metalik boja na bazi voska.<\/p>","protected":false},"featured_media":16984,"template":"","meta":[],"product_brand":[],"product_cat":[339,346],"product_tag":[],"class_list":{"0":"post-16983","1":"product","2":"type-product","3":"status-publish","4":"has-post-thumbnail","6":"product_cat-boje-i-razredivaci","7":"product_cat-true-metal","8":"pa_brand-ak-interactive","10":"first","11":"instock","12":"shipping-taxable","13":"purchasable","14":"product-type-simple"},"_links":{"self":[{"href":"https:\/\/flakhobby.com\/sr\/wp-json\/wp\/v2\/product\/16983","targetHints":{"allow":["GET"]}}],"collection":[{"href":"https:\/\/flakhobby.com\/sr\/wp-json\/wp\/v2\/product"}],"about":[{"href":"https:\/\/flakhobby.com\/sr\/wp-json\/wp\/v2\/types\/product"}],"version-history":[{"count":1,"href":"https:\/\/flakhobby.com\/sr\/wp-json\/wp\/v2\/product\/16983\/revisions"}],"predecessor-version":[{"id":16985,"href":"https:\/\/flakhobby.com\/sr\/wp-json\/wp\/v2\/product\/16983\/revisions\/16985"}],"wp:featuredmedia":[{"embeddable":true,"href":"https:\/\/flakhobby.com\/sr\/wp-json\/wp\/v2\/media\/16984"}],"wp:attachment":[{"href":"https:\/\/flakhobby.com\/sr\/wp-json\/wp\/v2\/media?parent=16983"}],"wp:term":[{"taxonomy":"product_brand","embeddable":true,"href":"https:\/\/flakhobby.com\/sr\/wp-json\/wp\/v2\/product_brand?post=16983"},{"taxonomy":"product_cat","embeddable":true,"href":"https:\/\/flakhobby.com\/sr\/wp-json\/wp\/v2\/product_cat?post=16983"},{"taxonomy":"product_tag","embeddable":true,"href":"https:\/\/flakhobby.com\/sr\/wp-json\/wp\/v2\/product_tag?post=16983"}],"curies":[{"name":"wp","href":"https:\/\/api.w.org\/{rel}","templated":true}]}}