{"id":15453,"date":"2022-10-22T19:29:22","date_gmt":"2022-10-22T19:29:22","guid":{"rendered":"https:\/\/flakhobby.com\/?post_type=product&#038;p=15453"},"modified":"2025-06-13T11:46:40","modified_gmt":"2025-06-13T11:46:40","slug":"hobi-nozic","status":"publish","type":"product","link":"https:\/\/flakhobby.com\/sr\/\u043f\u0440\u043e\u0438\u0437\u0432\u043e\u0434\/hobi-nozic\/","title":{"rendered":"Hobi no\u017ei\u0107"},"content":{"rendered":"","protected":false},"excerpt":{"rendered":"<p>Hobi no\u017ei\u0107<\/p>\n<ul>\n<li>Anti roll poklopac<\/li>\n<li>21 zamenski no\u017ei\u0107<\/li>\n<li>Kutija za no\u017ei\u0107e<\/li>\n<\/ul>","protected":false},"featured_media":15454,"template":"","meta":[],"product_brand":[],"product_cat":[358,367],"product_tag":[],"class_list":{"0":"post-15453","1":"product","2":"type-product","3":"status-publish","4":"has-post-thumbnail","6":"product_cat-maketarski-alat-i-pribor","7":"product_cat-rucni-alat-smirgle-konac-za-rigging","8":"pa_brand-dspiae","10":"first","11":"outofstock","12":"shipping-taxable","13":"purchasable","14":"product-type-simple"},"_links":{"self":[{"href":"https:\/\/flakhobby.com\/sr\/wp-json\/wp\/v2\/product\/15453","targetHints":{"allow":["GET"]}}],"collection":[{"href":"https:\/\/flakhobby.com\/sr\/wp-json\/wp\/v2\/product"}],"about":[{"href":"https:\/\/flakhobby.com\/sr\/wp-json\/wp\/v2\/types\/product"}],"version-history":[{"count":1,"href":"https:\/\/flakhobby.com\/sr\/wp-json\/wp\/v2\/product\/15453\/revisions"}],"predecessor-version":[{"id":15461,"href":"https:\/\/flakhobby.com\/sr\/wp-json\/wp\/v2\/product\/15453\/revisions\/15461"}],"wp:featuredmedia":[{"embeddable":true,"href":"https:\/\/flakhobby.com\/sr\/wp-json\/wp\/v2\/media\/15454"}],"wp:attachment":[{"href":"https:\/\/flakhobby.com\/sr\/wp-json\/wp\/v2\/media?parent=15453"}],"wp:term":[{"taxonomy":"product_brand","embeddable":true,"href":"https:\/\/flakhobby.com\/sr\/wp-json\/wp\/v2\/product_brand?post=15453"},{"taxonomy":"product_cat","embeddable":true,"href":"https:\/\/flakhobby.com\/sr\/wp-json\/wp\/v2\/product_cat?post=15453"},{"taxonomy":"product_tag","embeddable":true,"href":"https:\/\/flakhobby.com\/sr\/wp-json\/wp\/v2\/product_tag?post=15453"}],"curies":[{"name":"wp","href":"https:\/\/api.w.org\/{rel}","templated":true}]}}