{"id":14993,"date":"2022-10-05T20:07:21","date_gmt":"2022-10-05T20:07:21","guid":{"rendered":"https:\/\/flakhobby.com\/?post_type=product&#038;p=14993"},"modified":"2023-08-18T16:28:30","modified_gmt":"2023-08-18T16:28:30","slug":"f-15b-d-israeli-air-force-u-s-air-force","status":"publish","type":"product","link":"https:\/\/flakhobby.com\/sr\/\u043f\u0440\u043e\u0438\u0437\u0432\u043e\u0434\/f-15b-d-israeli-air-force-u-s-air-force\/","title":{"rendered":"F-15B\/D Israeli Air Force &#038; U.S. Air Force"},"content":{"rendered":"<p>Plasti\u010dna maketa \u010duvenog ameri\u010dkog lovca F-15 u razmeri 1\/48.<br \/>\nOznake:<\/p>\n<h5>McDonnell Douglas F-15B-16-MC Eagle<\/h5>\n<h6><img decoding=\"async\" title=\"IL\" src=\"https:\/\/www.scalemates.com\/static\/images\/flags7\/32\/IL.png\" alt=\"IL\" width=\"16\" height=\"16\" \/>\u00a0Heyl Ha&#8217;Avir (Israeli Air Force 1948-now)<\/h6>\n<ul class=\"ut\">\n<li class=\"dco\"><strong>133 Tayeset (Twin-Tail Knights) Sqn.<\/strong>\u00a0<span class=\"nw bgd\">404<\/span><br \/>\n<span class=\"nw bgb\">1982<\/span><\/li>\n<\/ul>\n<h5>McDonnell Douglas F-15B-9-MC Eagle<\/h5>\n<h6><img decoding=\"async\" title=\"IL\" src=\"https:\/\/www.scalemates.com\/static\/images\/flags7\/32\/IL.png\" alt=\"IL\" width=\"16\" height=\"16\" \/>\u00a0Heyl Ha&#8217;Avir (Israeli Air Force 1948-now)<\/h6>\n<ul class=\"ut\">\n<li class=\"dco\"><strong>133 Tayeset (Twin-Tail Knights) Sqn.<\/strong>\u00a0<span class=\"nw bgd\">113<\/span><br \/>\n<span class=\"nw bgb\">2006<\/span><\/li>\n<\/ul>\n<h5>McDonnell Douglas F-15D-25-MC Eagle<\/h5>\n<h6><img decoding=\"async\" title=\"US\" src=\"https:\/\/www.scalemates.com\/static\/images\/flags7\/32\/US.png\" alt=\"US\" width=\"16\" height=\"16\" \/>\u00a0US Air Force (1947-now)<\/h6>\n<ul class=\"ut\">\n<li class=\"dco\"><strong>123 FS, 142 FW, Oregon ANG<\/strong>\u00a0<span class=\"nw bgd\">79-0011<\/span><\/li>\n<\/ul>\n<h5>McDonnell Douglas F-15D-35-MC Eagle<\/h5>\n<h6><img decoding=\"async\" title=\"US\" src=\"https:\/\/www.scalemates.com\/static\/images\/flags7\/32\/US.png\" alt=\"US\" width=\"16\" height=\"16\" \/>\u00a0US Air Force (1947-now)<\/h6>\n<ul class=\"ut\">\n<li class=\"dco\"><strong>63 FS, 56 FW<\/strong>\u00a0<span class=\"nw bgd\">83-0046<\/span><br \/>\n<span class=\"nw bgb\">2009<\/span>\u00a0&#8211; Kadena AB\u00a0<img decoding=\"async\" title=\"JP\" src=\"https:\/\/www.scalemates.com\/static\/images\/flags7\/32\/JP.png\" alt=\"JP\" width=\"16\" height=\"16\" \/><\/li>\n<\/ul>","protected":false},"excerpt":{"rendered":"<p>Sadr\u017ei:<\/p>\n<ul>\n<li>Plasti\u010dna maketa &#8211; 1\/48<\/li>\n<li>Dekali &#8211; 4 opcije<\/li>\n<li>Sastavnica<\/li>\n<\/ul>","protected":false},"featured_media":14995,"template":"","meta":[],"product_brand":[],"product_cat":[15,329],"product_tag":[],"class_list":{"0":"post-14993","1":"product","2":"type-product","3":"status-publish","4":"has-post-thumbnail","6":"product_cat-plasticne-makete","7":"product_cat-vojni-avioni-i-helikopteri","8":"pa_brand-greatwallhobby","10":"first","11":"outofstock","12":"shipping-taxable","13":"purchasable","14":"product-type-simple"},"_links":{"self":[{"href":"https:\/\/flakhobby.com\/sr\/wp-json\/wp\/v2\/product\/14993","targetHints":{"allow":["GET"]}}],"collection":[{"href":"https:\/\/flakhobby.com\/sr\/wp-json\/wp\/v2\/product"}],"about":[{"href":"https:\/\/flakhobby.com\/sr\/wp-json\/wp\/v2\/types\/product"}],"version-history":[{"count":2,"href":"https:\/\/flakhobby.com\/sr\/wp-json\/wp\/v2\/product\/14993\/revisions"}],"predecessor-version":[{"id":15211,"href":"https:\/\/flakhobby.com\/sr\/wp-json\/wp\/v2\/product\/14993\/revisions\/15211"}],"wp:featuredmedia":[{"embeddable":true,"href":"https:\/\/flakhobby.com\/sr\/wp-json\/wp\/v2\/media\/14995"}],"wp:attachment":[{"href":"https:\/\/flakhobby.com\/sr\/wp-json\/wp\/v2\/media?parent=14993"}],"wp:term":[{"taxonomy":"product_brand","embeddable":true,"href":"https:\/\/flakhobby.com\/sr\/wp-json\/wp\/v2\/product_brand?post=14993"},{"taxonomy":"product_cat","embeddable":true,"href":"https:\/\/flakhobby.com\/sr\/wp-json\/wp\/v2\/product_cat?post=14993"},{"taxonomy":"product_tag","embeddable":true,"href":"https:\/\/flakhobby.com\/sr\/wp-json\/wp\/v2\/product_tag?post=14993"}],"curies":[{"name":"wp","href":"https:\/\/api.w.org\/{rel}","templated":true}]}}