{"id":14572,"date":"2022-09-20T18:48:31","date_gmt":"2022-09-20T18:48:31","guid":{"rendered":"https:\/\/flakhobby.com\/?post_type=product&#038;p=14572"},"modified":"2023-08-18T16:29:10","modified_gmt":"2023-08-18T16:29:10","slug":"f6f-5-hellcat-profipack","status":"publish","type":"product","link":"https:\/\/flakhobby.com\/sr\/\u043f\u0440\u043e\u0438\u0437\u0432\u043e\u0434\/f6f-5-hellcat-profipack\/","title":{"rendered":"F6F-5 Hellcat Profipack"},"content":{"rendered":"<p>Plasti\u010dna maketa ameri\u010dkog mornari\u010dkog aviona F6F-5 Hellcat u razmeri 1\/72.<\/p>\n<p>Oznake:<\/p>\n<h5>Grumman F6F-5 Hellcat<\/h5>\n<h6><img decoding=\"async\" title=\"US\" src=\"https:\/\/www.scalemates.com\/static\/images\/flags7\/32\/US.png\" alt=\"US\" width=\"16\" height=\"16\" \/>\u00a0US Navy (1794-now)<\/h6>\n<ul class=\"ut\">\n<li class=\"dco\"><strong>Air Group 15<\/strong>\u00a0<span class=\"nw bgd\">70143<\/span>\u00a0<em>(Cdr. David McCampbell)<\/em><br \/>\n<span class=\"nw bgb\">October 1944<\/span>\u00a0&#8211; USS Essex (CV-9)<br \/>\n<span class=\"nw\" title=\"\">FS25042<\/span><\/li>\n<li class=\"dco\"><strong>VF-20<\/strong>\u00a0<em>(Lt. Leo Bob McCuddin)<\/em><br \/>\n<span class=\"nw bgb\">October 1944<\/span>\u00a0&#8211; USS Enterprise (CV-6)<br \/>\n<span class=\"nw\" title=\"\">FS25042<\/span><\/li>\n<li class=\"dco\"><strong>VF-27<\/strong>\u00a0<em>(Lt. Carl A. Brown Jr.)<\/em><br \/>\n<span class=\"nw bgb\">October 1944<\/span>\u00a0&#8211; USS Princeton (CVL-23)<br \/>\n<span class=\"nw\" title=\"\">FS25042<\/span><\/li>\n<li class=\"dco\"><strong>VF-83<\/strong>\u00a0<span class=\"nw bgd\">72534<\/span>\u00a0<em>(Ensign Donald McPherson)<\/em><br \/>\n<span class=\"nw bgb\">May 1945<\/span>\u00a0&#8211; USS Essex (CV-9)<br \/>\n<span class=\"nw\" title=\"\">FS25042<\/span><\/li>\n<\/ul>","protected":false},"excerpt":{"rendered":"<p>Sadr\u017ei:<\/p>\n<ul>\n<li>Plasti\u010dna maketa &#8211; 1\/72<\/li>\n<li>Eceraj<\/li>\n<li>Maske za poklopac kabine<\/li>\n<li>Dekali &#8211; 4 opcije<\/li>\n<li>Sastavnica u boji<\/li>\n<\/ul>","protected":false},"featured_media":14573,"template":"","meta":[],"product_brand":[],"product_cat":[15,329],"product_tag":[],"class_list":{"0":"post-14572","1":"product","2":"type-product","3":"status-publish","4":"has-post-thumbnail","6":"product_cat-plasticne-makete","7":"product_cat-vojni-avioni-i-helikopteri","8":"pa_brand-eduard","10":"first","11":"outofstock","12":"shipping-taxable","13":"purchasable","14":"product-type-simple"},"_links":{"self":[{"href":"https:\/\/flakhobby.com\/sr\/wp-json\/wp\/v2\/product\/14572","targetHints":{"allow":["GET"]}}],"collection":[{"href":"https:\/\/flakhobby.com\/sr\/wp-json\/wp\/v2\/product"}],"about":[{"href":"https:\/\/flakhobby.com\/sr\/wp-json\/wp\/v2\/types\/product"}],"version-history":[{"count":3,"href":"https:\/\/flakhobby.com\/sr\/wp-json\/wp\/v2\/product\/14572\/revisions"}],"predecessor-version":[{"id":14632,"href":"https:\/\/flakhobby.com\/sr\/wp-json\/wp\/v2\/product\/14572\/revisions\/14632"}],"wp:featuredmedia":[{"embeddable":true,"href":"https:\/\/flakhobby.com\/sr\/wp-json\/wp\/v2\/media\/14573"}],"wp:attachment":[{"href":"https:\/\/flakhobby.com\/sr\/wp-json\/wp\/v2\/media?parent=14572"}],"wp:term":[{"taxonomy":"product_brand","embeddable":true,"href":"https:\/\/flakhobby.com\/sr\/wp-json\/wp\/v2\/product_brand?post=14572"},{"taxonomy":"product_cat","embeddable":true,"href":"https:\/\/flakhobby.com\/sr\/wp-json\/wp\/v2\/product_cat?post=14572"},{"taxonomy":"product_tag","embeddable":true,"href":"https:\/\/flakhobby.com\/sr\/wp-json\/wp\/v2\/product_tag?post=14572"}],"curies":[{"name":"wp","href":"https:\/\/api.w.org\/{rel}","templated":true}]}}