{"id":14554,"date":"2022-09-19T19:28:21","date_gmt":"2022-09-19T19:28:21","guid":{"rendered":"https:\/\/flakhobby.com\/?post_type=product&#038;p=14554"},"modified":"2024-12-04T20:01:53","modified_gmt":"2024-12-04T20:01:53","slug":"f6f-3-hellcat-weekend-edition","status":"publish","type":"product","link":"https:\/\/flakhobby.com\/sr\/\u043f\u0440\u043e\u0438\u0437\u0432\u043e\u0434\/f6f-3-hellcat-weekend-edition\/","title":{"rendered":"F6F-3 Hellcat Weekend Edition"},"content":{"rendered":"<p>Plasti\u010dna maketa ameri\u010dkog mornari\u010dkog aviona F6F-3 Hellcat u razmeri 1\/72.<\/p>\n<p>Oznake:<\/p>\n<h5>Grumman F6F-3 Hellcat<\/h5>\n<h6><img decoding=\"async\" title=\"US\" src=\"https:\/\/www.scalemates.com\/static\/images\/flags7\/32\/US.png\" alt=\"US\" width=\"16\" height=\"16\" \/>\u00a0US Navy (1794-now)<\/h6>\n<ul class=\"ut\">\n<li class=\"dco\"><strong>CAG-15<\/strong>\u00a0<span class=\"nw bgn\">The Minsi<\/span>\u00a0<em>(Lt Cdr. David McCampbell)<\/em><br \/>\n<span class=\"nw bgb\">June 1944<\/span>\u00a0&#8211; USS Essex (CV-9)\u00a0<img decoding=\"async\" title=\"GU\" src=\"https:\/\/www.scalemates.com\/static\/images\/flags7\/32\/GU.png\" alt=\"GU\" width=\"16\" height=\"16\" \/><br \/>\nGloss Sea Blue, Intermediate Blue, White<\/li>\n<li class=\"dco\"><strong>VF-16<\/strong>\u00a0<span class=\"nw bgd\">32 | 40994<\/span>\u00a0<em>(Lt Alexander Vraciu)<\/em><br \/>\n<span class=\"nw bgb\">June 1944<\/span>\u00a0Marianas Turkey Shoot &#8211; USS Lexington (CV-16)\u00a0<img decoding=\"async\" title=\"PW\" src=\"https:\/\/www.scalemates.com\/static\/images\/flags7\/32\/PW.png\" alt=\"PW\" width=\"16\" height=\"16\" \/><br \/>\nGloss Sea Blue, Intermediate Blue, White<\/li>\n<li class=\"dco\"><strong>VF-27<\/strong>\u00a0<span class=\"nw bgd\">F11<\/span><br \/>\n<span class=\"nw bgb\">October 1944<\/span>\u00a0&#8211; USS Princeton (CVL-23)\u00a0<img loading=\"lazy\" decoding=\"async\" title=\"PH\" src=\"https:\/\/www.scalemates.com\/static\/images\/flags7\/32\/PH.png\" alt=\"PH\" width=\"16\" height=\"16\" \/><br \/>\nGloss Sea Blue, Intermediate Blue, White<\/li>\n<li class=\"dco\"><strong>VF-38<\/strong>\u00a0<span class=\"nw bgd\">14<\/span>\u00a0<span class=\"nw bgn\">Miss New Orleans<\/span><br \/>\n<span class=\"nw bgb\">May 1943<\/span>\u00a0&#8211; Munda Airfield, New Georgia\u00a0<img loading=\"lazy\" decoding=\"async\" title=\"SB\" src=\"https:\/\/www.scalemates.com\/static\/images\/flags7\/32\/SB.png\" alt=\"SB\" width=\"16\" height=\"16\" \/><\/li>\n<\/ul>","protected":false},"excerpt":{"rendered":"<p><strong>Sadr\u017ei:<\/strong><\/p>\n<ul>\n<li>Plasti\u010dna maketa \u2013 1\/72<\/li>\n<li>Dekali \u2013 4 opcije<\/li>\n<li>Sastavnica u boji<\/li>\n<\/ul>","protected":false},"featured_media":14555,"template":"","meta":[],"product_brand":[],"product_cat":[15,329],"product_tag":[],"class_list":{"0":"post-14554","1":"product","2":"type-product","3":"status-publish","4":"has-post-thumbnail","6":"product_cat-plasticne-makete","7":"product_cat-vojni-avioni-i-helikopteri","8":"pa_brand-eduard","10":"first","11":"outofstock","12":"shipping-taxable","13":"purchasable","14":"product-type-simple"},"_links":{"self":[{"href":"https:\/\/flakhobby.com\/sr\/wp-json\/wp\/v2\/product\/14554","targetHints":{"allow":["GET"]}}],"collection":[{"href":"https:\/\/flakhobby.com\/sr\/wp-json\/wp\/v2\/product"}],"about":[{"href":"https:\/\/flakhobby.com\/sr\/wp-json\/wp\/v2\/types\/product"}],"version-history":[{"count":1,"href":"https:\/\/flakhobby.com\/sr\/wp-json\/wp\/v2\/product\/14554\/revisions"}],"predecessor-version":[{"id":14567,"href":"https:\/\/flakhobby.com\/sr\/wp-json\/wp\/v2\/product\/14554\/revisions\/14567"}],"wp:featuredmedia":[{"embeddable":true,"href":"https:\/\/flakhobby.com\/sr\/wp-json\/wp\/v2\/media\/14555"}],"wp:attachment":[{"href":"https:\/\/flakhobby.com\/sr\/wp-json\/wp\/v2\/media?parent=14554"}],"wp:term":[{"taxonomy":"product_brand","embeddable":true,"href":"https:\/\/flakhobby.com\/sr\/wp-json\/wp\/v2\/product_brand?post=14554"},{"taxonomy":"product_cat","embeddable":true,"href":"https:\/\/flakhobby.com\/sr\/wp-json\/wp\/v2\/product_cat?post=14554"},{"taxonomy":"product_tag","embeddable":true,"href":"https:\/\/flakhobby.com\/sr\/wp-json\/wp\/v2\/product_tag?post=14554"}],"curies":[{"name":"wp","href":"https:\/\/api.w.org\/{rel}","templated":true}]}}