{"id":14539,"date":"2022-09-19T19:11:54","date_gmt":"2022-09-19T19:11:54","guid":{"rendered":"https:\/\/flakhobby.com\/?post_type=product&#038;p=14539"},"modified":"2025-10-27T12:31:48","modified_gmt":"2025-10-27T12:31:48","slug":"mig-21mf-interceptor-profipack","status":"publish","type":"product","link":"https:\/\/flakhobby.com\/sr\/\u043f\u0440\u043e\u0438\u0437\u0432\u043e\u0434\/mig-21mf-interceptor-profipack\/","title":{"rendered":"MiG-21MF Interceptor Profipack"},"content":{"rendered":"<p>Plasti\u010dna maketa sovjetskog mlaznjaka MiG-21MF u razmeri 1\/72.<\/p>\n<p>Oznake:<\/p>\n<h5>Mikoyan-Gurevich MiG-21MF Fishbed-J<\/h5>\n<h6><img decoding=\"async\" title=\"CSK\" src=\"https:\/\/www.scalemates.com\/static\/images\/flags7\/32\/CSK.png\" alt=\"CSK\" width=\"16\" height=\"16\" \/>\u00a0\u010ceskoslovensk\u00e9 vojensk\u00e9 letectvo (Czechoslovak Air Force 1940-1993)<\/h6>\n<ul class=\"ut\">\n<li class=\"dco\"><strong>9 Slp\/9 sbolp<\/strong>\u00a0<span class=\"nw bgd\">4017<\/span><br \/>\nBechyn\u011b AB<\/li>\n<\/ul>\n<h6><img decoding=\"async\" title=\"DD\" src=\"https:\/\/www.scalemates.com\/static\/images\/flags7\/32\/DD.png\" alt=\"DD\" width=\"16\" height=\"16\" \/>\u00a0Luftstreitkr\u00e4fte der NVA (East German Air Force 1956-1990)<\/h6>\n<ul class=\"ut\">\n<li class=\"dco\"><strong>Jagdfliegergeschwader 3<\/strong>\u00a0<span class=\"nw bgd\">784<\/span><br \/>\nPreschen AB<\/li>\n<\/ul>\n<h6><img decoding=\"async\" title=\"ML\" src=\"https:\/\/www.scalemates.com\/static\/images\/flags7\/32\/ML.png\" alt=\"ML\" width=\"16\" height=\"16\" \/>\u00a0Force A\u00e9rienne de la Republique du Mali (Mali Air Force 1961-now)<\/h6>\n<ul class=\"ut\">\n<li class=\"dco\"><span class=\"nw bgd\">TZ-356<\/span><br \/>\n<span class=\"nw bgb\">2006<\/span>\u00a0&#8211; Senou AB<\/li>\n<\/ul>\n<h6><img loading=\"lazy\" decoding=\"async\" title=\"PL\" src=\"https:\/\/www.scalemates.com\/static\/images\/flags7\/32\/PL.png\" alt=\"PL\" width=\"16\" height=\"16\" \/>\u00a0Wojska Lotnicze i Obrony Powietrznej (Polish Air Force 1990-2004)<\/h6>\n<ul class=\"ut\">\n<li class=\"dco\"><strong>11 Pu\u0142k Lotnictwa My\u015bliwskiego<\/strong>\u00a0<span class=\"nw bgd\">7600<\/span><br \/>\nMierz\u0119cice AB<\/li>\n<\/ul>\n<h6><img loading=\"lazy\" decoding=\"async\" title=\"RO\" src=\"https:\/\/www.scalemates.com\/static\/images\/flags7\/32\/RO.png\" alt=\"RO\" width=\"16\" height=\"16\" \/>\u00a0For\u0163ele Aeriene Rom\u00e2ne (Romanian Air Force 1985-now)<\/h6>\n<ul class=\"ut\">\n<li class=\"dco\"><strong>Regimentul 71<\/strong>\u00a0<span class=\"nw bgd\">6721<\/span><br \/>\nC\u00e2mpia Turzii AB<\/li>\n<\/ul>","protected":false},"excerpt":{"rendered":"<p><strong>Sadr\u017ei:<\/strong><\/p>\n<ul>\n<li>Plasti\u010dna maketa \u2013 1\/72<\/li>\n<li>Photo-etch<\/li>\n<li>Maska za poklopac kabine<\/li>\n<li>Dekali \u2013 5 opcija<\/li>\n<li>Sastavnica u boji<\/li>\n<\/ul>","protected":false},"featured_media":14540,"template":"","meta":[],"product_brand":[],"product_cat":[15,329],"product_tag":[],"class_list":{"0":"post-14539","1":"product","2":"type-product","3":"status-publish","4":"has-post-thumbnail","6":"product_cat-plasticne-makete","7":"product_cat-vojni-avioni-i-helikopteri","8":"pa_brand-eduard","10":"first","11":"outofstock","12":"shipping-taxable","13":"purchasable","14":"product-type-simple"},"_links":{"self":[{"href":"https:\/\/flakhobby.com\/sr\/wp-json\/wp\/v2\/product\/14539","targetHints":{"allow":["GET"]}}],"collection":[{"href":"https:\/\/flakhobby.com\/sr\/wp-json\/wp\/v2\/product"}],"about":[{"href":"https:\/\/flakhobby.com\/sr\/wp-json\/wp\/v2\/types\/product"}],"version-history":[{"count":2,"href":"https:\/\/flakhobby.com\/sr\/wp-json\/wp\/v2\/product\/14539\/revisions"}],"predecessor-version":[{"id":15790,"href":"https:\/\/flakhobby.com\/sr\/wp-json\/wp\/v2\/product\/14539\/revisions\/15790"}],"wp:featuredmedia":[{"embeddable":true,"href":"https:\/\/flakhobby.com\/sr\/wp-json\/wp\/v2\/media\/14540"}],"wp:attachment":[{"href":"https:\/\/flakhobby.com\/sr\/wp-json\/wp\/v2\/media?parent=14539"}],"wp:term":[{"taxonomy":"product_brand","embeddable":true,"href":"https:\/\/flakhobby.com\/sr\/wp-json\/wp\/v2\/product_brand?post=14539"},{"taxonomy":"product_cat","embeddable":true,"href":"https:\/\/flakhobby.com\/sr\/wp-json\/wp\/v2\/product_cat?post=14539"},{"taxonomy":"product_tag","embeddable":true,"href":"https:\/\/flakhobby.com\/sr\/wp-json\/wp\/v2\/product_tag?post=14539"}],"curies":[{"name":"wp","href":"https:\/\/api.w.org\/{rel}","templated":true}]}}