{"id":14263,"date":"2022-08-02T22:34:11","date_gmt":"2022-08-02T22:34:11","guid":{"rendered":"https:\/\/flakhobby.com\/?post_type=product&#038;p=14263"},"modified":"2025-06-05T10:10:45","modified_gmt":"2025-06-05T10:10:45","slug":"imperial-japanese-navy-fighter-j7w1-shinden","status":"publish","type":"product","link":"https:\/\/flakhobby.com\/sr\/\u043f\u0440\u043e\u0438\u0437\u0432\u043e\u0434\/imperial-japanese-navy-fighter-j7w1-shinden\/","title":{"rendered":"Imperial Japanese Navy Fighter J7W1 &#8220;Shinden&#8221;"},"content":{"rendered":"<p>Plasti\u010dna maketa japanskog mornari\u010dkog presreta\u010da Shinden u razmeri 1\/48.<\/p>\n<p>Oznake:<\/p>\n<h5>Kyushu J7W1 Shinden<\/h5>\n<h6><img decoding=\"async\" title=\"JP\" src=\"https:\/\/www.scalemates.com\/static\/images\/flags7\/32\/JP.png\" alt=\"JP\" width=\"16\" height=\"16\" \/>\u00a0\u65e5\u672c\u5e1d\u570b\u6d77\u8ecd\u822a\u7a7a\u968a (Imperial Japanese Navy Air Service 1912-1945)<\/h6>\n<ul class=\"ut\">\n<li class=\"dco\"><strong>Test Program<\/strong>\u00a0<em>(Cpt. Tsuruno)<\/em><br \/>\n<span class=\"nw bgb\">\u0410\u0432\u0433\u0443\u0441\u0442 1945<\/span>\u00a0&#8211; Fukuoka Airport<br \/>\nDark Green, Silver<\/li>\n<\/ul>","protected":false},"excerpt":{"rendered":"<p>Sadr\u017ei:<\/p>\n<ul>\n<li>Plasti\u010dna maketa \u2013 1\/48<\/li>\n<li>Dekali<\/li>\n<li>Potpuna interna struktura + motor<\/li>\n<li>Sastavnica<\/li>\n<\/ul>","protected":false},"featured_media":14264,"template":"","meta":[],"product_brand":[],"product_cat":[15,329],"product_tag":[],"class_list":{"0":"post-14263","1":"product","2":"type-product","3":"status-publish","4":"has-post-thumbnail","6":"product_cat-plasticne-makete","7":"product_cat-vojni-avioni-i-helikopteri","8":"pa_brand-zoukei-mura","10":"first","11":"outofstock","12":"shipping-taxable","13":"purchasable","14":"product-type-simple"},"_links":{"self":[{"href":"https:\/\/flakhobby.com\/sr\/wp-json\/wp\/v2\/product\/14263","targetHints":{"allow":["GET"]}}],"collection":[{"href":"https:\/\/flakhobby.com\/sr\/wp-json\/wp\/v2\/product"}],"about":[{"href":"https:\/\/flakhobby.com\/sr\/wp-json\/wp\/v2\/types\/product"}],"version-history":[{"count":2,"href":"https:\/\/flakhobby.com\/sr\/wp-json\/wp\/v2\/product\/14263\/revisions"}],"predecessor-version":[{"id":15787,"href":"https:\/\/flakhobby.com\/sr\/wp-json\/wp\/v2\/product\/14263\/revisions\/15787"}],"wp:featuredmedia":[{"embeddable":true,"href":"https:\/\/flakhobby.com\/sr\/wp-json\/wp\/v2\/media\/14264"}],"wp:attachment":[{"href":"https:\/\/flakhobby.com\/sr\/wp-json\/wp\/v2\/media?parent=14263"}],"wp:term":[{"taxonomy":"product_brand","embeddable":true,"href":"https:\/\/flakhobby.com\/sr\/wp-json\/wp\/v2\/product_brand?post=14263"},{"taxonomy":"product_cat","embeddable":true,"href":"https:\/\/flakhobby.com\/sr\/wp-json\/wp\/v2\/product_cat?post=14263"},{"taxonomy":"product_tag","embeddable":true,"href":"https:\/\/flakhobby.com\/sr\/wp-json\/wp\/v2\/product_tag?post=14263"}],"curies":[{"name":"wp","href":"https:\/\/api.w.org\/{rel}","templated":true}]}}