{"id":14244,"date":"2022-08-02T22:10:17","date_gmt":"2022-08-02T22:10:17","guid":{"rendered":"https:\/\/flakhobby.com\/?post_type=product&#038;p=14244"},"modified":"2025-04-17T14:55:22","modified_gmt":"2025-04-17T14:55:22","slug":"su-30sm-flanker-h","status":"publish","type":"product","link":"https:\/\/flakhobby.com\/sr\/\u043f\u0440\u043e\u0438\u0437\u0432\u043e\u0434\/su-30sm-flanker-h\/","title":{"rendered":"Su-30SM &#8220;Flanker-H&#8221;"},"content":{"rendered":"<p>Plasti\u010dna maketa ruskog mlaznjaka Su-30 u razmeri 1\/48<\/p>\n<p>Oznake:<\/p>\n<h5>Sukhoi Su-30SM Flanker-H<\/h5>\n<h6><img decoding=\"async\" title=\"AM\" src=\"https:\/\/www.scalemates.com\/static\/images\/flags7\/32\/AM.png\" alt=\"AM\" width=\"16\" height=\"16\" \/>\u00a0Hayastani Rrazmaodayin Uzher (Armenian Air Force 1992-now)<\/h6>\n<ul class=\"ut\">\n<li class=\"dco\"><span class=\"nw bgd\">&#8220;Red 33&#8221;<\/span><br \/>\n<span class=\"nw bgb\">2020<\/span>\u00a0&#8211; Gyumri Aviation Military Unit<\/li>\n<\/ul>\n<h6><img decoding=\"async\" title=\"BY\" src=\"https:\/\/www.scalemates.com\/static\/images\/flags7\/32\/BY.png\" alt=\"BY\" width=\"16\" height=\"16\" \/>\u00a0\u0412\u0430\u0435\u043d\u043d\u0430-\u043f\u0430\u0432\u0435\u0442\u0440\u0430\u043d\u044b\u044f \u0441\u0456\u043b\u044b \u0456 \u0432\u043e\u0439\u0441\u043a\u0456 \u0441\u0443\u043f\u0440\u0430\u0446\u044c\u043f\u0430\u0432\u0435\u0442\u0440\u0430\u043d\u0430\u0439 \u0430\u0431\u0430\u0440\u043e\u043d\u044b \u0420\u044d\u0441\u043f\u0443\u0431\u043b\u0456\u043a\u0456 \u0411\u0435\u043b\u0430\u0440\u0443\u0441\u044c (Belarusian Air Force 1992-now)<\/h6>\n<ul class=\"ut\">\n<li class=\"dco\"><span class=\"nw bgd\">&#8220;Red 01&#8221;<\/span><br \/>\n<span class=\"nw bgb\">2019<\/span>\u00a0Red 01 is the very first Su-30SM of Belarusian Air Force &#8211; 61st AB, Baranovici<\/li>\n<\/ul>\n<h6><img decoding=\"async\" title=\"KZ\" src=\"https:\/\/www.scalemates.com\/static\/images\/flags7\/32\/KZ.png\" alt=\"KZ\" width=\"16\" height=\"16\" \/>\u00a0Qazaqstan \u00c4we qor\u011fan\u0131s\u0131 k\u00fc\u015fteri (Kazakhstan Air Defense Force 1992-now)<\/h6>\n<ul class=\"ut\">\n<li class=\"dco\"><span class=\"nw bgd\">&#8220;Red 09&#8221;<\/span>\u00a0<span class=\"nw bgn\">&#8220;Snow Leopard&#8221; badge<\/span><br \/>\n<span class=\"nw bgb\">2019<\/span>\u00a0&#8211; 604th AB, Taldykorgan<\/li>\n<\/ul>\n<h6><img loading=\"lazy\" decoding=\"async\" title=\"RU\" src=\"https:\/\/www.scalemates.com\/static\/images\/flags7\/32\/RU.png\" alt=\"RU\" width=\"16\" height=\"16\" \/>\u00a0\u0410\u0432\u0438\u0430\u0446\u0438\u044f \u0412\u043e\u0435\u043d\u043d\u043e-\u043c\u043e\u0440\u0441\u043a\u043e\u0433\u043e \u0444\u043b\u043e\u0442\u0430 (Russian Naval Aviation 1992-now)<\/h6>\n<ul class=\"ut\">\n<li class=\"dco\"><strong>34 Mixed Aviation Div., Baltic Fleet Air Force<\/strong>\u00a0<span class=\"nw bgd\">&#8220;Blue 77&#8221; RF-81881<\/span>\u00a0<span class=\"nw bgn\">&#8220;Kaliningrad&#8221;<\/span><br \/>\n<span class=\"nw bgb\">2021<\/span>\u00a0&#8211; Chernyakhovsk AB, Kaliningrad<\/li>\n<li class=\"dco\"><strong>43 OMShAP(Independent Naval Attack Aviation Reg.), Black Sea Fleet Air Arm<\/strong>\u00a0<span class=\"nw bgd\">&#8220;Blue 43&#8221; RF-33736<\/span>\u00a0<span class=\"nw bgn\">&#8220;Sevastopol&#8221;<\/span><br \/>\n<span class=\"nw bgb\">2020<\/span>\u00a0&#8211; Novofedorivka AB, Crimea<\/li>\n<\/ul>\n<h6><img loading=\"lazy\" decoding=\"async\" title=\"RU\" src=\"https:\/\/www.scalemates.com\/static\/images\/flags7\/32\/RU.png\" alt=\"RU\" width=\"16\" height=\"16\" \/>\u00a0\u0412\u043e\u0435\u043d\u043d\u043e-\u0432\u043e\u0437\u0434\u0443\u0448\u043d\u044b\u0435 \u0441\u0438\u043b\u044b \u0420\u043e\u0441\u0441\u0438\u0438 (Russian Air Force 1992-2015)<\/h6>\n<ul class=\"ut\">\n<li class=\"dco\"><strong>120 GvIAP, 11 Air and Air Defence Forces Army, Eastern Military District<\/strong>\u00a0<span class=\"nw bgd\">\u201cRed 26&#8243; RF-93670<\/span><br \/>\n<span class=\"nw bgb\">September 2015<\/span>\u00a0First Su-30SM deployed to Syria &#8211; Khmeimim AB\u00a0<img loading=\"lazy\" decoding=\"async\" title=\"SY\" src=\"https:\/\/www.scalemates.com\/static\/images\/flags7\/32\/SY.png\" alt=\"SY\" width=\"16\" height=\"16\" \/><\/li>\n<li class=\"dco\"><strong>22 GvIAP, 11 Air and Air Defence Forces Army, Eastern Military District<\/strong>\u00a0<span class=\"nw bgd\">&#8220;Blue 45&#8221; RF-91813<\/span>\u00a0<span class=\"nw bgn\">&#8220;Archangel Michael&#8221; badge<\/span><br \/>\n<span class=\"nw bgb\">2020<\/span>\u00a0&#8211; Uglovoye AB, Vladivostok<\/li>\n<li class=\"dco\"><strong>Valery Chkalov 929 State Test Flight Center<\/strong>\u00a0<span class=\"nw bgd\">&#8220;Red 28&#8221; RF-95866<\/span>\u00a0<span class=\"nw bgn\">929th State Test Flight Center logo<\/span><br \/>\n<span class=\"nw bgb\">2016<\/span>\u00a0&#8211; Akhtubinsk<\/li>\n<\/ul>","protected":false},"excerpt":{"rendered":"<p>Sadr\u017ei:<\/p>\n<ul>\n<li>Plasti\u010dna maketa &#8211; 1\/48<\/li>\n<li>Dekali<\/li>\n<li>Naoru\u017eanje<\/li>\n<li>Metalna pito cev<\/li>\n<li>Sastavnica<\/li>\n<\/ul>","protected":false},"featured_media":14246,"template":"","meta":[],"product_brand":[],"product_cat":[15,329],"product_tag":[],"class_list":{"0":"post-14244","1":"product","2":"type-product","3":"status-publish","4":"has-post-thumbnail","6":"product_cat-plasticne-makete","7":"product_cat-vojni-avioni-i-helikopteri","8":"pa_brand-greatwallhobby","10":"first","11":"outofstock","12":"shipping-taxable","13":"purchasable","14":"product-type-simple"},"_links":{"self":[{"href":"https:\/\/flakhobby.com\/sr\/wp-json\/wp\/v2\/product\/14244","targetHints":{"allow":["GET"]}}],"collection":[{"href":"https:\/\/flakhobby.com\/sr\/wp-json\/wp\/v2\/product"}],"about":[{"href":"https:\/\/flakhobby.com\/sr\/wp-json\/wp\/v2\/types\/product"}],"version-history":[{"count":2,"href":"https:\/\/flakhobby.com\/sr\/wp-json\/wp\/v2\/product\/14244\/revisions"}],"predecessor-version":[{"id":14301,"href":"https:\/\/flakhobby.com\/sr\/wp-json\/wp\/v2\/product\/14244\/revisions\/14301"}],"wp:featuredmedia":[{"embeddable":true,"href":"https:\/\/flakhobby.com\/sr\/wp-json\/wp\/v2\/media\/14246"}],"wp:attachment":[{"href":"https:\/\/flakhobby.com\/sr\/wp-json\/wp\/v2\/media?parent=14244"}],"wp:term":[{"taxonomy":"product_brand","embeddable":true,"href":"https:\/\/flakhobby.com\/sr\/wp-json\/wp\/v2\/product_brand?post=14244"},{"taxonomy":"product_cat","embeddable":true,"href":"https:\/\/flakhobby.com\/sr\/wp-json\/wp\/v2\/product_cat?post=14244"},{"taxonomy":"product_tag","embeddable":true,"href":"https:\/\/flakhobby.com\/sr\/wp-json\/wp\/v2\/product_tag?post=14244"}],"curies":[{"name":"wp","href":"https:\/\/api.w.org\/{rel}","templated":true}]}}