{"id":14201,"date":"2022-08-02T20:51:41","date_gmt":"2022-08-02T20:51:41","guid":{"rendered":"https:\/\/flakhobby.com\/?post_type=product&#038;p=14201"},"modified":"2026-03-13T15:55:24","modified_gmt":"2026-03-13T14:55:24","slug":"pz-kpfw-ii-ausf-l-luchs","status":"publish","type":"product","link":"https:\/\/flakhobby.com\/sr\/\u043f\u0440\u043e\u0438\u0437\u0432\u043e\u0434\/pz-kpfw-ii-ausf-l-luchs\/","title":{"rendered":"Pz.Kpfw II Ausf.L Luchs"},"content":{"rendered":"<p>Plasti\u010dna maketa nema\u010dkog lakog izvi\u0111a\u010dkog tenka Luchs u razmeri 1\/35.<br \/>\nOznake:<\/p>\n<h5>Pz.Kpfw. II Ausf. L Luchs<\/h5>\n<h6><img decoding=\"async\" title=\"3R\" src=\"https:\/\/www.scalemates.com\/static\/images\/flags7\/32\/3R.png\" alt=\"3R\" width=\"16\" height=\"16\" \/>\u00a0Wehrmacht Heer (German Army 1935-1945)<\/h6>\n<ul class=\"ut\">\n<li class=\"dco\"><strong>1 Kp., Pz.Afkl.Abt. 9<\/strong>\u00a0<span class=\"nw bgd\">4134<\/span><br \/>\n<span class=\"nw bgb\">1944<\/span><br \/>\nRAL 6003\u00a0<span class=\"nw\" title=\"Dunkelgelb\">RAL7028<\/span>\u00a0<span class=\"nw\" title=\"Schokoladenbraun\">RAL8017<\/span><\/li>\n<li class=\"dco\"><strong>1 Kp., Pz.Afkl.Abt. 9<\/strong>\u00a0<span class=\"nw bgd\">4114<\/span><br \/>\n<span class=\"nw bgb\">1944<\/span>\u00a0&#8211; Normandy\u00a0<img decoding=\"async\" title=\"FR\" src=\"https:\/\/www.scalemates.com\/static\/images\/flags7\/32\/FR.png\" alt=\"FR\" width=\"16\" height=\"16\" \/><br \/>\nRAL 6003\u00a0<span class=\"nw\" title=\"Dunkelgelb\">RAL7028<\/span>\u00a0<span class=\"nw\" title=\"Schokoladenbraun\">RAL8017<\/span><\/li>\n<li class=\"dco\"><strong>9 Panzer Division<\/strong>\u00a0<span class=\"nw bgd\">4121<\/span><br \/>\n<span class=\"nw bgb\">1944<\/span>\u00a0&#8211; Western Front<br \/>\nRAL 6003\u00a0<span class=\"nw\" title=\"Dunkelgelb\">RAL7028<\/span>\u00a0<span class=\"nw\" title=\"Schokoladenbraun\">RAL8017<\/span><\/li>\n<\/ul>","protected":false},"excerpt":{"rendered":"<p>Sadr\u017ei:<\/p>\n<ul>\n<li>Plasti\u010dna maketa &#8211; 1\/35<\/li>\n<li>Metalna cev<\/li>\n<li>Eceraj<\/li>\n<li>Pokretne gusenice i ve\u0161anje<\/li>\n<li>Sastavnica<\/li>\n<\/ul>","protected":false},"featured_media":14203,"template":"","meta":[],"product_brand":[],"product_cat":[15,328],"product_tag":[],"class_list":{"0":"post-14201","1":"product","2":"type-product","3":"status-publish","4":"has-post-thumbnail","6":"product_cat-plasticne-makete","7":"product_cat-vojna-vozila-i-oruda","8":"pa_brand-border-model","10":"first","11":"instock","12":"shipping-taxable","13":"purchasable","14":"product-type-simple"},"_links":{"self":[{"href":"https:\/\/flakhobby.com\/sr\/wp-json\/wp\/v2\/product\/14201","targetHints":{"allow":["GET"]}}],"collection":[{"href":"https:\/\/flakhobby.com\/sr\/wp-json\/wp\/v2\/product"}],"about":[{"href":"https:\/\/flakhobby.com\/sr\/wp-json\/wp\/v2\/types\/product"}],"version-history":[{"count":1,"href":"https:\/\/flakhobby.com\/sr\/wp-json\/wp\/v2\/product\/14201\/revisions"}],"predecessor-version":[{"id":14210,"href":"https:\/\/flakhobby.com\/sr\/wp-json\/wp\/v2\/product\/14201\/revisions\/14210"}],"wp:featuredmedia":[{"embeddable":true,"href":"https:\/\/flakhobby.com\/sr\/wp-json\/wp\/v2\/media\/14203"}],"wp:attachment":[{"href":"https:\/\/flakhobby.com\/sr\/wp-json\/wp\/v2\/media?parent=14201"}],"wp:term":[{"taxonomy":"product_brand","embeddable":true,"href":"https:\/\/flakhobby.com\/sr\/wp-json\/wp\/v2\/product_brand?post=14201"},{"taxonomy":"product_cat","embeddable":true,"href":"https:\/\/flakhobby.com\/sr\/wp-json\/wp\/v2\/product_cat?post=14201"},{"taxonomy":"product_tag","embeddable":true,"href":"https:\/\/flakhobby.com\/sr\/wp-json\/wp\/v2\/product_tag?post=14201"}],"curies":[{"name":"wp","href":"https:\/\/api.w.org\/{rel}","templated":true}]}}