{"id":14187,"date":"2022-08-02T20:32:07","date_gmt":"2022-08-02T20:32:07","guid":{"rendered":"https:\/\/flakhobby.com\/?post_type=product&#038;p=14187"},"modified":"2025-06-05T10:14:40","modified_gmt":"2025-06-05T10:14:40","slug":"tiger-i-initial-production-early-1943","status":"publish","type":"product","link":"https:\/\/flakhobby.com\/sr\/\u043f\u0440\u043e\u0438\u0437\u0432\u043e\u0434\/tiger-i-initial-production-early-1943\/","title":{"rendered":"Tiger I Initial Production Early 1943"},"content":{"rendered":"<p>Plasti\u010dna maketa te\u0161kog nema\u010dkog tenka Tiger I u razmeri 1\/35.<\/p>","protected":false},"excerpt":{"rendered":"<p>Sadr\u017ei:<\/p>\n<ul>\n<li>Plasti\u010dna maketa &#8211; 1\/35<\/li>\n<li>Dekali<\/li>\n<li>Eceraj<\/li>\n<li>Sastavnica<\/li>\n<\/ul>","protected":false},"featured_media":14188,"template":"","meta":[],"product_brand":[],"product_cat":[15,328],"product_tag":[],"class_list":{"0":"post-14187","1":"product","2":"type-product","3":"status-publish","4":"has-post-thumbnail","6":"product_cat-plasticne-makete","7":"product_cat-vojna-vozila-i-oruda","8":"pa_brand-rye-field-model","10":"first","11":"outofstock","12":"shipping-taxable","13":"purchasable","14":"product-type-simple"},"_links":{"self":[{"href":"https:\/\/flakhobby.com\/sr\/wp-json\/wp\/v2\/product\/14187","targetHints":{"allow":["GET"]}}],"collection":[{"href":"https:\/\/flakhobby.com\/sr\/wp-json\/wp\/v2\/product"}],"about":[{"href":"https:\/\/flakhobby.com\/sr\/wp-json\/wp\/v2\/types\/product"}],"version-history":[{"count":2,"href":"https:\/\/flakhobby.com\/sr\/wp-json\/wp\/v2\/product\/14187\/revisions"}],"predecessor-version":[{"id":14315,"href":"https:\/\/flakhobby.com\/sr\/wp-json\/wp\/v2\/product\/14187\/revisions\/14315"}],"wp:featuredmedia":[{"embeddable":true,"href":"https:\/\/flakhobby.com\/sr\/wp-json\/wp\/v2\/media\/14188"}],"wp:attachment":[{"href":"https:\/\/flakhobby.com\/sr\/wp-json\/wp\/v2\/media?parent=14187"}],"wp:term":[{"taxonomy":"product_brand","embeddable":true,"href":"https:\/\/flakhobby.com\/sr\/wp-json\/wp\/v2\/product_brand?post=14187"},{"taxonomy":"product_cat","embeddable":true,"href":"https:\/\/flakhobby.com\/sr\/wp-json\/wp\/v2\/product_cat?post=14187"},{"taxonomy":"product_tag","embeddable":true,"href":"https:\/\/flakhobby.com\/sr\/wp-json\/wp\/v2\/product_tag?post=14187"}],"curies":[{"name":"wp","href":"https:\/\/api.w.org\/{rel}","templated":true}]}}