{"id":13865,"date":"2022-08-01T20:02:25","date_gmt":"2022-08-01T20:02:25","guid":{"rendered":"https:\/\/flakhobby.com\/?post_type=product&#038;p=13865"},"modified":"2023-01-22T16:45:41","modified_gmt":"2023-01-22T16:45:41","slug":"avia-s-199-bubble-canopy","status":"publish","type":"product","link":"https:\/\/flakhobby.com\/sr\/\u043f\u0440\u043e\u0438\u0437\u0432\u043e\u0434\/avia-s-199-bubble-canopy\/","title":{"rendered":"Avia S-199 Bubble Canopy"},"content":{"rendered":"<p>Plasti\u010dna maketa \u010dehoslova\u010dkog aviona S-199 u razmeri 1\/72.<br \/>\nOznake:<\/p>\n<h5>Avia S-199 (Late)<\/h5>\n<h6><img decoding=\"async\" title=\"CSK\" src=\"https:\/\/www.scalemates.com\/static\/images\/flags7\/32\/CSK.png\" alt=\"CSK\" width=\"16\" height=\"16\" \/>\u00a0\u010ceskoslovensk\u00e9 vojensk\u00e9 letectvo (Czechoslovak Air Force 1940-1993)<\/h6>\n<ul class=\"ut\">\n<li class=\"dco\"><strong>1 Air Training Reg.<\/strong>\u00a0<span class=\"nw bgd\">S-199.183 \/ IF-01<\/span><br \/>\n<span class=\"nw bgb\">1953<\/span>\u00a0&#8211; Olomouc<\/li>\n<li class=\"dco\"><strong>2 Letka, 8 pluk, (2 Sqn., Air Reg. 8)<\/strong>\u00a0<span class=\"nw bgd\">S-199.235 \/ MR-43<\/span>\u00a0<em>(Jan \u0160ur\u00e1k)<\/em><br \/>\n<span class=\"nw bgb\">May 1951<\/span>\u00a0&#8211; Klecany<\/li>\n<li class=\"dco\"><strong>3 Letka, 18 pluk, (3 Sqn., Air Reg. 18)<\/strong>\u00a0<span class=\"nw bgd\">199.389 \/ EX-57<\/span>\u00a0<em>(Jaroslav Plecit\u00fd)<\/em><br \/>\n<span class=\"nw bgb\">August 1952<\/span>\u00a0&#8211; Pilsen-Bory<\/li>\n<li class=\"dco\"><strong>5 pluk, (Air Reg. 5)<\/strong>\u00a0<span class=\"nw bgd\">S-199.253 \/ EZ-9<\/span>\u00a0<em>(Jilj\u00ed Hor\u00e1k)<\/em><br \/>\n<span class=\"nw bgb\">February 1950<\/span>\u00a0&#8211; Plze\u0148-Bory<\/li>\n<li class=\"dco\"><strong>Air Military Academy<\/strong>\u00a0<span class=\"nw bgd\">S-199.334 \/ A-781<\/span>\u00a0<em>(Milan Pohlodek)<\/em><br \/>\n<span class=\"nw bgb\">March 1950<\/span>\u00a0&#8211; Hradec Kr\u00e1lov\u00e9<\/li>\n<li class=\"dco\"><strong>Police Air Patrol<\/strong>\u00a0<span class=\"nw bgd\">S-199.182 \/ OK-BYE<\/span>\u00a0<em>(Josef Sobota)<\/em><br \/>\n<span class=\"nw bgb\">December 1949<\/span>\u00a0&#8211; Praha-Ruzyn\u011b<\/li>\n<\/ul>","protected":false},"excerpt":{"rendered":"<p><strong>Sadr\u017ei:<\/strong><\/p>\n<ul>\n<li>Plasti\u010dna maketa \u2013 1\/72<\/li>\n<li>Photo-etch<\/li>\n<li>Eduard dekali \u2013 6 opcija<\/li>\n<li>Sastavnica u boji<\/li>\n<\/ul>","protected":false},"featured_media":13866,"template":"","meta":[],"product_brand":[],"product_cat":[15,329],"product_tag":[],"class_list":{"0":"post-13865","1":"product","2":"type-product","3":"status-publish","4":"has-post-thumbnail","6":"product_cat-plasticne-makete","7":"product_cat-vojni-avioni-i-helikopteri","8":"pa_brand-eduard","10":"first","11":"instock","12":"shipping-taxable","13":"purchasable","14":"product-type-simple"},"_links":{"self":[{"href":"https:\/\/flakhobby.com\/sr\/wp-json\/wp\/v2\/product\/13865","targetHints":{"allow":["GET"]}}],"collection":[{"href":"https:\/\/flakhobby.com\/sr\/wp-json\/wp\/v2\/product"}],"about":[{"href":"https:\/\/flakhobby.com\/sr\/wp-json\/wp\/v2\/types\/product"}],"version-history":[{"count":1,"href":"https:\/\/flakhobby.com\/sr\/wp-json\/wp\/v2\/product\/13865\/revisions"}],"predecessor-version":[{"id":13881,"href":"https:\/\/flakhobby.com\/sr\/wp-json\/wp\/v2\/product\/13865\/revisions\/13881"}],"wp:featuredmedia":[{"embeddable":true,"href":"https:\/\/flakhobby.com\/sr\/wp-json\/wp\/v2\/media\/13866"}],"wp:attachment":[{"href":"https:\/\/flakhobby.com\/sr\/wp-json\/wp\/v2\/media?parent=13865"}],"wp:term":[{"taxonomy":"product_brand","embeddable":true,"href":"https:\/\/flakhobby.com\/sr\/wp-json\/wp\/v2\/product_brand?post=13865"},{"taxonomy":"product_cat","embeddable":true,"href":"https:\/\/flakhobby.com\/sr\/wp-json\/wp\/v2\/product_cat?post=13865"},{"taxonomy":"product_tag","embeddable":true,"href":"https:\/\/flakhobby.com\/sr\/wp-json\/wp\/v2\/product_tag?post=13865"}],"curies":[{"name":"wp","href":"https:\/\/api.w.org\/{rel}","templated":true}]}}