{"id":13569,"date":"2022-07-19T22:39:47","date_gmt":"2022-07-19T22:39:47","guid":{"rendered":"https:\/\/flakhobby.com\/?post_type=product&#038;p=13569"},"modified":"2025-06-05T10:19:56","modified_gmt":"2025-06-05T10:19:56","slug":"t-55-czechoslovak-production","status":"publish","type":"product","link":"https:\/\/flakhobby.com\/sr\/\u043f\u0440\u043e\u0438\u0437\u0432\u043e\u0434\/t-55-czechoslovak-production\/","title":{"rendered":"T-55 Czechoslovak Production"},"content":{"rendered":"<p>Plasti\u010dna maketa tena T-55 u razmeri 1\/35.<br \/>\nOznake:<\/p>\n<h5>T-55A<\/h5>\n<h6><img decoding=\"async\" title=\"CSK\" src=\"https:\/\/www.scalemates.com\/static\/images\/flags7\/32\/CSK.png\" alt=\"CSK\" width=\"16\" height=\"16\" \/>\u00a0\u010ceskoslovensk\u00e1 lidov\u00e1 arm\u00e1da (Czechoslovak People&#8217;s Army 1954-1990)<\/h6>\n<ul class=\"ut\">\n<li class=\"dco\"><span class=\"nw bgd\">255<\/span><br \/>\n<span class=\"nw bgb\">197x<\/span>\u00a0Cold War (1947-1991)<\/li>\n<\/ul>\n<h6><img decoding=\"async\" title=\"LB\" src=\"https:\/\/www.scalemates.com\/static\/images\/flags7\/32\/LB.png\" alt=\"LB\" width=\"16\" height=\"16\" \/>\u00a0\u0627\u0644\u0642\u0648\u0627\u062a \u0627\u0644\u0645\u0633\u0644\u062d\u0629 \u0627\u0644\u0644\u0628\u0646\u0627\u0646\u064a\u0629 (Lebanese Armed Forces 1945-now)<\/h6>\n<ul class=\"ut\">\n<li class=\"dco\">\n<span class=\"nw bgb\">2007<\/span>\u00a0Lebanon Conflict (2007) &#8211; Nahr El Bared<\/li>\n<\/ul>\n<h6><img decoding=\"async\" title=\"LY\" src=\"https:\/\/www.scalemates.com\/static\/images\/flags7\/32\/LY.png\" alt=\"LY\" width=\"16\" height=\"16\" \/>\u00a0\u0627\u0644\u0645\u062c\u0644\u0633 \u0627\u0644\u0648\u0637\u0646\u064a \u0627\u0644\u0625\u0646\u062a\u0642\u0627\u0644\u064a\u200e (National Transitional Council of Libya 2011-2012)<\/h6>\n<ul class=\"ut\">\n<li class=\"dco\">\n<span class=\"nw bgb\">2011<\/span>\u00a0First Libyan Civil War (2011) &#8211; Om El Khalfousa<\/li>\n<li class=\"dco\">\n<span class=\"nw bgb\">\u041e\u043a\u0442\u043e\u0431\u0430\u0440 2011<\/span>\u00a0First Libyan Civil War (2011) &#8211; Sirte<\/li>\n<\/ul>\n<h6><img loading=\"lazy\" decoding=\"async\" title=\"SY\" src=\"https:\/\/www.scalemates.com\/static\/images\/flags7\/32\/SY.png\" alt=\"SY\" width=\"16\" height=\"16\" \/>\u00a0\u0627\u0644\u062c\u064a\u0634 \u0627\u0644\u0639\u0631\u0628\u064a \u0627\u0644\u0633\u0648\u0631\u064a (Syrian Arab Army 1945-now)<\/h6>\n<ul class=\"ut\">\n<li class=\"dco\">\n<span class=\"nw bgb\">2013<\/span>\u00a0Syrian Civil War<\/li>\n<\/ul>\n<h6><img loading=\"lazy\" decoding=\"async\" title=\"TD\" src=\"https:\/\/www.scalemates.com\/static\/images\/flags7\/32\/TD.png\" alt=\"TD\" width=\"16\" height=\"16\" \/>\u00a0Arm\u00e9e de terre tchadienne (Chadian Ground Forces 1969-now)<\/h6>\n<ul class=\"ut\">\n<li class=\"dco\">\n<span class=\"nw bgb\">2009<\/span>\u00a0Chadian Civil War (2005\u20132010)<\/li>\n<\/ul>","protected":false},"excerpt":{"rendered":"<p>Sadr\u017ei:<\/p>\n<ul>\n<li>Plasti\u010dna maketa &#8211; 1\/35<\/li>\n<li>Eceraj<\/li>\n<li>Dekali<\/li>\n<li>Sastavnica<\/li>\n<\/ul>","protected":false},"featured_media":13570,"template":"","meta":[],"product_brand":[],"product_cat":[15,328],"product_tag":[],"class_list":{"0":"post-13569","1":"product","2":"type-product","3":"status-publish","4":"has-post-thumbnail","6":"product_cat-plasticne-makete","7":"product_cat-vojna-vozila-i-oruda","8":"pa_brand-miniart","10":"first","11":"outofstock","12":"shipping-taxable","13":"purchasable","14":"product-type-simple"},"_links":{"self":[{"href":"https:\/\/flakhobby.com\/sr\/wp-json\/wp\/v2\/product\/13569","targetHints":{"allow":["GET"]}}],"collection":[{"href":"https:\/\/flakhobby.com\/sr\/wp-json\/wp\/v2\/product"}],"about":[{"href":"https:\/\/flakhobby.com\/sr\/wp-json\/wp\/v2\/types\/product"}],"version-history":[{"count":1,"href":"https:\/\/flakhobby.com\/sr\/wp-json\/wp\/v2\/product\/13569\/revisions"}],"predecessor-version":[{"id":13583,"href":"https:\/\/flakhobby.com\/sr\/wp-json\/wp\/v2\/product\/13569\/revisions\/13583"}],"wp:featuredmedia":[{"embeddable":true,"href":"https:\/\/flakhobby.com\/sr\/wp-json\/wp\/v2\/media\/13570"}],"wp:attachment":[{"href":"https:\/\/flakhobby.com\/sr\/wp-json\/wp\/v2\/media?parent=13569"}],"wp:term":[{"taxonomy":"product_brand","embeddable":true,"href":"https:\/\/flakhobby.com\/sr\/wp-json\/wp\/v2\/product_brand?post=13569"},{"taxonomy":"product_cat","embeddable":true,"href":"https:\/\/flakhobby.com\/sr\/wp-json\/wp\/v2\/product_cat?post=13569"},{"taxonomy":"product_tag","embeddable":true,"href":"https:\/\/flakhobby.com\/sr\/wp-json\/wp\/v2\/product_tag?post=13569"}],"curies":[{"name":"wp","href":"https:\/\/api.w.org\/{rel}","templated":true}]}}