{"id":13496,"date":"2022-07-19T21:45:14","date_gmt":"2022-07-19T21:45:14","guid":{"rendered":"https:\/\/flakhobby.com\/?post_type=product&#038;p=13496"},"modified":"2026-04-04T15:41:28","modified_gmt":"2026-04-04T13:41:28","slug":"mr-color-levelling-thinner-400ml","status":"publish","type":"product","link":"https:\/\/flakhobby.com\/sr\/\u043f\u0440\u043e\u0438\u0437\u0432\u043e\u0434\/mr-color-levelling-thinner-400ml\/","title":{"rendered":"Mr.Color Levelling Thinner &#8211; 400mL"},"content":{"rendered":"<p>Mr. Color Levelling Thinner je neophodan za razre\u0111ivanje boja i pranje \u010detkica. Mo\u017ee se koristiti za razre\u0111ivanje AK Real Colors, Mr. Color i drugih boja na solventnoj osnovi.<br \/>\nSadr\u017ei sredstvo za izravnavanje boje i poja\u010dava sjaj.<\/p>","protected":false},"excerpt":{"rendered":"<p>Razre\u0111iva\u010d za boje na solventnoj osnovi \u2013 400mL<\/p>","protected":false},"featured_media":13500,"template":"","meta":[],"product_brand":[],"product_cat":[339,348],"product_tag":[],"class_list":{"0":"post-13496","1":"product","2":"type-product","3":"status-publish","4":"has-post-thumbnail","6":"product_cat-boje-i-razredivaci","7":"product_cat-razredivaci","8":"pa_brand-mr-hobby","10":"first","11":"instock","12":"shipping-taxable","13":"purchasable","14":"product-type-simple"},"_links":{"self":[{"href":"https:\/\/flakhobby.com\/sr\/wp-json\/wp\/v2\/product\/13496","targetHints":{"allow":["GET"]}}],"collection":[{"href":"https:\/\/flakhobby.com\/sr\/wp-json\/wp\/v2\/product"}],"about":[{"href":"https:\/\/flakhobby.com\/sr\/wp-json\/wp\/v2\/types\/product"}],"version-history":[{"count":2,"href":"https:\/\/flakhobby.com\/sr\/wp-json\/wp\/v2\/product\/13496\/revisions"}],"predecessor-version":[{"id":19406,"href":"https:\/\/flakhobby.com\/sr\/wp-json\/wp\/v2\/product\/13496\/revisions\/19406"}],"wp:featuredmedia":[{"embeddable":true,"href":"https:\/\/flakhobby.com\/sr\/wp-json\/wp\/v2\/media\/13500"}],"wp:attachment":[{"href":"https:\/\/flakhobby.com\/sr\/wp-json\/wp\/v2\/media?parent=13496"}],"wp:term":[{"taxonomy":"product_brand","embeddable":true,"href":"https:\/\/flakhobby.com\/sr\/wp-json\/wp\/v2\/product_brand?post=13496"},{"taxonomy":"product_cat","embeddable":true,"href":"https:\/\/flakhobby.com\/sr\/wp-json\/wp\/v2\/product_cat?post=13496"},{"taxonomy":"product_tag","embeddable":true,"href":"https:\/\/flakhobby.com\/sr\/wp-json\/wp\/v2\/product_tag?post=13496"}],"curies":[{"name":"wp","href":"https:\/\/api.w.org\/{rel}","templated":true}]}}