{"id":13272,"date":"2022-07-11T22:15:29","date_gmt":"2022-07-11T22:15:29","guid":{"rendered":"https:\/\/flakhobby.com\/?post_type=product&#038;p=13272"},"modified":"2026-03-09T14:17:46","modified_gmt":"2026-03-09T13:17:46","slug":"visenamenska-stap-smirgla-150-240-320-600-1200-2000","status":"publish","type":"product","link":"https:\/\/flakhobby.com\/sr\/\u043f\u0440\u043e\u0438\u0437\u0432\u043e\u0434\/visenamenska-stap-smirgla-150-240-320-600-1200-2000\/","title":{"rendered":"Vi\u0161enamenska \u0161tap \u0161mirgla &#8211; 150\/240\/320\/600\/1200\/2000"},"content":{"rendered":"<p>Vi\u0161enamenska \u0161tap \u0161mirgla sa 6 fino\u0107a &#8211; 150\/240\/320\/600\/1200\/2000<\/p>","protected":false},"excerpt":{"rendered":"<p>Vi\u0161enamenska \u0161tap \u0161mirgla sa 6 fino\u0107a &#8211; 150\/240\/320\/600\/1200\/2000<\/p>","protected":false},"featured_media":13273,"template":"","meta":[],"product_brand":[],"product_cat":[358,367],"product_tag":[],"class_list":{"0":"post-13272","1":"product","2":"type-product","3":"status-publish","4":"has-post-thumbnail","6":"product_cat-maketarski-alat-i-pribor","7":"product_cat-rucni-alat-smirgle-konac-za-rigging","8":"pa_brand-ammo","10":"first","11":"instock","12":"shipping-taxable","13":"purchasable","14":"product-type-simple"},"_links":{"self":[{"href":"https:\/\/flakhobby.com\/sr\/wp-json\/wp\/v2\/product\/13272","targetHints":{"allow":["GET"]}}],"collection":[{"href":"https:\/\/flakhobby.com\/sr\/wp-json\/wp\/v2\/product"}],"about":[{"href":"https:\/\/flakhobby.com\/sr\/wp-json\/wp\/v2\/types\/product"}],"version-history":[{"count":2,"href":"https:\/\/flakhobby.com\/sr\/wp-json\/wp\/v2\/product\/13272\/revisions"}],"predecessor-version":[{"id":13606,"href":"https:\/\/flakhobby.com\/sr\/wp-json\/wp\/v2\/product\/13272\/revisions\/13606"}],"wp:featuredmedia":[{"embeddable":true,"href":"https:\/\/flakhobby.com\/sr\/wp-json\/wp\/v2\/media\/13273"}],"wp:attachment":[{"href":"https:\/\/flakhobby.com\/sr\/wp-json\/wp\/v2\/media?parent=13272"}],"wp:term":[{"taxonomy":"product_brand","embeddable":true,"href":"https:\/\/flakhobby.com\/sr\/wp-json\/wp\/v2\/product_brand?post=13272"},{"taxonomy":"product_cat","embeddable":true,"href":"https:\/\/flakhobby.com\/sr\/wp-json\/wp\/v2\/product_cat?post=13272"},{"taxonomy":"product_tag","embeddable":true,"href":"https:\/\/flakhobby.com\/sr\/wp-json\/wp\/v2\/product_tag?post=13272"}],"curies":[{"name":"wp","href":"https:\/\/api.w.org\/{rel}","templated":true}]}}