{"id":13269,"date":"2022-07-11T22:13:58","date_gmt":"2022-07-11T22:13:58","guid":{"rendered":"https:\/\/flakhobby.com\/?post_type=product&#038;p=13269"},"modified":"2026-03-09T14:17:31","modified_gmt":"2026-03-09T13:17:31","slug":"stap-smirgla-180-320-600-2000","status":"publish","type":"product","link":"https:\/\/flakhobby.com\/sr\/\u043f\u0440\u043e\u0438\u0437\u0432\u043e\u0434\/stap-smirgla-180-320-600-2000\/","title":{"rendered":"\u0160tap \u0161mirgla 180\/320\/600\/2000"},"content":{"rendered":"<p>Mekana \u0161tap \u0161mirgla sa 4 fino\u0107e &#8211; 180\/320\/600\/2000<\/p>","protected":false},"excerpt":{"rendered":"<p>Mekana \u0161tap \u0161mirgla sa 4 fino\u0107e &#8211; 180\/320\/600\/2000<\/p>","protected":false},"featured_media":13270,"template":"","meta":[],"product_brand":[],"product_cat":[358,367],"product_tag":[],"class_list":{"0":"post-13269","1":"product","2":"type-product","3":"status-publish","4":"has-post-thumbnail","6":"product_cat-maketarski-alat-i-pribor","7":"product_cat-rucni-alat-smirgle-konac-za-rigging","8":"pa_brand-ammo","10":"first","11":"instock","12":"shipping-taxable","13":"purchasable","14":"product-type-simple"},"_links":{"self":[{"href":"https:\/\/flakhobby.com\/sr\/wp-json\/wp\/v2\/product\/13269","targetHints":{"allow":["GET"]}}],"collection":[{"href":"https:\/\/flakhobby.com\/sr\/wp-json\/wp\/v2\/product"}],"about":[{"href":"https:\/\/flakhobby.com\/sr\/wp-json\/wp\/v2\/types\/product"}],"version-history":[{"count":2,"href":"https:\/\/flakhobby.com\/sr\/wp-json\/wp\/v2\/product\/13269\/revisions"}],"predecessor-version":[{"id":19851,"href":"https:\/\/flakhobby.com\/sr\/wp-json\/wp\/v2\/product\/13269\/revisions\/19851"}],"wp:featuredmedia":[{"embeddable":true,"href":"https:\/\/flakhobby.com\/sr\/wp-json\/wp\/v2\/media\/13270"}],"wp:attachment":[{"href":"https:\/\/flakhobby.com\/sr\/wp-json\/wp\/v2\/media?parent=13269"}],"wp:term":[{"taxonomy":"product_brand","embeddable":true,"href":"https:\/\/flakhobby.com\/sr\/wp-json\/wp\/v2\/product_brand?post=13269"},{"taxonomy":"product_cat","embeddable":true,"href":"https:\/\/flakhobby.com\/sr\/wp-json\/wp\/v2\/product_cat?post=13269"},{"taxonomy":"product_tag","embeddable":true,"href":"https:\/\/flakhobby.com\/sr\/wp-json\/wp\/v2\/product_tag?post=13269"}],"curies":[{"name":"wp","href":"https:\/\/api.w.org\/{rel}","templated":true}]}}