{"id":13244,"date":"2022-07-11T21:59:40","date_gmt":"2022-07-11T21:59:40","guid":{"rendered":"https:\/\/flakhobby.com\/?post_type=product&#038;p=13244"},"modified":"2025-06-13T12:13:47","modified_gmt":"2025-06-13T12:13:47","slug":"turned-earth-ground","status":"publish","type":"product","link":"https:\/\/flakhobby.com\/sr\/\u043f\u0440\u043e\u0438\u0437\u0432\u043e\u0434\/turned-earth-ground\/","title":{"rendered":"Turned Earth Ground"},"content":{"rendered":"<p>Akrilna tekstura zemlje na vodenoj osnovi. Mo\u017ee da se \u0161mirgla nakon su\u0161enja i razredi vodom ukoliko je potrebno.<\/p>\n<p>Bezmirisna i netoksi\u010dna.<\/p>","protected":false},"excerpt":{"rendered":"<p>Akrilna tekstura za diorame 250mL<\/p>","protected":false},"featured_media":13246,"template":"","meta":[],"product_brand":[],"product_cat":[370,369],"product_tag":[],"class_list":{"0":"post-13244","1":"product","2":"type-product","3":"status-publish","4":"has-post-thumbnail","6":"product_cat-akrilne-teksture-za-diorame","7":"product_cat-diorame","8":"pa_brand-ammo","10":"first","11":"outofstock","12":"shipping-taxable","13":"purchasable","14":"product-type-simple"},"_links":{"self":[{"href":"https:\/\/flakhobby.com\/sr\/wp-json\/wp\/v2\/product\/13244","targetHints":{"allow":["GET"]}}],"collection":[{"href":"https:\/\/flakhobby.com\/sr\/wp-json\/wp\/v2\/product"}],"about":[{"href":"https:\/\/flakhobby.com\/sr\/wp-json\/wp\/v2\/types\/product"}],"version-history":[{"count":1,"href":"https:\/\/flakhobby.com\/sr\/wp-json\/wp\/v2\/product\/13244\/revisions"}],"predecessor-version":[{"id":13247,"href":"https:\/\/flakhobby.com\/sr\/wp-json\/wp\/v2\/product\/13244\/revisions\/13247"}],"wp:featuredmedia":[{"embeddable":true,"href":"https:\/\/flakhobby.com\/sr\/wp-json\/wp\/v2\/media\/13246"}],"wp:attachment":[{"href":"https:\/\/flakhobby.com\/sr\/wp-json\/wp\/v2\/media?parent=13244"}],"wp:term":[{"taxonomy":"product_brand","embeddable":true,"href":"https:\/\/flakhobby.com\/sr\/wp-json\/wp\/v2\/product_brand?post=13244"},{"taxonomy":"product_cat","embeddable":true,"href":"https:\/\/flakhobby.com\/sr\/wp-json\/wp\/v2\/product_cat?post=13244"},{"taxonomy":"product_tag","embeddable":true,"href":"https:\/\/flakhobby.com\/sr\/wp-json\/wp\/v2\/product_tag?post=13244"}],"curies":[{"name":"wp","href":"https:\/\/api.w.org\/{rel}","templated":true}]}}