{"id":12858,"date":"2022-06-13T16:19:21","date_gmt":"2022-06-13T16:19:21","guid":{"rendered":"https:\/\/flakhobby.com\/?post_type=product&#038;p=12858"},"modified":"2026-01-28T13:47:38","modified_gmt":"2026-01-28T12:47:38","slug":"mig-15bis","status":"publish","type":"product","link":"https:\/\/flakhobby.com\/sr\/\u043f\u0440\u043e\u0438\u0437\u0432\u043e\u0434\/mig-15bis\/","title":{"rendered":"MiG-15bis"},"content":{"rendered":"<p>Oznake:<\/p>\n<h6><img decoding=\"async\" title=\"CSK\" src=\"https:\/\/www.scalemates.com\/static\/images\/flags7\/32\/CSK.png\" alt=\"CSK\" width=\"16\" height=\"16\" \/> \u010ceskoslovensk\u00e9 vojensk\u00e9 letectvo (Czechoslovak Air Force 1940-1993)<\/h6>\n<ul>\n<li><strong>15 Stihaci pluk (Fighter Reg.)<\/strong> <span class=\"nw bgd\">3234<\/span> <em>(Kpt. Old\u0159ich Paldus)<\/em><br \/>\n<span class=\"nw bgb\">1957<\/span> &#8211; Cottbus <img decoding=\"async\" title=\"DD\" src=\"https:\/\/www.scalemates.com\/static\/images\/flags7\/32\/DD.png\" alt=\"DD\" width=\"16\" height=\"16\" \/><\/li>\n<\/ul>\n<h6><img decoding=\"async\" title=\"HU\" src=\"https:\/\/www.scalemates.com\/static\/images\/flags7\/32\/HU.png\" alt=\"HU\" width=\"16\" height=\"16\" \/> Magyar N\u00e9phadsereg l\u00e9giereje (Hungarian People&#8217;s Army Air Force 1951-1990)<\/h6>\n<ul class=\"ut\">\n<li class=\"dco\"><strong>1 Sqn., 101 Recon. Reg.<\/strong> <span class=\"nw bgd\">338, c\/n 0320138<\/span><br \/>\n<span class=\"nw bgb\">1972<\/span><\/li>\n<\/ul>\n<h6><img loading=\"lazy\" decoding=\"async\" title=\"KP\" src=\"https:\/\/www.scalemates.com\/static\/images\/flags7\/32\/KP.png\" alt=\"KP\" width=\"16\" height=\"16\" \/> \uc870\uc120\uc778\ubbfc\uad70 \ud56d\uacf5 \ubc0f \ubc18\ud56d\uacf5\uad70 (Korean People&#8217;s Army Air and Anti-Air Force 1946-now)<\/h6>\n<ul class=\"ut\">\n<li class=\"dco\"><strong>518 IAP<\/strong> <span class=\"nw bgd\">1998<\/span> <em>(Mikhail Ivanovich Mikhin)<\/em><br \/>\n<span class=\"nw bgb\">\u0408\u0443\u043b 1952<\/span> Korean War<\/li>\n<\/ul>\n<h6><img loading=\"lazy\" decoding=\"async\" title=\"SU\" src=\"https:\/\/www.scalemates.com\/static\/images\/flags7\/32\/SU.png\" alt=\"SU\" width=\"16\" height=\"16\" \/> \u0412\u043e\u0435\u043d\u043d\u043e-\u0432\u043e\u0437\u0434\u0443\u0448\u043d\u044b\u0435 \u0441\u0438\u043b\u044b \u0421\u0421\u0421\u0420 (Soviet Air Forces 1918-1992)<\/h6>\n<ul class=\"ut\">\n<li class=\"dco\"><strong>ex. 64 IAK<\/strong> <span class=\"nw bgd\">1976 \/ 30<\/span><br \/>\n<span class=\"nw bgb\">1955<\/span><\/li>\n<\/ul>","protected":false},"excerpt":{"rendered":"<p><strong>Sadr\u017ei:<\/strong><\/p>\n<ul>\n<li>Plasti\u010dna maketa &#8211; 1\/72<\/li>\n<li>Maske<\/li>\n<li>Eceraj<\/li>\n<li>Eduard dekali \u2013 4 opcije<\/li>\n<li>Sastavnica u boji<\/li>\n<\/ul>","protected":false},"featured_media":12859,"template":"","meta":[],"product_brand":[],"product_cat":[15,329],"product_tag":[],"class_list":{"0":"post-12858","1":"product","2":"type-product","3":"status-publish","4":"has-post-thumbnail","6":"product_cat-plasticne-makete","7":"product_cat-vojni-avioni-i-helikopteri","8":"pa_brand-eduard","10":"first","11":"instock","12":"shipping-taxable","13":"purchasable","14":"product-type-simple"},"_links":{"self":[{"href":"https:\/\/flakhobby.com\/sr\/wp-json\/wp\/v2\/product\/12858","targetHints":{"allow":["GET"]}}],"collection":[{"href":"https:\/\/flakhobby.com\/sr\/wp-json\/wp\/v2\/product"}],"about":[{"href":"https:\/\/flakhobby.com\/sr\/wp-json\/wp\/v2\/types\/product"}],"version-history":[{"count":2,"href":"https:\/\/flakhobby.com\/sr\/wp-json\/wp\/v2\/product\/12858\/revisions"}],"predecessor-version":[{"id":15860,"href":"https:\/\/flakhobby.com\/sr\/wp-json\/wp\/v2\/product\/12858\/revisions\/15860"}],"wp:featuredmedia":[{"embeddable":true,"href":"https:\/\/flakhobby.com\/sr\/wp-json\/wp\/v2\/media\/12859"}],"wp:attachment":[{"href":"https:\/\/flakhobby.com\/sr\/wp-json\/wp\/v2\/media?parent=12858"}],"wp:term":[{"taxonomy":"product_brand","embeddable":true,"href":"https:\/\/flakhobby.com\/sr\/wp-json\/wp\/v2\/product_brand?post=12858"},{"taxonomy":"product_cat","embeddable":true,"href":"https:\/\/flakhobby.com\/sr\/wp-json\/wp\/v2\/product_cat?post=12858"},{"taxonomy":"product_tag","embeddable":true,"href":"https:\/\/flakhobby.com\/sr\/wp-json\/wp\/v2\/product_tag?post=12858"}],"curies":[{"name":"wp","href":"https:\/\/api.w.org\/{rel}","templated":true}]}}