{"id":12526,"date":"2022-05-31T18:50:35","date_gmt":"2022-05-31T18:50:35","guid":{"rendered":"https:\/\/flakhobby.com\/?post_type=product&#038;p=12526"},"modified":"2022-11-02T12:45:28","modified_gmt":"2022-11-02T12:45:28","slug":"autumn-brown-shrubberies-135-75mm-90mm","status":"publish","type":"product","link":"https:\/\/flakhobby.com\/sr\/\u043f\u0440\u043e\u0438\u0437\u0432\u043e\u0434\/autumn-brown-shrubberies-135-75mm-90mm\/","title":{"rendered":"Autumn Brown Shrubberies 1:35 \/ 75MM \/ 90MM"},"content":{"rendered":"<p>Sinteti\u010dko \u0161iblje sa drvenastom stabljikom se mo\u017ee koristiti za razne diorame.<br \/>\nMo\u017ee se lepiti PVA lepkom.<br \/>\nRaznovrsnost se mo\u017ee posti\u0107i me\u0161anjem \u0161iblja razli\u010ditih boja. Time se posti\u017ee vrlo realisti\u010dan efekat.<\/p>","protected":false},"excerpt":{"rendered":"<p>\u0160iblje sa drvenastom stabljikom &#8211; 1\/35<\/p>","protected":false},"featured_media":12527,"template":"","meta":[],"product_brand":[],"product_cat":[371,369],"product_tag":[],"class_list":{"0":"post-12526","1":"product","2":"type-product","3":"status-publish","4":"has-post-thumbnail","6":"product_cat-travnate-podlogezbunje-lisce","7":"product_cat-diorame","8":"pa_brand-ak-interactive","10":"first","11":"outofstock","12":"shipping-taxable","13":"purchasable","14":"product-type-simple"},"_links":{"self":[{"href":"https:\/\/flakhobby.com\/sr\/wp-json\/wp\/v2\/product\/12526","targetHints":{"allow":["GET"]}}],"collection":[{"href":"https:\/\/flakhobby.com\/sr\/wp-json\/wp\/v2\/product"}],"about":[{"href":"https:\/\/flakhobby.com\/sr\/wp-json\/wp\/v2\/types\/product"}],"version-history":[{"count":1,"href":"https:\/\/flakhobby.com\/sr\/wp-json\/wp\/v2\/product\/12526\/revisions"}],"predecessor-version":[{"id":12529,"href":"https:\/\/flakhobby.com\/sr\/wp-json\/wp\/v2\/product\/12526\/revisions\/12529"}],"wp:featuredmedia":[{"embeddable":true,"href":"https:\/\/flakhobby.com\/sr\/wp-json\/wp\/v2\/media\/12527"}],"wp:attachment":[{"href":"https:\/\/flakhobby.com\/sr\/wp-json\/wp\/v2\/media?parent=12526"}],"wp:term":[{"taxonomy":"product_brand","embeddable":true,"href":"https:\/\/flakhobby.com\/sr\/wp-json\/wp\/v2\/product_brand?post=12526"},{"taxonomy":"product_cat","embeddable":true,"href":"https:\/\/flakhobby.com\/sr\/wp-json\/wp\/v2\/product_cat?post=12526"},{"taxonomy":"product_tag","embeddable":true,"href":"https:\/\/flakhobby.com\/sr\/wp-json\/wp\/v2\/product_tag?post=12526"}],"curies":[{"name":"wp","href":"https:\/\/api.w.org\/{rel}","templated":true}]}}