{"id":12393,"date":"2022-05-31T16:55:09","date_gmt":"2022-05-31T16:55:09","guid":{"rendered":"https:\/\/flakhobby.com\/?post_type=product&#038;p=12393"},"modified":"2022-09-30T21:34:53","modified_gmt":"2022-09-30T21:34:53","slug":"true-metal-brass","status":"publish","type":"product","link":"https:\/\/flakhobby.com\/sr\/\u043f\u0440\u043e\u0438\u0437\u0432\u043e\u0434\/true-metal-brass\/","title":{"rendered":"True Metal &#8211; Brass"},"content":{"rendered":"<p>Metalik boja na bazi voska. Mo\u017ee se naneti prstom, pamu\u010dnom \u010da\u010dkalicom ili \u010detkicom. Vrlo lako se \u010disti bilo kojom vrstom\u00a0<em>cleaner-a.\u00a0<\/em>Nakon \u0161to se osu\u0161i mo\u017ee se ispolirati do vrhunskog sjaja.<br \/>\nMo\u017ee se lakirati posle. Preporu\u010deno je ostaviti da osu\u0161i 48 sati.<\/p>","protected":false},"excerpt":{"rendered":"<p>Metalik boja na bazi voska.<\/p>","protected":false},"featured_media":12394,"template":"","meta":[],"product_brand":[],"product_cat":[339,346],"product_tag":[],"class_list":{"0":"post-12393","1":"product","2":"type-product","3":"status-publish","4":"has-post-thumbnail","6":"product_cat-boje-i-razredivaci","7":"product_cat-true-metal","8":"pa_brand-ak-interactive","10":"first","11":"instock","12":"shipping-taxable","13":"purchasable","14":"product-type-simple"},"_links":{"self":[{"href":"https:\/\/flakhobby.com\/sr\/wp-json\/wp\/v2\/product\/12393","targetHints":{"allow":["GET"]}}],"collection":[{"href":"https:\/\/flakhobby.com\/sr\/wp-json\/wp\/v2\/product"}],"about":[{"href":"https:\/\/flakhobby.com\/sr\/wp-json\/wp\/v2\/types\/product"}],"version-history":[{"count":1,"href":"https:\/\/flakhobby.com\/sr\/wp-json\/wp\/v2\/product\/12393\/revisions"}],"predecessor-version":[{"id":12395,"href":"https:\/\/flakhobby.com\/sr\/wp-json\/wp\/v2\/product\/12393\/revisions\/12395"}],"wp:featuredmedia":[{"embeddable":true,"href":"https:\/\/flakhobby.com\/sr\/wp-json\/wp\/v2\/media\/12394"}],"wp:attachment":[{"href":"https:\/\/flakhobby.com\/sr\/wp-json\/wp\/v2\/media?parent=12393"}],"wp:term":[{"taxonomy":"product_brand","embeddable":true,"href":"https:\/\/flakhobby.com\/sr\/wp-json\/wp\/v2\/product_brand?post=12393"},{"taxonomy":"product_cat","embeddable":true,"href":"https:\/\/flakhobby.com\/sr\/wp-json\/wp\/v2\/product_cat?post=12393"},{"taxonomy":"product_tag","embeddable":true,"href":"https:\/\/flakhobby.com\/sr\/wp-json\/wp\/v2\/product_tag?post=12393"}],"curies":[{"name":"wp","href":"https:\/\/api.w.org\/{rel}","templated":true}]}}