{"id":10458,"date":"2022-04-12T22:44:45","date_gmt":"2022-04-12T22:44:45","guid":{"rendered":"https:\/\/flakhobby.com\/?post_type=product&#038;p=10458"},"modified":"2026-04-06T18:06:47","modified_gmt":"2026-04-06T16:06:47","slug":"tamiya-hobi-nozic","status":"publish","type":"product","link":"https:\/\/flakhobby.com\/sr\/\u043f\u0440\u043e\u0438\u0437\u0432\u043e\u0434\/tamiya-hobi-nozic\/","title":{"rendered":"Tamiya Hobi no\u017ei\u0107"},"content":{"rendered":"<p>Tamiya no\u017ei\u0107 &#8211; 30 zamenskih no\u017ei\u0107a<\/p>","protected":false},"excerpt":{"rendered":"<p>Tamiya no\u017ei\u0107 &#8211; 30 zamenskih no\u017ei\u0107a<\/p>","protected":false},"featured_media":10459,"template":"","meta":[],"product_brand":[],"product_cat":[358,367],"product_tag":[],"class_list":{"0":"post-10458","1":"product","2":"type-product","3":"status-publish","4":"has-post-thumbnail","6":"product_cat-maketarski-alat-i-pribor","7":"product_cat-rucni-alat-smirgle-konac-za-rigging","8":"pa_brand-tamiya","10":"first","11":"instock","12":"shipping-taxable","13":"purchasable","14":"product-type-simple"},"_links":{"self":[{"href":"https:\/\/flakhobby.com\/sr\/wp-json\/wp\/v2\/product\/10458","targetHints":{"allow":["GET"]}}],"collection":[{"href":"https:\/\/flakhobby.com\/sr\/wp-json\/wp\/v2\/product"}],"about":[{"href":"https:\/\/flakhobby.com\/sr\/wp-json\/wp\/v2\/types\/product"}],"version-history":[{"count":1,"href":"https:\/\/flakhobby.com\/sr\/wp-json\/wp\/v2\/product\/10458\/revisions"}],"predecessor-version":[{"id":10461,"href":"https:\/\/flakhobby.com\/sr\/wp-json\/wp\/v2\/product\/10458\/revisions\/10461"}],"wp:featuredmedia":[{"embeddable":true,"href":"https:\/\/flakhobby.com\/sr\/wp-json\/wp\/v2\/media\/10459"}],"wp:attachment":[{"href":"https:\/\/flakhobby.com\/sr\/wp-json\/wp\/v2\/media?parent=10458"}],"wp:term":[{"taxonomy":"product_brand","embeddable":true,"href":"https:\/\/flakhobby.com\/sr\/wp-json\/wp\/v2\/product_brand?post=10458"},{"taxonomy":"product_cat","embeddable":true,"href":"https:\/\/flakhobby.com\/sr\/wp-json\/wp\/v2\/product_cat?post=10458"},{"taxonomy":"product_tag","embeddable":true,"href":"https:\/\/flakhobby.com\/sr\/wp-json\/wp\/v2\/product_tag?post=10458"}],"curies":[{"name":"wp","href":"https:\/\/api.w.org\/{rel}","templated":true}]}}