{"id":10452,"date":"2022-04-12T22:39:32","date_gmt":"2022-04-12T22:39:32","guid":{"rendered":"https:\/\/flakhobby.com\/?post_type=product&#038;p=10452"},"modified":"2026-04-06T18:07:33","modified_gmt":"2026-04-06T16:07:33","slug":"tamiya-extra-thin-cement-quick-setting","status":"publish","type":"product","link":"https:\/\/flakhobby.com\/sr\/\u043f\u0440\u043e\u0438\u0437\u0432\u043e\u0434\/tamiya-extra-thin-cement-quick-setting\/","title":{"rendered":"Tamiya Extra Thin Cement (Quick-Setting)"},"content":{"rendered":"<p>Tamiya brzosu\u0161e\u0107i razre\u0111eni cement<\/p>","protected":false},"excerpt":{"rendered":"<p>Brzosu\u0161e\u0107i razre\u0111eni cement<\/p>","protected":false},"featured_media":10457,"template":"","meta":[],"product_brand":[],"product_cat":[358,359],"product_tag":[],"class_list":{"0":"post-10452","1":"product","2":"type-product","3":"status-publish","4":"has-post-thumbnail","6":"product_cat-maketarski-alat-i-pribor","7":"product_cat-lepkovi","8":"pa_brand-tamiya","10":"first","11":"instock","12":"shipping-taxable","13":"purchasable","14":"product-type-simple"},"_links":{"self":[{"href":"https:\/\/flakhobby.com\/sr\/wp-json\/wp\/v2\/product\/10452","targetHints":{"allow":["GET"]}}],"collection":[{"href":"https:\/\/flakhobby.com\/sr\/wp-json\/wp\/v2\/product"}],"about":[{"href":"https:\/\/flakhobby.com\/sr\/wp-json\/wp\/v2\/types\/product"}],"version-history":[{"count":1,"href":"https:\/\/flakhobby.com\/sr\/wp-json\/wp\/v2\/product\/10452\/revisions"}],"predecessor-version":[{"id":10454,"href":"https:\/\/flakhobby.com\/sr\/wp-json\/wp\/v2\/product\/10452\/revisions\/10454"}],"wp:featuredmedia":[{"embeddable":true,"href":"https:\/\/flakhobby.com\/sr\/wp-json\/wp\/v2\/media\/10457"}],"wp:attachment":[{"href":"https:\/\/flakhobby.com\/sr\/wp-json\/wp\/v2\/media?parent=10452"}],"wp:term":[{"taxonomy":"product_brand","embeddable":true,"href":"https:\/\/flakhobby.com\/sr\/wp-json\/wp\/v2\/product_brand?post=10452"},{"taxonomy":"product_cat","embeddable":true,"href":"https:\/\/flakhobby.com\/sr\/wp-json\/wp\/v2\/product_cat?post=10452"},{"taxonomy":"product_tag","embeddable":true,"href":"https:\/\/flakhobby.com\/sr\/wp-json\/wp\/v2\/product_tag?post=10452"}],"curies":[{"name":"wp","href":"https:\/\/api.w.org\/{rel}","templated":true}]}}