{"id":10443,"date":"2022-04-12T22:28:01","date_gmt":"2022-04-12T22:28:01","guid":{"rendered":"https:\/\/flakhobby.com\/?post_type=product&#038;p=10443"},"modified":"2026-04-06T18:07:21","modified_gmt":"2026-04-06T16:07:21","slug":"tamiya-epoxy-putty-quick-type","status":"publish","type":"product","link":"https:\/\/flakhobby.com\/sr\/\u043f\u0440\u043e\u0438\u0437\u0432\u043e\u0434\/tamiya-epoxy-putty-quick-type\/","title":{"rendered":"Tamiya Epoxy Putty (Quick Type)"},"content":{"rendered":"<p>Dvokomponentni epoksi brzosu\u0161e\u0107i git. Su\u0161i se u toku 5-6 sati na sobnoj temperaturi. 25g.<\/p>","protected":false},"excerpt":{"rendered":"<p>Dvokomponentni epoksi brzosu\u0161e\u0107i git &#8211; 25g<\/p>","protected":false},"featured_media":10444,"template":"","meta":[],"product_brand":[],"product_cat":[361,358],"product_tag":[],"class_list":{"0":"post-10443","1":"product","2":"type-product","3":"status-publish","4":"has-post-thumbnail","6":"product_cat-gitovi","7":"product_cat-maketarski-alat-i-pribor","8":"pa_brand-tamiya","10":"first","11":"instock","12":"shipping-taxable","13":"purchasable","14":"product-type-simple"},"_links":{"self":[{"href":"https:\/\/flakhobby.com\/sr\/wp-json\/wp\/v2\/product\/10443","targetHints":{"allow":["GET"]}}],"collection":[{"href":"https:\/\/flakhobby.com\/sr\/wp-json\/wp\/v2\/product"}],"about":[{"href":"https:\/\/flakhobby.com\/sr\/wp-json\/wp\/v2\/types\/product"}],"version-history":[{"count":1,"href":"https:\/\/flakhobby.com\/sr\/wp-json\/wp\/v2\/product\/10443\/revisions"}],"predecessor-version":[{"id":10445,"href":"https:\/\/flakhobby.com\/sr\/wp-json\/wp\/v2\/product\/10443\/revisions\/10445"}],"wp:featuredmedia":[{"embeddable":true,"href":"https:\/\/flakhobby.com\/sr\/wp-json\/wp\/v2\/media\/10444"}],"wp:attachment":[{"href":"https:\/\/flakhobby.com\/sr\/wp-json\/wp\/v2\/media?parent=10443"}],"wp:term":[{"taxonomy":"product_brand","embeddable":true,"href":"https:\/\/flakhobby.com\/sr\/wp-json\/wp\/v2\/product_brand?post=10443"},{"taxonomy":"product_cat","embeddable":true,"href":"https:\/\/flakhobby.com\/sr\/wp-json\/wp\/v2\/product_cat?post=10443"},{"taxonomy":"product_tag","embeddable":true,"href":"https:\/\/flakhobby.com\/sr\/wp-json\/wp\/v2\/product_tag?post=10443"}],"curies":[{"name":"wp","href":"https:\/\/api.w.org\/{rel}","templated":true}]}}