{"id":10087,"date":"2022-03-31T20:03:33","date_gmt":"2022-03-31T20:03:33","guid":{"rendered":"https:\/\/flakhobby.com\/?post_type=product&#038;p=10087"},"modified":"2024-02-12T16:09:27","modified_gmt":"2024-02-12T16:09:27","slug":"how-to-paint-wwii-american-eto","status":"publish","type":"product","link":"https:\/\/flakhobby.com\/sr\/\u043f\u0440\u043e\u0438\u0437\u0432\u043e\u0434\/how-to-paint-wwii-american-eto\/","title":{"rendered":"How to Paint &#8211; WWII American ETO"},"content":{"rendered":"<p>\u010casopis koji detaljno, korak po korak, opisuje kako obojiti i ostariti makete ameri\u010dkih tenkova koji su slu\u017eili u Evropi za vreme Drugog svetskog rata.<\/p>","protected":false},"excerpt":{"rendered":"<p>\u010casopis na engleskom jeziku &#8211; 62 strane, meki povez<\/p>","protected":false},"featured_media":10088,"template":"","meta":[],"product_brand":[],"product_cat":[374],"product_tag":[],"class_list":{"0":"post-10087","1":"product","2":"type-product","3":"status-publish","4":"has-post-thumbnail","6":"product_cat-knjige-casopisi","7":"pa_brand-ammo","9":"first","10":"outofstock","11":"shipping-taxable","12":"purchasable","13":"product-type-simple"},"_links":{"self":[{"href":"https:\/\/flakhobby.com\/sr\/wp-json\/wp\/v2\/product\/10087","targetHints":{"allow":["GET"]}}],"collection":[{"href":"https:\/\/flakhobby.com\/sr\/wp-json\/wp\/v2\/product"}],"about":[{"href":"https:\/\/flakhobby.com\/sr\/wp-json\/wp\/v2\/types\/product"}],"version-history":[{"count":1,"href":"https:\/\/flakhobby.com\/sr\/wp-json\/wp\/v2\/product\/10087\/revisions"}],"predecessor-version":[{"id":10095,"href":"https:\/\/flakhobby.com\/sr\/wp-json\/wp\/v2\/product\/10087\/revisions\/10095"}],"wp:featuredmedia":[{"embeddable":true,"href":"https:\/\/flakhobby.com\/sr\/wp-json\/wp\/v2\/media\/10088"}],"wp:attachment":[{"href":"https:\/\/flakhobby.com\/sr\/wp-json\/wp\/v2\/media?parent=10087"}],"wp:term":[{"taxonomy":"product_brand","embeddable":true,"href":"https:\/\/flakhobby.com\/sr\/wp-json\/wp\/v2\/product_brand?post=10087"},{"taxonomy":"product_cat","embeddable":true,"href":"https:\/\/flakhobby.com\/sr\/wp-json\/wp\/v2\/product_cat?post=10087"},{"taxonomy":"product_tag","embeddable":true,"href":"https:\/\/flakhobby.com\/sr\/wp-json\/wp\/v2\/product_tag?post=10087"}],"curies":[{"name":"wp","href":"https:\/\/api.w.org\/{rel}","templated":true}]}}